{"id":4797,"date":"2022-06-06T15:12:34","date_gmt":"2022-06-06T15:12:34","guid":{"rendered":"https:\/\/www.sopost.com\/?page_id=4797"},"modified":"2023-02-23T14:09:40","modified_gmt":"2023-02-23T14:09:40","slug":"solutions","status":"publish","type":"page","link":"https:\/\/sopost.com\/fr\/solutions\/","title":{"rendered":"Nos solutions | SoPost"},"content":{"rendered":"\n<div style=\"background:#e8edf0\">\n\n\n\n<div class=\"bcontainer\">\n\n\n\n<div class=\"brow\">\n\n\n\n<div class=\"wp-block-group col-lg-12 col-12\"><div class=\"wp-block-group__inner-container is-layout-flow wp-block-group-is-layout-flow\">\n<div style=\"height:100px\" aria-hidden=\"true\" class=\"wp-block-spacer\"><\/div>\n\n\n\n<p class=\"has-text-align-center title page-top-subtext\">Lancez-vous avec SoPost<\/p>\n\n\n\n<h1 class=\"has-text-align-center title wp-block-heading\">Nos solutions<\/h1>\n\n\n\n<p class=\"has-text-align-center\">Bien pens\u00e9, l&rsquo;\u00e9chantillonnage de produits est le moyen id\u00e9al d&rsquo;atteindre les consommateurs, de stimuler les ventes, <br class=\"d-none d-lg-block\">de recueillir des donn\u00e9es, de renforcer la notori\u00e9t\u00e9 d&rsquo;une marque et de g\u00e9n\u00e9rer des avis et des commentaires.<\/p>\n\n\n\n<a class=\"pri-cta mt-4 mx-auto\" href=\"\/fr\/book-a-meeting\/\">Parlons d&rsquo;\u00e9chantillonnage<\/a>\n\n\n\n<div style=\"height:100px\" aria-hidden=\"true\" class=\"wp-block-spacer\"><\/div>\n<\/div><\/div>\n\n\n\n<\/div>\n\n\n\n<\/div>\n\n\n\n<\/div>\n\n\n\n<div class=\"wp-block-group mt-5\"><div class=\"wp-block-group__inner-container is-layout-flow wp-block-group-is-layout-flow\">\n<div style=\"height:50px\" aria-hidden=\"true\" class=\"wp-block-spacer\"><\/div>\n\n\n\n<div class=\"bcontainer\">\n\n\n\n<div class=\"brow d-flex justify-content-start align-items-center\">\n\n\n\n<div class=\"wp-block-group solutions-card-wrap col-lg-6 col-12 pr-lg-5 pl-lg-0 pr-0 pl-0 mt-lg-0 mt-5\"><div class=\"wp-block-group__inner-container is-layout-flow wp-block-group-is-layout-flow\">\n<div class=\"wp-block-group solutions-card-wrap p-5 outline-border text-lg-left text-center\"><div class=\"wp-block-group__inner-container is-layout-flow wp-block-group-is-layout-flow\">\n<figure class=\"wp-block-image size-full is-resized\"><img loading=\"lazy\" decoding=\"async\" src=\"https:\/\/www.sopost.com\/wp-content\/uploads\/2022\/09\/reviews.png\" alt=\"\" class=\"wp-image-3970\" width=\"84\" height=\"105\" srcset=\"https:\/\/sopost.com\/wp-content\/uploads\/2022\/09\/reviews.png 336w, https:\/\/sopost.com\/wp-content\/uploads\/2022\/09\/reviews-240x300.png 240w\" sizes=\"auto, (max-width: 84px) 100vw, 84px\" \/><\/figure>\n\n\n\n<h2 class=\"title wp-block-heading\"><a href=\"\/solutions\/rating-review-generation\/\" style=\"font-size:24px;\">Collecte d&rsquo;\u00e9valuations et d&rsquo;avis<\/a><\/h2>\n\n\n\n<p>Collectez des avis authentiques et percutants de la part des consommateurs et diffusez-les sur votre site et aupr\u00e8s de vos distributeurs.<\/p>\n\n\n\n<a class=\"mt-4 sec-cta\" href=\"\/fr\/solutions\/rating-review-generation\/\">Collecte d&rsquo;\u00e9valuations et d&rsquo;avis<\/a>\n<\/div><\/div>\n<\/div><\/div>\n\n\n\n<div class=\"wp-block-group solutions-card-wrap text-lg-left text-center mt-5 mt-lg-0 col-lg-6 col-12 pr-lg-5 pl-lg-0 pr-0 pl-0\"><div class=\"wp-block-group__inner-container is-layout-flow wp-block-group-is-layout-flow\">\n<div class=\"wp-block-group solutions-card-wrap p-5 outline-border\"><div class=\"wp-block-group__inner-container is-layout-flow wp-block-group-is-layout-flow\">\n<figure class=\"wp-block-image size-full is-resized\"><img loading=\"lazy\" decoding=\"async\" src=\"https:\/\/www.sopost.com\/wp-content\/uploads\/2022\/09\/lifecycles.png\" alt=\"\" class=\"wp-image-3973\" width=\"60\" height=\"105\" srcset=\"https:\/\/sopost.com\/wp-content\/uploads\/2022\/09\/lifecycles.png 240w, https:\/\/sopost.com\/wp-content\/uploads\/2022\/09\/lifecycles-171x300.png 171w\" sizes=\"auto, (max-width: 60px) 100vw, 60px\" \/><\/figure>\n\n\n\n<h2 class=\"title wp-block-heading\"><a href=\"\/solutions\/targeted-product-sampling\/\" style=\"font-size:24px;\">\u00c9chantillonnage cibl\u00e9 de produits<\/a><\/h2>\n\n\n\n<p>L&rsquo;\u00e9chantillonnage cibl\u00e9 est un outil cl\u00e9 pour piloter votre strat\u00e9gie marketing globale, accro\u00eetre la notori\u00e9t\u00e9 de votre marque, d\u00e9velopper vos audiences et booster vos ventes.<\/p>\n\n\n\n<a class=\"mt-4 sec-cta\" href=\"\/fr\/solutions\/targeted-product-sampling\/\">\u00c9chantillonnage cibl\u00e9 de produits<\/a>\n<\/div><\/div>\n<\/div><\/div>\n\n\n\n<\/div>\n\n\n\n<\/div>\n<\/div><\/div>\n\n\n\n<div class=\"wp-block-group mt-lg-5 mt-0\"><div class=\"wp-block-group__inner-container is-layout-flow wp-block-group-is-layout-flow\">\n<div class=\"bcontainer\">\n\n\n\n<div class=\"brow d-flex justify-content-start align-items-center\">\n\n\n\n<div class=\"wp-block-group solutions-card-wrap text-lg-left text-center col-lg-6 col-12 pr-lg-5 pl-lg-0 pr-0 pl-0 mt-lg-0 mt-5\"><div class=\"wp-block-group__inner-container is-layout-flow wp-block-group-is-layout-flow\">\n<div class=\"wp-block-group solutions-card-wrap p-5 outline-border\"><div class=\"wp-block-group__inner-container is-layout-flow wp-block-group-is-layout-flow\">\n<figure class=\"wp-block-image size-full is-resized\"><img loading=\"lazy\" decoding=\"async\" src=\"https:\/\/www.sopost.com\/wp-content\/uploads\/2022\/09\/buildcrm.png\" alt=\"\" class=\"wp-image-3977\" width=\"82\" height=\"105\" srcset=\"https:\/\/sopost.com\/wp-content\/uploads\/2022\/09\/buildcrm.png 328w, https:\/\/sopost.com\/wp-content\/uploads\/2022\/09\/buildcrm-234x300.png 234w\" sizes=\"auto, (max-width: 82px) 100vw, 82px\" \/><\/figure>\n\n\n\n<h2 class=\"title wp-block-heading\"><a href=\"\/solutions\/consumer-acquisition-enrichment\/\" style=\"font-size:24px;\">Acquisition et enrichissement des donn\u00e9es CRM<\/a><\/h2>\n\n\n\n<p>D\u00e9veloppez votre audience avec des taux d&rsquo;opt-in moyens de plus de 50 %, et enrichissez vos profils clients avec des donn\u00e9es z\u00e9ro-party.<\/p>\n\n\n\n<a class=\"mt-4 sec-cta\" href=\"\/fr\/solutions\/consumer-acquisition-enrichment\/\">Acquisition et enrichissement des donn\u00e9es CRM<\/a>\n<\/div><\/div>\n<\/div><\/div>\n\n\n\n<div class=\"wp-block-group solutions-card-wrap text-lg-left text-center mt-5 mt-lg-0 col-lg-6 col-12 pr-lg-5 pl-lg-0 pr-0 pl-0\"><div class=\"wp-block-group__inner-container is-layout-flow wp-block-group-is-layout-flow\">\n<div class=\"wp-block-group solutions-card-wrap p-5 outline-border\"><div class=\"wp-block-group__inner-container is-layout-flow wp-block-group-is-layout-flow\">\n<figure class=\"wp-block-image size-full is-resized\"><img loading=\"lazy\" decoding=\"async\" src=\"https:\/\/www.sopost.com\/wp-content\/uploads\/2022\/09\/launches.png\" alt=\"\" class=\"wp-image-3980\" width=\"58\" height=\"105\" srcset=\"https:\/\/sopost.com\/wp-content\/uploads\/2022\/09\/launches.png 230w, https:\/\/sopost.com\/wp-content\/uploads\/2022\/09\/launches-164x300.png 164w\" sizes=\"auto, (max-width: 58px) 100vw, 58px\" \/><\/figure>\n\n\n\n<h2 class=\"title wp-block-heading\"><a href=\"\/fr\/solutions\/new-product-market-launches\/\" style=\"font-size:24px;\">Lancement de produits et de march\u00e9s<\/a><\/h2>\n\n\n\n<p>L&rsquo;\u00e9chantillonnage de produits donne \u00e0 vos prospects la possibilit\u00e9 d&rsquo;essayer avant d&rsquo;acheter. Les campagnes d&rsquo;\u00e9chantillonnage offrent aux marques un nouveau canal de vente.<\/p>\n\n\n\n<a class=\"mt-4 sec-cta\" href=\"\/fr\/solutions\/new-product-market-launches\/\">Lancement de produits et de march\u00e9s<\/a>\n<\/div><\/div>\n<\/div><\/div>\n\n\n\n<\/div>\n\n\n\n<\/div>\n<\/div><\/div>\n\n\n\n<div class=\"wp-block-group mt-5\"><div class=\"wp-block-group__inner-container is-layout-flow wp-block-group-is-layout-flow\">\n<p><\/p>\n\n\n\n<div class=\"bcontainer\">\n\n\n\n<div class=\"brow d-flex justify-content-start align-items-center\">\n\n\n\n<div class=\"wp-block-group solutions-card-wrap text-lg-left text-center col-lg-6 col-12 pr-lg-5 pl-lg-0 pr-0 pl-0\"><div class=\"wp-block-group__inner-container is-layout-flow wp-block-group-is-layout-flow\">\n<div class=\"wp-block-group solutions-card-wrap p-5 outline-border\"><div class=\"wp-block-group__inner-container is-layout-flow wp-block-group-is-layout-flow\">\n<figure class=\"wp-block-image size-full is-resized\"><img loading=\"lazy\" decoding=\"async\" src=\"https:\/\/www.sopost.com\/wp-content\/uploads\/2022\/09\/uplift.png\" alt=\"\" class=\"wp-image-3983\" width=\"70\" height=\"105\" srcset=\"https:\/\/sopost.com\/wp-content\/uploads\/2022\/09\/uplift.png 278w, https:\/\/sopost.com\/wp-content\/uploads\/2022\/09\/uplift-199x300.png 199w\" sizes=\"auto, (max-width: 70px) 100vw, 70px\" \/><\/figure>\n\n\n\n<h2 class=\"title wp-block-heading\"><a style=\"font-size:24px;\" href=\"\/solutions\/increase-sales-through-sampling\/\">Boost des ventes<\/a><\/h2>\n\n\n\n<p>L&rsquo;exp\u00e9rience de chaque consommateur peut influencer la d\u00e9cision d&rsquo;achat de ses pairs. Amplifiez l&rsquo;effet de bouche \u00e0 oreille gr\u00e2ce \u00e0 la technologie SoPost.<\/p>\n\n\n\n<a class=\"mt-4 sec-cta\" href=\"\/fr\/solutions\/increase-sales-through-sampling\/\">Boost des ventes<\/a>\n<\/div><\/div>\n<\/div><\/div>\n\n\n\n<div class=\"wp-block-group solutions-card-wrap col-lg-6 col-12 pr-lg-5 pl-lg-0 pr-0 pl-0 mt-lg-0 mt-5\"><div class=\"wp-block-group__inner-container is-layout-flow wp-block-group-is-layout-flow\">\n<div class=\"wp-block-group solutions-card-wrap text-xl-left text-center outline-border\"><div class=\"wp-block-group__inner-container is-layout-flow wp-block-group-is-layout-flow\">\n<div class=\"wp-block-group solutions-conv-card d-xl-flex d-block justify-content-start align-items-center px-5 py-5 has-background\" style=\"background-color:#231f20\"><div class=\"wp-block-group__inner-container is-layout-flow wp-block-group-is-layout-flow\">\n<h4 class=\"mb-0 has-white-color has-text-color wp-block-heading\"><span style=\"font-weight:bold;font-size: 1.5rem;\">Nous avons aid\u00e9 plus de 350 marques<\/span><br>\u00e0 optimiser leurs op\u00e9rations marketing<br>Que pouvons-nous faire pour vous ?<\/h4>\n<\/div><\/div>\n\n\n\n<div class=\"wp-block-group px-5 pb-5 pt-5\"><div class=\"wp-block-group__inner-container is-layout-flow wp-block-group-is-layout-flow\">\n<a class=\"pri-cta\" href=\"\/fr\/book-a-meeting\/\">Parlons d&rsquo;\u00e9chantillonnage<\/a>\n<\/div><\/div>\n<\/div><\/div>\n<\/div><\/div>\n\n\n\n<\/div>\n\n\n\n<\/div>\n<\/div><\/div>\n\n\n\n<div style=\"height:40px\" aria-hidden=\"true\" class=\"wp-block-spacer\"><\/div>\n\n\n\n<div class=\"\" style=\"background:#e8edf0\">\n\n\n\n<div class=\"mt-5\" style=\"background:#e8edf0\">\n\n\n\n<div class=\"wp-block-group bcontainer py-5\"><div class=\"wp-block-group__inner-container is-layout-flow wp-block-group-is-layout-flow\">\n<div class=\"wp-block-columns are-vertically-aligned-center brow mt-5 px-2 is-layout-flex wp-container-core-columns-is-layout-9d6595d7 wp-block-columns-is-layout-flex\">\n<div class=\"wp-block-column is-vertically-aligned-center is-layout-flow wp-block-column-is-layout-flow\">\n<h1 class=\"text-center page-top-subtext mb-0\"><span style=\"color:#0066ff;font-size:16px;line-height:22px;\">Parlez \u00e0 un expert<\/span><\/h1>\n\n\n\n<h2 class=\"has-text-align-center title\" style=\"font-size:48px\">Prenez rendez-vous avec nous<\/h2>\n\n\n\n<p class=\"text-center\">Nous avons aid\u00e9 plus de 350 marques \u00e0 optimiser leurs op\u00e9rations de marketing.<\/p>\n\n\n\n<a href=\"\/fr\/book-a-meeting\/\" class=\"pri-cta mt-4 mx-auto\">Prenez rendez-vous avec nous<\/a>\n<\/div>\n<\/div>\n<\/div><\/div>\n\n\n\n<\/div>\n\n\n\n<\/div>\n\n\n\n<div style=\"background:#fff\"><\/div>\n\n\n\n<div style=\"height:1px\" aria-hidden=\"true\" class=\"wp-block-spacer\"><\/div>\n\n\n\n<div style=\"height:50px\" aria-hidden=\"true\" class=\"wp-block-spacer\"><\/div>\n","protected":false},"excerpt":{"rendered":"<p>Lancez-vous avec SoPost Nos solutions Bien pens\u00e9, l&rsquo;\u00e9chantillonnage de produits est le moyen id\u00e9al d&rsquo;atteindre les consommateurs, de stimuler les ventes, de recueillir des donn\u00e9es, de renforcer la notori\u00e9t\u00e9 d&rsquo;une marque et de g\u00e9n\u00e9rer des avis et des commentaires. Parlons d&rsquo;\u00e9chantillonnage Collecte d&rsquo;\u00e9valuations et d&rsquo;avis Collectez des avis authentiques et percutants de la part des<\/p>\n","protected":false},"author":13,"featured_media":10113,"parent":0,"menu_order":0,"comment_status":"closed","ping_status":"closed","template":"page-templates\/blank.php","meta":{"_acf_changed":false,"_eb_attr":"","inline_featured_image":false,"_uag_custom_page_level_css":"","footnotes":""},"class_list":["post-4797","page","type-page","status-publish","has-post-thumbnail","hentry"],"acf":[],"yoast_head":"<!-- This site is optimized with the Yoast SEO plugin v26.9 - https:\/\/yoast.com\/product\/yoast-seo-wordpress\/ -->\n<title>Nos solutions | SoPost<\/title>\n<meta name=\"description\" content=\"Bien pens\u00e9, l&#039;\u00e9chantillonnage de produits est le moyen id\u00e9al d&#039;atteindre les consommateurs, de stimuler les ventes, de recueillir des donn\u00e9es, de renforcer la notori\u00e9t\u00e9 d&#039;une marque et de g\u00e9n\u00e9rer des avis et des commentaires.\" \/>\n<meta name=\"robots\" content=\"index, follow, max-snippet:-1, max-image-preview:large, max-video-preview:-1\" \/>\n<link rel=\"canonical\" href=\"https:\/\/sopost.com\/fr\/solutions\/\" \/>\n<meta property=\"og:locale\" content=\"fr_FR\" \/>\n<meta property=\"og:type\" content=\"article\" \/>\n<meta property=\"og:title\" content=\"Nos solutions | SoPost\" \/>\n<meta property=\"og:description\" content=\"Bien pens\u00e9, l&#039;\u00e9chantillonnage de produits est le moyen id\u00e9al d&#039;atteindre les consommateurs, de stimuler les ventes, de recueillir des donn\u00e9es, de renforcer la notori\u00e9t\u00e9 d&#039;une marque et de g\u00e9n\u00e9rer des avis et des commentaires.\" \/>\n<meta property=\"og:url\" content=\"https:\/\/sopost.com\/fr\/solutions\/\" \/>\n<meta property=\"og:site_name\" content=\"SoPost\" \/>\n<meta property=\"article:modified_time\" content=\"2023-02-23T14:09:40+00:00\" \/>\n<meta property=\"og:image\" content=\"https:\/\/sopost.com\/wp-content\/uploads\/2023\/08\/og-solutions.jpg\" \/>\n\t<meta property=\"og:image:width\" content=\"1200\" \/>\n\t<meta property=\"og:image:height\" content=\"627\" \/>\n\t<meta property=\"og:image:type\" content=\"image\/jpeg\" \/>\n<meta name=\"twitter:card\" content=\"summary_large_image\" \/>\n<meta name=\"twitter:label1\" content=\"Est. reading time\" \/>\n\t<meta name=\"twitter:data1\" content=\"2 minutes\" \/>\n<script type=\"application\/ld+json\" class=\"yoast-schema-graph\">{\"@context\":\"https:\/\/schema.org\",\"@graph\":[{\"@type\":\"WebPage\",\"@id\":\"https:\/\/sopost.com\/fr\/solutions\/\",\"url\":\"https:\/\/sopost.com\/fr\/solutions\/\",\"name\":\"Nos solutions | SoPost\",\"isPartOf\":{\"@id\":\"https:\/\/sopost.com\/#website\"},\"primaryImageOfPage\":{\"@id\":\"https:\/\/sopost.com\/fr\/solutions\/#primaryimage\"},\"image\":{\"@id\":\"https:\/\/sopost.com\/fr\/solutions\/#primaryimage\"},\"thumbnailUrl\":\"https:\/\/sopost.com\/wp-content\/uploads\/2023\/08\/og-solutions.jpg\",\"datePublished\":\"2022-06-06T15:12:34+00:00\",\"dateModified\":\"2023-02-23T14:09:40+00:00\",\"description\":\"Bien pens\u00e9, l'\u00e9chantillonnage de produits est le moyen id\u00e9al d'atteindre les consommateurs, de stimuler les ventes, de recueillir des donn\u00e9es, de renforcer la notori\u00e9t\u00e9 d'une marque et de g\u00e9n\u00e9rer des avis et des commentaires.\",\"breadcrumb\":{\"@id\":\"https:\/\/sopost.com\/fr\/solutions\/#breadcrumb\"},\"inLanguage\":\"fr-FR\",\"potentialAction\":[{\"@type\":\"ReadAction\",\"target\":[\"https:\/\/sopost.com\/fr\/solutions\/\"]}]},{\"@type\":\"ImageObject\",\"inLanguage\":\"fr-FR\",\"@id\":\"https:\/\/sopost.com\/fr\/solutions\/#primaryimage\",\"url\":\"https:\/\/sopost.com\/wp-content\/uploads\/2023\/08\/og-solutions.jpg\",\"contentUrl\":\"https:\/\/sopost.com\/wp-content\/uploads\/2023\/08\/og-solutions.jpg\",\"width\":1200,\"height\":627},{\"@type\":\"BreadcrumbList\",\"@id\":\"https:\/\/sopost.com\/fr\/solutions\/#breadcrumb\",\"itemListElement\":[{\"@type\":\"ListItem\",\"position\":1,\"name\":\"Home\",\"item\":\"https:\/\/sopost.com\/fr\/\"},{\"@type\":\"ListItem\",\"position\":2,\"name\":\"Nos solutions | SoPost\"}]},{\"@type\":\"WebSite\",\"@id\":\"https:\/\/sopost.com\/#website\",\"url\":\"https:\/\/sopost.com\/\",\"name\":\"SoPost\",\"description\":\"\",\"potentialAction\":[{\"@type\":\"SearchAction\",\"target\":{\"@type\":\"EntryPoint\",\"urlTemplate\":\"https:\/\/sopost.com\/?s={search_term_string}\"},\"query-input\":{\"@type\":\"PropertyValueSpecification\",\"valueRequired\":true,\"valueName\":\"search_term_string\"}}],\"inLanguage\":\"fr-FR\"}]}<\/script>\n<!-- \/ Yoast SEO plugin. -->","yoast_head_json":{"title":"Nos solutions | SoPost","description":"Bien pens\u00e9, l'\u00e9chantillonnage de produits est le moyen id\u00e9al d'atteindre les consommateurs, de stimuler les ventes, de recueillir des donn\u00e9es, de renforcer la notori\u00e9t\u00e9 d'une marque et de g\u00e9n\u00e9rer des avis et des commentaires.","robots":{"index":"index","follow":"follow","max-snippet":"max-snippet:-1","max-image-preview":"max-image-preview:large","max-video-preview":"max-video-preview:-1"},"canonical":"https:\/\/sopost.com\/fr\/solutions\/","og_locale":"fr_FR","og_type":"article","og_title":"Nos solutions | SoPost","og_description":"Bien pens\u00e9, l'\u00e9chantillonnage de produits est le moyen id\u00e9al d'atteindre les consommateurs, de stimuler les ventes, de recueillir des donn\u00e9es, de renforcer la notori\u00e9t\u00e9 d'une marque et de g\u00e9n\u00e9rer des avis et des commentaires.","og_url":"https:\/\/sopost.com\/fr\/solutions\/","og_site_name":"SoPost","article_modified_time":"2023-02-23T14:09:40+00:00","og_image":[{"width":1200,"height":627,"url":"https:\/\/sopost.com\/wp-content\/uploads\/2023\/08\/og-solutions.jpg","type":"image\/jpeg"}],"twitter_card":"summary_large_image","twitter_misc":{"Est. reading time":"2 minutes"},"schema":{"@context":"https:\/\/schema.org","@graph":[{"@type":"WebPage","@id":"https:\/\/sopost.com\/fr\/solutions\/","url":"https:\/\/sopost.com\/fr\/solutions\/","name":"Nos solutions | SoPost","isPartOf":{"@id":"https:\/\/sopost.com\/#website"},"primaryImageOfPage":{"@id":"https:\/\/sopost.com\/fr\/solutions\/#primaryimage"},"image":{"@id":"https:\/\/sopost.com\/fr\/solutions\/#primaryimage"},"thumbnailUrl":"https:\/\/sopost.com\/wp-content\/uploads\/2023\/08\/og-solutions.jpg","datePublished":"2022-06-06T15:12:34+00:00","dateModified":"2023-02-23T14:09:40+00:00","description":"Bien pens\u00e9, l'\u00e9chantillonnage de produits est le moyen id\u00e9al d'atteindre les consommateurs, de stimuler les ventes, de recueillir des donn\u00e9es, de renforcer la notori\u00e9t\u00e9 d'une marque et de g\u00e9n\u00e9rer des avis et des commentaires.","breadcrumb":{"@id":"https:\/\/sopost.com\/fr\/solutions\/#breadcrumb"},"inLanguage":"fr-FR","potentialAction":[{"@type":"ReadAction","target":["https:\/\/sopost.com\/fr\/solutions\/"]}]},{"@type":"ImageObject","inLanguage":"fr-FR","@id":"https:\/\/sopost.com\/fr\/solutions\/#primaryimage","url":"https:\/\/sopost.com\/wp-content\/uploads\/2023\/08\/og-solutions.jpg","contentUrl":"https:\/\/sopost.com\/wp-content\/uploads\/2023\/08\/og-solutions.jpg","width":1200,"height":627},{"@type":"BreadcrumbList","@id":"https:\/\/sopost.com\/fr\/solutions\/#breadcrumb","itemListElement":[{"@type":"ListItem","position":1,"name":"Home","item":"https:\/\/sopost.com\/fr\/"},{"@type":"ListItem","position":2,"name":"Nos solutions | SoPost"}]},{"@type":"WebSite","@id":"https:\/\/sopost.com\/#website","url":"https:\/\/sopost.com\/","name":"SoPost","description":"","potentialAction":[{"@type":"SearchAction","target":{"@type":"EntryPoint","urlTemplate":"https:\/\/sopost.com\/?s={search_term_string}"},"query-input":{"@type":"PropertyValueSpecification","valueRequired":true,"valueName":"search_term_string"}}],"inLanguage":"fr-FR"}]}},"uagb_featured_image_src":{"full":["https:\/\/sopost.com\/wp-content\/uploads\/2023\/08\/og-solutions.jpg",1200,627,false],"thumbnail":["https:\/\/sopost.com\/wp-content\/uploads\/2023\/08\/og-solutions-150x150.jpg",150,150,true],"medium":["https:\/\/sopost.com\/wp-content\/uploads\/2023\/08\/og-solutions-300x157.jpg",300,157,true],"medium_large":["https:\/\/sopost.com\/wp-content\/uploads\/2023\/08\/og-solutions-768x401.jpg",640,334,true],"large":["https:\/\/sopost.com\/wp-content\/uploads\/2023\/08\/og-solutions-1024x535.jpg",640,334,true],"1536x1536":["https:\/\/sopost.com\/wp-content\/uploads\/2023\/08\/og-solutions.jpg",1200,627,false],"2048x2048":["https:\/\/sopost.com\/wp-content\/uploads\/2023\/08\/og-solutions.jpg",1200,627,false]},"uagb_author_info":{"display_name":"Scott Hewitson","author_link":"https:\/\/sopost.com\/fr\/blog\/author\/shewitson\/"},"uagb_comment_info":0,"uagb_excerpt":"Lancez-vous avec SoPost Nos solutions Bien pens\u00e9, l&rsquo;\u00e9chantillonnage de produits est le moyen id\u00e9al d&rsquo;atteindre les consommateurs, de stimuler les ventes, de recueillir des donn\u00e9es, de renforcer la notori\u00e9t\u00e9 d&rsquo;une marque et de g\u00e9n\u00e9rer des avis et des commentaires. Parlons d&rsquo;\u00e9chantillonnage Collecte d&rsquo;\u00e9valuations et d&rsquo;avis Collectez des avis authentiques et percutants de la part des","_links":{"self":[{"href":"https:\/\/sopost.com\/fr\/wp-json\/wp\/v2\/pages\/4797","targetHints":{"allow":["GET"]}}],"collection":[{"href":"https:\/\/sopost.com\/fr\/wp-json\/wp\/v2\/pages"}],"about":[{"href":"https:\/\/sopost.com\/fr\/wp-json\/wp\/v2\/types\/page"}],"author":[{"embeddable":true,"href":"https:\/\/sopost.com\/fr\/wp-json\/wp\/v2\/users\/13"}],"replies":[{"embeddable":true,"href":"https:\/\/sopost.com\/fr\/wp-json\/wp\/v2\/comments?post=4797"}],"version-history":[{"count":17,"href":"https:\/\/sopost.com\/fr\/wp-json\/wp\/v2\/pages\/4797\/revisions"}],"predecessor-version":[{"id":5604,"href":"https:\/\/sopost.com\/fr\/wp-json\/wp\/v2\/pages\/4797\/revisions\/5604"}],"wp:featuredmedia":[{"embeddable":true,"href":"https:\/\/sopost.com\/fr\/wp-json\/wp\/v2\/media\/10113"}],"wp:attachment":[{"href":"https:\/\/sopost.com\/fr\/wp-json\/wp\/v2\/media?parent=4797"}],"curies":[{"name":"wp","href":"https:\/\/api.w.org\/{rel}","templated":true}]}}