{"id":4806,"date":"2022-06-06T14:53:33","date_gmt":"2022-06-06T14:53:33","guid":{"rendered":"https:\/\/www.sopost.com\/?page_id=4806"},"modified":"2023-02-23T13:26:43","modified_gmt":"2023-02-23T13:26:43","slug":"echantillonnage-de-produits-cible","status":"publish","type":"page","link":"https:\/\/sopost.com\/fr\/solutions\/echantillonnage-de-produits-cible\/","title":{"rendered":"<strong>\u00c9chantillonnage cibl\u00e9 de produits<\/strong> | SoPost"},"content":{"rendered":"\n<div style=\"background:#e8edf0\">\n\n\n\n<div class=\"bcontainer\">\n\n\n\n<div class=\"brow\">\n\n\n\n<div class=\"wp-block-group col-lg-12 col-12\"><div class=\"wp-block-group__inner-container is-layout-flow wp-block-group-is-layout-flow\">\n<div style=\"height:100px\" aria-hidden=\"true\" class=\"wp-block-spacer\"><\/div>\n\n\n<div class=\"wp-block-image\">\n<figure class=\"aligncenter size-full is-resized\"><img loading=\"lazy\" decoding=\"async\" src=\"https:\/\/www.sopost.com\/wp-content\/uploads\/2022\/08\/lifecycles.png\" alt=\"\" class=\"wp-image-2556\" width=\"105\" height=\"105\" srcset=\"https:\/\/sopost.com\/wp-content\/uploads\/2022\/08\/lifecycles.png 420w, https:\/\/sopost.com\/wp-content\/uploads\/2022\/08\/lifecycles-300x300.png 300w, https:\/\/sopost.com\/wp-content\/uploads\/2022\/08\/lifecycles-150x150.png 150w\" sizes=\"auto, (max-width: 105px) 100vw, 105px\" \/><\/figure>\n<\/div>\n\n\n<p class=\"has-text-align-center title page-top-subtext mt-4\">ADRESSEZ-VOUS AUX BONS CONSOMMATEURS<\/p>\n\n\n\n<h1 class=\"has-text-align-center title mt-3 wp-block-heading\">\u00c9chantillonnage cibl\u00e9 de produits<\/h1>\n\n\n\n<p class=\"has-text-align-center mt-4\">L&rsquo;\u00e9chantillonnage cibl\u00e9 est un outil essentiel pour piloter votre strat\u00e9gie marketing globale, <br class=\"d-none d-lg-block\">g\u00e9n\u00e9rer des ventes, accro\u00eetre la notori\u00e9t\u00e9 de votre marque et d\u00e9velopper votre audience.<\/p>\n\n\n\n<a class=\"pri-cta mx-auto mt-4\" href=\"\/fr\/book-a-meeting\">Parlons d&rsquo;\u00e9chantillonnage<\/a>\n\n\n\n<div style=\"height:100px\" aria-hidden=\"true\" class=\"wp-block-spacer\"><\/div>\n<\/div><\/div>\n\n\n\n<\/div>\n\n\n\n<\/div>\n\n\n\n<\/div>\n\n\n\n<div class=\"bcontainer\">\n\n\n\n<div style=\"height:100px\" aria-hidden=\"true\" class=\"wp-block-spacer\"><\/div>\n\n\n\n<div class=\"brow d-flex justify-content-start align-items-center\">\n\n\n\n<div class=\"wp-block-group col-lg-6 col-12\"><div class=\"wp-block-group__inner-container is-layout-flow wp-block-group-is-layout-flow\">\n<div class=\"wp-block-accordion-toggle-accordion-toggle\"><div class=\"eb-parent-wrapper eb-parent-eb-accordion-7ozgdmv \"><div class=\"eb-accordion-container eb-accordion-7ozgdmv\" data-accordion-type=\"accordion\" data-tab-icon=\"fas fa-plus\" data-expanded-icon=\"fas fa-angle-up\"><div class=\"eb-accordion-inner\">\n<div class=\"eb-accordion-item-6ct98d7 eb-accordion-wrapper\" data-clickable=\"false\"><div class=\"eb-accordion-title-wrapper\"><span class=\"eb-accordion-icon-wrapper\"><span class=\"fas fa-plus eb-accordion-icon\"><\/span><\/span><h3 class=\"eb-accordion-title\">Cr\u00e9er du lien avec les consommateurs qui vous correspondent<\/h3><\/div><div class=\"eb-accordion-content-wrapper\"><div class=\"eb-accordion-content\">\n<p>Notre plateforme transforme l&rsquo;\u00e9chantillonnage de produits en un dispositif rentable pour un marketing cibl\u00e9.<\/p>\n\n\n\n<p class=\"mt-3\">Le plus important est de s&rsquo;assurer que vos \u00e9chantillons parviennent aux bonnes personnes, notre filtrage intelligent des commandes s&rsquo;en charge.<\/p>\n<\/div><\/div><\/div>\n\n\n\n<div class=\"eb-accordion-item-vwjtnks eb-accordion-wrapper\" data-clickable=\"false\"><div class=\"eb-accordion-title-wrapper\"><span class=\"eb-accordion-icon-wrapper\"><span class=\"fas fa-plus eb-accordion-icon\"><\/span><\/span><h3 class=\"eb-accordion-title\">Des exp\u00e9riences de marque, l\u00e0 o\u00f9 se trouve votre audience<\/h3><\/div><div class=\"eb-accordion-content-wrapper\"><div class=\"eb-accordion-content\">\n<p>L&rsquo;exp\u00e9rience SoPost ravit les consommateurs \u00e0 chaque point de contact, qu&rsquo;il soit int\u00e9gr\u00e9 \u00e0 vos achats m\u00e9dia, vos partenariats influenceurs, \u00e9diteurs et e-retailers ou votre propre \u00e9cosyst\u00e8me digital de marque.<\/p>\n<\/div><\/div><\/div>\n\n\n\n<div class=\"eb-accordion-item-lbehei4 eb-accordion-wrapper\" data-clickable=\"false\"><div class=\"eb-accordion-title-wrapper\"><span class=\"eb-accordion-icon-wrapper\"><span class=\"fas fa-plus eb-accordion-icon\"><\/span><\/span><h3 class=\"eb-accordion-title\">Un retour sur investissement in\u00e9gal\u00e9<\/h3><\/div><div class=\"eb-accordion-content-wrapper\"><div class=\"eb-accordion-content\">\n<p>Vos \u00e9chantillons sont plus efficaces avec SoPost. Nous avons enregistr\u00e9 des taux d&rsquo;opt-in de plus de 50 %, un retour sur investissement multipli\u00e9 par 8,2 et 41 % de gaspillage en moins.<\/p>\n<\/div><\/div><\/div>\n<\/div><\/div><\/div><\/div>\n<\/div><\/div>\n\n\n\n<div class=\"wp-block-group col-lg-6 col-12 d-none d-lg-block\"><div class=\"wp-block-group__inner-container is-layout-flow wp-block-group-is-layout-flow\"><div class=\"wp-block-image\">\n<figure class=\"aligncenter size-full is-resized\"><img loading=\"lazy\" decoding=\"async\" src=\"https:\/\/www.sopost.com\/wp-content\/uploads\/2023\/01\/targetedproductsampling-img1.png\" alt=\"\" class=\"wp-image-5096\" width=\"405\" height=\"489\" srcset=\"https:\/\/sopost.com\/wp-content\/uploads\/2023\/01\/targetedproductsampling-img1.png 540w, https:\/\/sopost.com\/wp-content\/uploads\/2023\/01\/targetedproductsampling-img1-248x300.png 248w\" sizes=\"auto, (max-width: 405px) 100vw, 405px\" \/><\/figure>\n<\/div><\/div><\/div>\n\n\n\n<\/div>\n\n\n\n<\/div>\n\n\n\n<div style=\"height:100px\" aria-hidden=\"true\" class=\"wp-block-spacer\"><\/div>\n\n\n\n<div class=\"wp-block-group\"><div class=\"wp-block-group__inner-container is-layout-flow wp-block-group-is-layout-flow\">\n<div class=\"bcontainer\">\n\n\n\n<div class=\"brow\">\n\n\n\n<div class=\"wp-block-group col-lg-7 col-12 p-5 has-background\" style=\"background-color:#231f20\"><div class=\"wp-block-group__inner-container is-layout-flow wp-block-group-is-layout-flow\">\n<h3 class=\"text-white mb-0\">Nous avons aid\u00e9 plus de 350 marques \u00e0 optimiser leurs op\u00e9rations de marketing. Que pouvons-nous faire pour vous ?<\/h3>\n<\/div><\/div>\n\n\n\n<div class=\"wp-block-group col-lg-5 col-12 p-5 dark-border d-flex justify-content-center align-items-center\"><div class=\"wp-block-group__inner-container is-layout-flow wp-block-group-is-layout-flow\">\n<a class=\"pri-cta mx-auto d-block\" href=\"\/fr\/book-a-meeting\">Parlons d&rsquo;\u00e9chantillonnage<\/a>\n\n\n\n<\/div>\n\n\n\n<\/div>\n<\/div><\/div>\n<\/div><\/div>\n\n\n\n<div style=\"height:100px\" aria-hidden=\"true\" class=\"wp-block-spacer\"><\/div>\n\n\n\n<div style=\"background:#F5F7F9\">\n\n\n\n<div class=\"bcontainer\">\n\n\n\n<div style=\"height:100px\" aria-hidden=\"true\" class=\"wp-block-spacer\"><\/div>\n\n\n\n<div class=\"brow d-flex justify-content-start align-items-center\">\n\n\n\n<div class=\"wp-block-group text-lg-left text-center col-lg-5 col-12 order-2 order-lg-1 mt-5 mt-lg-0\"><div class=\"wp-block-group__inner-container is-layout-flow wp-block-group-is-layout-flow\">\n<h3 class=\"title wp-block-heading\" style=\"font-size:33px\">Adressez-vous \u00e0 la bonne audience<\/h3>\n\n\n\n<p>Avec SoPost, l&rsquo;\u00e9chantillonnage s&rsquo;int\u00e8gre \u00e0 vos strat\u00e9gies marketing globales.<\/p>\n\n\n\n<p class=\"mt-3\">Peu importe o\u00f9 se trouve votre audience, nos exp\u00e9riences sont toujours parfaitement fluides.<\/p>\n\n\n\n<p class=\"mt-3\">Nous travaillons avec vous pour \u00e9chantillonner \u00e0 travers vos canaux existants et nous pouvons \u00e9galement vous conseiller sur la cr\u00e9ation de nouvelles campagnes d&rsquo;acquisition.<\/p>\n\n\n\n<a class=\"sec-cta mt-4\" href=\"\/fr\/book-a-meeting\">Discutons ensemble de l&rsquo;\u00e9chantillonnage cibl\u00e9 de produits<\/a>\n<\/div><\/div>\n\n\n\n<div class=\"wp-block-group col-lg-6 col-12 order-1 offset-lg-1 offset-0\"><div class=\"wp-block-group__inner-container is-layout-flow wp-block-group-is-layout-flow\"><div class=\"wp-block-image\">\n<figure class=\"aligncenter size-large is-resized\"><img loading=\"lazy\" decoding=\"async\" src=\"https:\/\/www.sopost.com\/wp-content\/uploads\/2022\/08\/reachaudience-1024x506.png\" alt=\"\" class=\"wp-image-2442\" width=\"512\" height=\"253\" srcset=\"https:\/\/sopost.com\/wp-content\/uploads\/2022\/08\/reachaudience-1024x506.png 1024w, https:\/\/sopost.com\/wp-content\/uploads\/2022\/08\/reachaudience-300x148.png 300w, https:\/\/sopost.com\/wp-content\/uploads\/2022\/08\/reachaudience-768x379.png 768w, https:\/\/sopost.com\/wp-content\/uploads\/2022\/08\/reachaudience.png 1294w\" sizes=\"auto, (max-width: 512px) 100vw, 512px\" \/><\/figure>\n<\/div><\/div><\/div>\n\n\n\n<\/div>\n\n\n\n<div style=\"height:100px\" aria-hidden=\"true\" class=\"wp-block-spacer\"><\/div>\n\n\n\n<\/div>\n\n\n\n<\/div>\n\n\n\n<div style=\"background:#fff\">\n\n\n\n<div class=\"bcontainer\">\n\n\n\n<div style=\"height:100px\" aria-hidden=\"true\" class=\"wp-block-spacer\"><\/div>\n\n\n\n<div class=\"brow d-flex justify-content-start align-items-center\">\n\n\n\n<div class=\"wp-block-group col-lg-6 col-12\"><div class=\"wp-block-group__inner-container is-layout-flow wp-block-group-is-layout-flow\"><div class=\"wp-block-image\">\n<figure class=\"aligncenter size-full is-resized\"><img loading=\"lazy\" decoding=\"async\" src=\"https:\/\/www.sopost.com\/wp-content\/uploads\/2023\/01\/targetedproductsampling-img3-1.png\" alt=\"\" class=\"wp-image-5141\" width=\"417\" height=\"407\" srcset=\"https:\/\/sopost.com\/wp-content\/uploads\/2023\/01\/targetedproductsampling-img3-1.png 556w, https:\/\/sopost.com\/wp-content\/uploads\/2023\/01\/targetedproductsampling-img3-1-300x292.png 300w\" sizes=\"auto, (max-width: 417px) 100vw, 417px\" \/><\/figure>\n<\/div><\/div><\/div>\n\n\n\n<div class=\"wp-block-group text-lg-left text-center col-lg-5 col-12 mt-5 mt-lg-0\"><div class=\"wp-block-group__inner-container is-layout-flow wp-block-group-is-layout-flow\">\n<h3 class=\"title wp-block-heading\" style=\"font-size:33px\">La puissance de l&rsquo;\u00e9chantillonnage en ligne<\/h3>\n\n\n\n<h4 class=\"title mt-4 wp-block-heading\"><strong>\u00c9viter le gaspillage de produits<\/strong><\/h4>\n\n\n\n<p>L&rsquo;\u00e9chantillonnage cibl\u00e9, associ\u00e9 \u00e0 nos syst\u00e8mes uniques de filtrage intelligent des commandes, permet d&rsquo;obtenir des engagements de qualit\u00e9, en veillant \u00e0 ce que vos \u00e9chantillons ne soient pas gaspill\u00e9s aupr\u00e8s des mauvaises personnes.<\/p>\n\n\n\n<h4 class=\"title mt-4 wp-block-heading\"><strong>Garder un lien avec les clients filtr\u00e9s<\/strong><\/h4>\n\n\n\n<p>Les consommateurs qui ne sont pas \u00e9ligibles pour tester vos produits peuvent tout de m\u00eame recevoir une remise, une promotion ou m\u00eame un article alternatif.<\/p>\n\n\n\n<h4 class=\"title mt-4 wp-block-heading\"><strong>Une exp\u00e9rience fluide<\/strong><\/h4>\n\n\n\n<p>Nos parcours clients sont optimis\u00e9s et interconnect\u00e9s, ils \u00e9vitent les points de blocage et les occasions manqu\u00e9es avec les clients potentiels.<\/p>\n\n\n\n<h4 class=\"title mt-4 wp-block-heading\"><strong><strong>Des donn\u00e9es et des analyses transparentes<\/strong><\/strong><\/h4>\n\n\n\n<p>SoPost s&rsquo;assure que vos donn\u00e9es et vos analyses sont au premier plan de vos campagnes.<\/p>\n<\/div><\/div>\n\n\n\n<\/div>\n\n\n\n<div style=\"height:100px\" aria-hidden=\"true\" class=\"wp-block-spacer\"><\/div>\n\n\n\n<\/div>\n\n\n\n<\/div>\n\n\n\n<div style=\"background:#F5F7F9\">\n\n\n\n<div class=\"bcontainer\">\n\n\n\n<div style=\"height:100px\" aria-hidden=\"true\" class=\"wp-block-spacer\"><\/div>\n\n\n\n<div class=\"brow d-flex justify-content-start align-items-center\">\n\n\n\n<div class=\"wp-block-group text-lg-left text-center col-lg-5 col-12 pr-lg-5 pr-0 mt-5 mt-lg-0 order-2 order-lg-1\"><div class=\"wp-block-group__inner-container is-layout-flow wp-block-group-is-layout-flow\">\n<h3 class=\"title wp-block-heading\" style=\"font-size:33px\">Filtrage intelligent des commandes<\/h3>\n\n\n\n<p>Notre algorithme propri\u00e9taire d&rsquo;apprentissage automatique exploite des milliards de points de donn\u00e9es sur des dizaines de millions de profils uniques pour analyser les commandes en temps r\u00e9el.<\/p>\n\n\n\n<p class=\"mt-3\">Cela vous permet de personnaliser chaque exp\u00e9rience, en \u00e9liminant les consommateurs \u00e0 faible valeur ajout\u00e9e et en r\u00e9duisant le gaspillage de plus de 41 %.<\/p>\n\n\n\n<a class=\"sec-cta mt-4\" href=\"\/fr\/book-a-meeting\">Discutons ensemble de l&rsquo;\u00e9chantillonnage cibl\u00e9 de produits<\/a>\n<\/div><\/div>\n\n\n\n<div class=\"wp-block-group col-lg-6 col-12 order-1 offset-lg-1 offset-0\"><div class=\"wp-block-group__inner-container is-layout-flow wp-block-group-is-layout-flow\"><div class=\"wp-block-image\">\n<figure class=\"aligncenter size-full is-resized\"><img loading=\"lazy\" decoding=\"async\" src=\"https:\/\/www.sopost.com\/wp-content\/uploads\/2023\/01\/targetedproductsampling-img4-1.png\" alt=\"\" class=\"wp-image-5134\" width=\"784\" height=\"474\" srcset=\"https:\/\/sopost.com\/wp-content\/uploads\/2023\/01\/targetedproductsampling-img4-1.png 1568w, https:\/\/sopost.com\/wp-content\/uploads\/2023\/01\/targetedproductsampling-img4-1-300x181.png 300w, https:\/\/sopost.com\/wp-content\/uploads\/2023\/01\/targetedproductsampling-img4-1-1024x619.png 1024w, https:\/\/sopost.com\/wp-content\/uploads\/2023\/01\/targetedproductsampling-img4-1-768x464.png 768w, https:\/\/sopost.com\/wp-content\/uploads\/2023\/01\/targetedproductsampling-img4-1-1536x929.png 1536w\" sizes=\"auto, (max-width: 784px) 100vw, 784px\" \/><\/figure>\n<\/div><\/div><\/div>\n\n\n\n<\/div>\n\n\n\n<div style=\"height:100px\" aria-hidden=\"true\" class=\"wp-block-spacer\"><\/div>\n\n\n\n<\/div>\n\n\n\n<\/div>\n\n\n\n<div style=\"background:#fff\">\n<div class=\"bcontainer\">\n<div class=\"brow\">\n\n\n\n<div class=\"wp-block-group col-lg-6 col-12\"><div class=\"wp-block-group__inner-container is-layout-flow wp-block-group-is-layout-flow\"><\/div><\/div>\n\n\n\n<div class=\"wp-block-group col-lg-6 col-12\"><div class=\"wp-block-group__inner-container is-layout-flow wp-block-group-is-layout-flow\"><\/div><\/div>\n\n\n\n<\/div>\n<\/div>\n<\/div>\n\n\n\n<div style=\"height:100px\" aria-hidden=\"true\" class=\"wp-block-spacer\"><\/div>\n\n\n\n<div class=\"\" style=\"background:#e8edf0\">\n\n\n\n<div class=\"mt-5\" style=\"background:#e8edf0\">\n\n\n\n<div class=\"wp-block-group bcontainer py-5\"><div class=\"wp-block-group__inner-container is-layout-flow wp-block-group-is-layout-flow\">\n<div class=\"wp-block-columns are-vertically-aligned-center brow mt-5 px-2 is-layout-flex wp-container-core-columns-is-layout-9d6595d7 wp-block-columns-is-layout-flex\">\n<div class=\"wp-block-column is-vertically-aligned-center is-layout-flow wp-block-column-is-layout-flow\">\n<h1 class=\"text-center page-top-subtext mb-0\"><span style=\"color:#0066ff;font-size:16px;line-height:22px;\">Parlez \u00e0 un expert<\/span><\/h1>\n\n\n\n<h2 class=\"has-text-align-center title\" style=\"font-size:48px\">Prenez rendez-vous avec nous<\/h2>\n\n\n\n<p class=\"text-center\">Nous avons aid\u00e9 plus de 350 marques \u00e0 optimiser leurs op\u00e9rations de marketing.<\/p>\n\n\n\n<a href=\"\/fr\/book-a-meeting\/\" class=\"pri-cta mt-4 mx-auto\">Prenez rendez-vous avec nous<\/a>\n<\/div>\n<\/div>\n<\/div><\/div>\n\n\n\n<\/div>\n\n\n\n<\/div>\n\n\n\n<div style=\"background:#fff;\"><\/div>\n\n\n\n<div style=\"height:50px\" aria-hidden=\"true\" class=\"wp-block-spacer\"><\/div>\n","protected":false},"excerpt":{"rendered":"<p>ADRESSEZ-VOUS AUX BONS CONSOMMATEURS \u00c9chantillonnage cibl\u00e9 de produits L&rsquo;\u00e9chantillonnage cibl\u00e9 est un outil essentiel pour piloter votre strat\u00e9gie marketing globale, g\u00e9n\u00e9rer des ventes, accro\u00eetre la notori\u00e9t\u00e9 de votre marque et d\u00e9velopper votre audience. Parlons d&rsquo;\u00e9chantillonnage Nous avons aid\u00e9 plus de 350 marques \u00e0 optimiser leurs op\u00e9rations de marketing. Que pouvons-nous faire pour vous ? Parlons<\/p>\n","protected":false},"author":13,"featured_media":10120,"parent":4797,"menu_order":0,"comment_status":"closed","ping_status":"closed","template":"page-templates\/blank.php","meta":{"_acf_changed":false,"_eb_attr":"","inline_featured_image":false,"_uag_custom_page_level_css":"","footnotes":""},"class_list":["post-4806","page","type-page","status-publish","has-post-thumbnail","hentry"],"acf":[],"yoast_head":"<!-- This site is optimized with the Yoast SEO plugin v26.9 - https:\/\/yoast.com\/product\/yoast-seo-wordpress\/ -->\n<title>\u00c9chantillonnage cibl\u00e9 de produits | SoPost<\/title>\n<meta name=\"description\" content=\"L&#039;\u00e9chantillonnage cibl\u00e9 est un outil essentiel pour piloter votre strat\u00e9gie marketing globale, g\u00e9n\u00e9rer des ventes, accro\u00eetre la notori\u00e9t\u00e9 de votre marque et d\u00e9velopper votre audience.\" \/>\n<meta name=\"robots\" content=\"index, follow, max-snippet:-1, max-image-preview:large, max-video-preview:-1\" \/>\n<link rel=\"canonical\" href=\"https:\/\/sopost.com\/fr\/solutions\/echantillonnage-de-produits-cible\/\" \/>\n<meta property=\"og:locale\" content=\"fr_FR\" \/>\n<meta property=\"og:type\" content=\"article\" \/>\n<meta property=\"og:title\" content=\"\u00c9chantillonnage cibl\u00e9 de produits | SoPost\" \/>\n<meta property=\"og:description\" content=\"L&#039;\u00e9chantillonnage cibl\u00e9 est un outil essentiel pour piloter votre strat\u00e9gie marketing globale, g\u00e9n\u00e9rer des ventes, accro\u00eetre la notori\u00e9t\u00e9 de votre marque et d\u00e9velopper votre audience.\" \/>\n<meta property=\"og:url\" content=\"https:\/\/sopost.com\/fr\/solutions\/echantillonnage-de-produits-cible\/\" \/>\n<meta property=\"og:site_name\" content=\"SoPost\" \/>\n<meta property=\"article:modified_time\" content=\"2023-02-23T13:26:43+00:00\" \/>\n<meta property=\"og:image\" content=\"https:\/\/sopost.com\/wp-content\/uploads\/2023\/08\/og-targeted.jpg\" \/>\n\t<meta property=\"og:image:width\" content=\"1200\" \/>\n\t<meta property=\"og:image:height\" content=\"627\" \/>\n\t<meta property=\"og:image:type\" content=\"image\/jpeg\" \/>\n<meta name=\"twitter:card\" content=\"summary_large_image\" \/>\n<meta name=\"twitter:label1\" content=\"Est. reading time\" \/>\n\t<meta name=\"twitter:data1\" content=\"3 minutes\" \/>\n<script type=\"application\/ld+json\" class=\"yoast-schema-graph\">{\"@context\":\"https:\/\/schema.org\",\"@graph\":[{\"@type\":\"WebPage\",\"@id\":\"https:\/\/sopost.com\/fr\/solutions\/echantillonnage-de-produits-cible\/\",\"url\":\"https:\/\/sopost.com\/fr\/solutions\/echantillonnage-de-produits-cible\/\",\"name\":\"\u00c9chantillonnage cibl\u00e9 de produits | SoPost\",\"isPartOf\":{\"@id\":\"https:\/\/sopost.com\/#website\"},\"primaryImageOfPage\":{\"@id\":\"https:\/\/sopost.com\/fr\/solutions\/echantillonnage-de-produits-cible\/#primaryimage\"},\"image\":{\"@id\":\"https:\/\/sopost.com\/fr\/solutions\/echantillonnage-de-produits-cible\/#primaryimage\"},\"thumbnailUrl\":\"https:\/\/sopost.com\/wp-content\/uploads\/2023\/08\/og-targeted.jpg\",\"datePublished\":\"2022-06-06T14:53:33+00:00\",\"dateModified\":\"2023-02-23T13:26:43+00:00\",\"description\":\"L'\u00e9chantillonnage cibl\u00e9 est un outil essentiel pour piloter votre strat\u00e9gie marketing globale, g\u00e9n\u00e9rer des ventes, accro\u00eetre la notori\u00e9t\u00e9 de votre marque et d\u00e9velopper votre audience.\",\"breadcrumb\":{\"@id\":\"https:\/\/sopost.com\/fr\/solutions\/echantillonnage-de-produits-cible\/#breadcrumb\"},\"inLanguage\":\"fr-FR\",\"potentialAction\":[{\"@type\":\"ReadAction\",\"target\":[\"https:\/\/sopost.com\/fr\/solutions\/echantillonnage-de-produits-cible\/\"]}]},{\"@type\":\"ImageObject\",\"inLanguage\":\"fr-FR\",\"@id\":\"https:\/\/sopost.com\/fr\/solutions\/echantillonnage-de-produits-cible\/#primaryimage\",\"url\":\"https:\/\/sopost.com\/wp-content\/uploads\/2023\/08\/og-targeted.jpg\",\"contentUrl\":\"https:\/\/sopost.com\/wp-content\/uploads\/2023\/08\/og-targeted.jpg\",\"width\":1200,\"height\":627},{\"@type\":\"BreadcrumbList\",\"@id\":\"https:\/\/sopost.com\/fr\/solutions\/echantillonnage-de-produits-cible\/#breadcrumb\",\"itemListElement\":[{\"@type\":\"ListItem\",\"position\":1,\"name\":\"Home\",\"item\":\"https:\/\/sopost.com\/fr\/\"},{\"@type\":\"ListItem\",\"position\":2,\"name\":\"Nos solutions | SoPost\",\"item\":\"https:\/\/sopost.com\/fr\/solutions\/\"},{\"@type\":\"ListItem\",\"position\":3,\"name\":\"\u00c9chantillonnage cibl\u00e9 de produits | SoPost\"}]},{\"@type\":\"WebSite\",\"@id\":\"https:\/\/sopost.com\/#website\",\"url\":\"https:\/\/sopost.com\/\",\"name\":\"SoPost\",\"description\":\"\",\"potentialAction\":[{\"@type\":\"SearchAction\",\"target\":{\"@type\":\"EntryPoint\",\"urlTemplate\":\"https:\/\/sopost.com\/?s={search_term_string}\"},\"query-input\":{\"@type\":\"PropertyValueSpecification\",\"valueRequired\":true,\"valueName\":\"search_term_string\"}}],\"inLanguage\":\"fr-FR\"}]}<\/script>\n<!-- \/ Yoast SEO plugin. -->","yoast_head_json":{"title":"\u00c9chantillonnage cibl\u00e9 de produits | SoPost","description":"L'\u00e9chantillonnage cibl\u00e9 est un outil essentiel pour piloter votre strat\u00e9gie marketing globale, g\u00e9n\u00e9rer des ventes, accro\u00eetre la notori\u00e9t\u00e9 de votre marque et d\u00e9velopper votre audience.","robots":{"index":"index","follow":"follow","max-snippet":"max-snippet:-1","max-image-preview":"max-image-preview:large","max-video-preview":"max-video-preview:-1"},"canonical":"https:\/\/sopost.com\/fr\/solutions\/echantillonnage-de-produits-cible\/","og_locale":"fr_FR","og_type":"article","og_title":"\u00c9chantillonnage cibl\u00e9 de produits | SoPost","og_description":"L'\u00e9chantillonnage cibl\u00e9 est un outil essentiel pour piloter votre strat\u00e9gie marketing globale, g\u00e9n\u00e9rer des ventes, accro\u00eetre la notori\u00e9t\u00e9 de votre marque et d\u00e9velopper votre audience.","og_url":"https:\/\/sopost.com\/fr\/solutions\/echantillonnage-de-produits-cible\/","og_site_name":"SoPost","article_modified_time":"2023-02-23T13:26:43+00:00","og_image":[{"width":1200,"height":627,"url":"https:\/\/sopost.com\/wp-content\/uploads\/2023\/08\/og-targeted.jpg","type":"image\/jpeg"}],"twitter_card":"summary_large_image","twitter_misc":{"Est. reading time":"3 minutes"},"schema":{"@context":"https:\/\/schema.org","@graph":[{"@type":"WebPage","@id":"https:\/\/sopost.com\/fr\/solutions\/echantillonnage-de-produits-cible\/","url":"https:\/\/sopost.com\/fr\/solutions\/echantillonnage-de-produits-cible\/","name":"\u00c9chantillonnage cibl\u00e9 de produits | SoPost","isPartOf":{"@id":"https:\/\/sopost.com\/#website"},"primaryImageOfPage":{"@id":"https:\/\/sopost.com\/fr\/solutions\/echantillonnage-de-produits-cible\/#primaryimage"},"image":{"@id":"https:\/\/sopost.com\/fr\/solutions\/echantillonnage-de-produits-cible\/#primaryimage"},"thumbnailUrl":"https:\/\/sopost.com\/wp-content\/uploads\/2023\/08\/og-targeted.jpg","datePublished":"2022-06-06T14:53:33+00:00","dateModified":"2023-02-23T13:26:43+00:00","description":"L'\u00e9chantillonnage cibl\u00e9 est un outil essentiel pour piloter votre strat\u00e9gie marketing globale, g\u00e9n\u00e9rer des ventes, accro\u00eetre la notori\u00e9t\u00e9 de votre marque et d\u00e9velopper votre audience.","breadcrumb":{"@id":"https:\/\/sopost.com\/fr\/solutions\/echantillonnage-de-produits-cible\/#breadcrumb"},"inLanguage":"fr-FR","potentialAction":[{"@type":"ReadAction","target":["https:\/\/sopost.com\/fr\/solutions\/echantillonnage-de-produits-cible\/"]}]},{"@type":"ImageObject","inLanguage":"fr-FR","@id":"https:\/\/sopost.com\/fr\/solutions\/echantillonnage-de-produits-cible\/#primaryimage","url":"https:\/\/sopost.com\/wp-content\/uploads\/2023\/08\/og-targeted.jpg","contentUrl":"https:\/\/sopost.com\/wp-content\/uploads\/2023\/08\/og-targeted.jpg","width":1200,"height":627},{"@type":"BreadcrumbList","@id":"https:\/\/sopost.com\/fr\/solutions\/echantillonnage-de-produits-cible\/#breadcrumb","itemListElement":[{"@type":"ListItem","position":1,"name":"Home","item":"https:\/\/sopost.com\/fr\/"},{"@type":"ListItem","position":2,"name":"Nos solutions | SoPost","item":"https:\/\/sopost.com\/fr\/solutions\/"},{"@type":"ListItem","position":3,"name":"\u00c9chantillonnage cibl\u00e9 de produits | SoPost"}]},{"@type":"WebSite","@id":"https:\/\/sopost.com\/#website","url":"https:\/\/sopost.com\/","name":"SoPost","description":"","potentialAction":[{"@type":"SearchAction","target":{"@type":"EntryPoint","urlTemplate":"https:\/\/sopost.com\/?s={search_term_string}"},"query-input":{"@type":"PropertyValueSpecification","valueRequired":true,"valueName":"search_term_string"}}],"inLanguage":"fr-FR"}]}},"uagb_featured_image_src":{"full":["https:\/\/sopost.com\/wp-content\/uploads\/2023\/08\/og-targeted.jpg",1200,627,false],"thumbnail":["https:\/\/sopost.com\/wp-content\/uploads\/2023\/08\/og-targeted-150x150.jpg",150,150,true],"medium":["https:\/\/sopost.com\/wp-content\/uploads\/2023\/08\/og-targeted-300x157.jpg",300,157,true],"medium_large":["https:\/\/sopost.com\/wp-content\/uploads\/2023\/08\/og-targeted-768x401.jpg",640,334,true],"large":["https:\/\/sopost.com\/wp-content\/uploads\/2023\/08\/og-targeted-1024x535.jpg",640,334,true],"1536x1536":["https:\/\/sopost.com\/wp-content\/uploads\/2023\/08\/og-targeted.jpg",1200,627,false],"2048x2048":["https:\/\/sopost.com\/wp-content\/uploads\/2023\/08\/og-targeted.jpg",1200,627,false]},"uagb_author_info":{"display_name":"Scott Hewitson","author_link":"https:\/\/sopost.com\/fr\/blog\/author\/shewitson\/"},"uagb_comment_info":0,"uagb_excerpt":"ADRESSEZ-VOUS AUX BONS CONSOMMATEURS \u00c9chantillonnage cibl\u00e9 de produits L&rsquo;\u00e9chantillonnage cibl\u00e9 est un outil essentiel pour piloter votre strat\u00e9gie marketing globale, g\u00e9n\u00e9rer des ventes, accro\u00eetre la notori\u00e9t\u00e9 de votre marque et d\u00e9velopper votre audience. Parlons d&rsquo;\u00e9chantillonnage Nous avons aid\u00e9 plus de 350 marques \u00e0 optimiser leurs op\u00e9rations de marketing. Que pouvons-nous faire pour vous ? Parlons","_links":{"self":[{"href":"https:\/\/sopost.com\/fr\/wp-json\/wp\/v2\/pages\/4806","targetHints":{"allow":["GET"]}}],"collection":[{"href":"https:\/\/sopost.com\/fr\/wp-json\/wp\/v2\/pages"}],"about":[{"href":"https:\/\/sopost.com\/fr\/wp-json\/wp\/v2\/types\/page"}],"author":[{"embeddable":true,"href":"https:\/\/sopost.com\/fr\/wp-json\/wp\/v2\/users\/13"}],"replies":[{"embeddable":true,"href":"https:\/\/sopost.com\/fr\/wp-json\/wp\/v2\/comments?post=4806"}],"version-history":[{"count":10,"href":"https:\/\/sopost.com\/fr\/wp-json\/wp\/v2\/pages\/4806\/revisions"}],"predecessor-version":[{"id":5608,"href":"https:\/\/sopost.com\/fr\/wp-json\/wp\/v2\/pages\/4806\/revisions\/5608"}],"up":[{"embeddable":true,"href":"https:\/\/sopost.com\/fr\/wp-json\/wp\/v2\/pages\/4797"}],"wp:featuredmedia":[{"embeddable":true,"href":"https:\/\/sopost.com\/fr\/wp-json\/wp\/v2\/media\/10120"}],"wp:attachment":[{"href":"https:\/\/sopost.com\/fr\/wp-json\/wp\/v2\/media?parent=4806"}],"curies":[{"name":"wp","href":"https:\/\/api.w.org\/{rel}","templated":true}]}}