{"id":4810,"date":"2022-06-06T14:54:29","date_gmt":"2022-06-06T14:54:29","guid":{"rendered":"https:\/\/www.sopost.com\/?page_id=4810"},"modified":"2023-02-23T13:29:06","modified_gmt":"2023-02-23T13:29:06","slug":"acquisition-enrichissement","status":"publish","type":"page","link":"https:\/\/sopost.com\/fr\/solutions\/acquisition-enrichissement\/","title":{"rendered":"Acquisition et enrichissement des donn\u00e9es CRM | SoPost"},"content":{"rendered":"\n<div style=\"background:#e8edf0\">\n\n\n\n<div class=\"bcontainer\">\n\n\n\n<div class=\"brow\">\n\n\n\n<div class=\"wp-block-group col-lg-12 col-12\"><div class=\"wp-block-group__inner-container is-layout-flow wp-block-group-is-layout-flow\">\n<div style=\"height:100px\" aria-hidden=\"true\" class=\"wp-block-spacer\"><\/div>\n\n\n<div class=\"wp-block-image\">\n<figure class=\"aligncenter size-full is-resized\"><img loading=\"lazy\" decoding=\"async\" src=\"https:\/\/www.sopost.com\/wp-content\/uploads\/2022\/08\/buildcrm.png\" alt=\"\" class=\"wp-image-2553\" width=\"105\" height=\"105\" srcset=\"https:\/\/sopost.com\/wp-content\/uploads\/2022\/08\/buildcrm.png 420w, https:\/\/sopost.com\/wp-content\/uploads\/2022\/08\/buildcrm-300x300.png 300w, https:\/\/sopost.com\/wp-content\/uploads\/2022\/08\/buildcrm-150x150.png 150w\" sizes=\"auto, (max-width: 105px) 100vw, 105px\" \/><\/figure>\n<\/div>\n\n\n<p class=\"has-text-align-center title mt-4 page-top-subtext\">D\u00c9VELOPPEZ VOTRE AUDIENCE<\/p>\n\n\n\n<h1 class=\"has-text-align-center title mt-3 wp-block-heading\">Acquisition et enrichissement des donn\u00e9es CRM<\/h1>\n\n\n\n<p class=\"has-text-align-center mt-4\">L&rsquo;\u00e9chantillonnage de produits est un moyen puissant pour collecter des donn\u00e9es qualitatives. Capturez de nouveaux opt-in CRM et valorisez les profils existants.<\/p>\n\n\n\n<a class=\"pri-cta mx-auto mt-4\" href=\"\/fr\/book-a-meeting\">Parlons d&rsquo;\u00e9chantillonnage<\/a>\n\n\n\n<div style=\"height:100px\" aria-hidden=\"true\" class=\"wp-block-spacer\"><\/div>\n<\/div><\/div>\n\n\n\n<\/div>\n\n\n\n<\/div>\n\n\n\n<\/div>\n\n\n\n<div class=\"bcontainer\">\n\n\n\n<div style=\"height:100px\" aria-hidden=\"true\" class=\"wp-block-spacer\"><\/div>\n\n\n\n<div class=\"brow d-flex justify-content-start align-items-center\">\n\n\n\n<div class=\"wp-block-group col-lg-6 col-12\"><div class=\"wp-block-group__inner-container is-layout-flow wp-block-group-is-layout-flow\">\n<div class=\"wp-block-accordion-toggle-accordion-toggle\"><div class=\"eb-parent-wrapper eb-parent-eb-accordion-7ozgdmv \"><div class=\"eb-accordion-container eb-accordion-7ozgdmv\" data-accordion-type=\"accordion\" data-tab-icon=\"fas fa-plus\" data-expanded-icon=\"fas fa-angle-up\"><div class=\"eb-accordion-inner\">\n<div class=\"eb-accordion-item-obi21l9 eb-accordion-wrapper\" data-clickable=\"false\"><div class=\"eb-accordion-title-wrapper\"><span class=\"eb-accordion-icon-wrapper\"><span class=\"fas fa-plus eb-accordion-icon\"><\/span><\/span><h3 class=\"eb-accordion-title\">\u00c9change de valeurs<\/h3><\/div><div class=\"eb-accordion-content-wrapper\"><div class=\"eb-accordion-content\">\n<p>Les consommateurs sont plus conscients que jamais de la valeur de leurs informations personnelles.<br><br>L&rsquo;\u00e9chantillonnage r\u00e9compense les personnes qui partagent leurs donn\u00e9es, ce qui permet de cr\u00e9er un lien de confiance, de r\u00e9duire les co\u00fbts d&rsquo;acquisition et de mobiliser davantage les consommateurs.<\/p>\n<\/div><\/div><\/div>\n\n\n\n<div class=\"eb-accordion-item-ft3h76h eb-accordion-wrapper\" data-clickable=\"false\"><div class=\"eb-accordion-title-wrapper\"><span class=\"eb-accordion-icon-wrapper\"><span class=\"fas fa-plus eb-accordion-icon\"><\/span><\/span><h3 class=\"eb-accordion-title\">Obtenez de nouveaux abonn\u00e9s<\/h3><\/div><div class=\"eb-accordion-content-wrapper\"><div class=\"eb-accordion-content\">\n<p>Avec des taux d&rsquo;opt-in moyens de 50 % et la possibilit\u00e9 de filtrer les consommateurs les moins pertinents, la solution SoPost est un moyen efficace d&rsquo;\u00e9largir votre audience en respectant vos crit\u00e8res de segmentation.<\/p>\n<\/div><\/div><\/div>\n\n\n\n<div class=\"eb-accordion-item-4a6mxem eb-accordion-wrapper\" data-clickable=\"false\"><div class=\"eb-accordion-title-wrapper\"><span class=\"eb-accordion-icon-wrapper\"><span class=\"fas fa-plus eb-accordion-icon\"><\/span><\/span><h3 class=\"eb-accordion-title\">Enrichissez les profils clients<\/h3><\/div><div class=\"eb-accordion-content-wrapper\"><div class=\"eb-accordion-content\">\n<p>Il ne s&rsquo;agit pas seulement de noms et d&rsquo;adresses \u00e9lectroniques. Nous pouvons enrichir les profils avec leurs num\u00e9ros de t\u00e9l\u00e9phone, des informations d\u00e9mographiques et de style de vie, et plus encore.<\/p>\n<\/div><\/div><\/div>\n<\/div><\/div><\/div><\/div>\n<\/div><\/div>\n\n\n\n<div class=\"wp-block-group col-lg-6 col-12 d-none d-lg-block\"><div class=\"wp-block-group__inner-container is-layout-flow wp-block-group-is-layout-flow\"><div class=\"wp-block-image\">\n<figure class=\"aligncenter size-full is-resized\"><img loading=\"lazy\" decoding=\"async\" src=\"https:\/\/www.sopost.com\/wp-content\/uploads\/2023\/01\/consumeracq-img1.png\" alt=\"\" class=\"wp-image-5081\" width=\"1126\" height=\"971\" srcset=\"https:\/\/sopost.com\/wp-content\/uploads\/2023\/01\/consumeracq-img1.png 1501w, https:\/\/sopost.com\/wp-content\/uploads\/2023\/01\/consumeracq-img1-300x259.png 300w, https:\/\/sopost.com\/wp-content\/uploads\/2023\/01\/consumeracq-img1-1024x883.png 1024w, https:\/\/sopost.com\/wp-content\/uploads\/2023\/01\/consumeracq-img1-768x662.png 768w\" sizes=\"auto, (max-width: 1126px) 100vw, 1126px\" \/><\/figure>\n<\/div><\/div><\/div>\n\n\n\n<\/div>\n\n\n\n<\/div>\n\n\n\n<div style=\"height:100px\" aria-hidden=\"true\" class=\"wp-block-spacer\"><\/div>\n\n\n\n<div class=\"wp-block-group\"><div class=\"wp-block-group__inner-container is-layout-flow wp-block-group-is-layout-flow\">\n<div class=\"bcontainer\">\n\n\n\n<div class=\"brow\">\n\n\n\n<div class=\"wp-block-group col-lg-7 col-12 p-5 has-background\" style=\"background-color:#231f20\"><div class=\"wp-block-group__inner-container is-layout-flow wp-block-group-is-layout-flow\">\n<h3 class=\"text-white mb-0\">Nous avons aid\u00e9 plus de 350 marques \u00e0 collecter plus de 15 millions d&rsquo;opt-ins. Que pouvons-nous faire pour vous ?<\/h3>\n<\/div><\/div>\n\n\n\n<div class=\"wp-block-group col-lg-5 col-12 p-5 dark-border d-flex justify-content-center align-items-center\"><div class=\"wp-block-group__inner-container is-layout-flow wp-block-group-is-layout-flow\">\n<a class=\"pri-cta mx-auto d-block\" href=\"\/fr\/book-a-meeting\">Parlons d&rsquo;\u00e9chantillonnage<\/a>\n\n\n\n<\/div>\n\n\n\n<\/div>\n<\/div><\/div>\n<\/div><\/div>\n\n\n\n<div style=\"height:100px\" aria-hidden=\"true\" class=\"wp-block-spacer\"><\/div>\n\n\n\n<div style=\"background:#F5F7F9\">\n\n\n\n<div class=\"bcontainer\">\n\n\n\n<div style=\"height:100px\" aria-hidden=\"true\" class=\"wp-block-spacer\"><\/div>\n\n\n\n<div class=\"brow d-flex justify-content-start align-items-center\">\n\n\n\n<div class=\"wp-block-group text-lg-left text-center col-lg-5 col-12 mt-5 mt-lg-0 order-2 order-lg-1\"><div class=\"wp-block-group__inner-container is-layout-flow wp-block-group-is-layout-flow\">\n<h3 class=\"title wp-block-heading\" style=\"font-size:33px\">Rapprochez-vous des consommateurs gr\u00e2ce \u00e0 vos \u00e9chantillons de produits<\/h3>\n\n\n\n<p>L&rsquo;\u00e9chantillonnage de produits n&rsquo;est pas seulement destin\u00e9 \u00e0 s\u00e9duire de nouveaux clients. Faites d\u00e9couvrir vos nouveaux produits \u00e0 vos clients existants et renforcez leur loyaut\u00e9 en leur rappelant les raisons pour lesquelles ils aiment votre marque.<br><br>Nos campagnes sont un moyen efficace de pr\u00e9senter de nouveaux produits \u00e0 vos clients existants, qui sont beaucoup plus susceptibles de les acheter. L&rsquo;\u00e9chantillonnage de produits est plus rentable que la publicit\u00e9 traditionnelle.<\/p>\n\n\n\n<a class=\"sec-cta mt-4\" href=\"\/fr\/book-a-meeting\">Parlons d&rsquo;\u00e9chantillonnage<\/a>\n<\/div><\/div>\n\n\n\n<div class=\"wp-block-group col-lg-6 col-12 order-1 offset-lg-1 offset-0\"><div class=\"wp-block-group__inner-container is-layout-flow wp-block-group-is-layout-flow\"><div class=\"wp-block-image\">\n<figure class=\"aligncenter size-large is-resized\"><img loading=\"lazy\" decoding=\"async\" src=\"https:\/\/www.sopost.com\/wp-content\/uploads\/2022\/08\/Group-707-1-1024x987.png\" alt=\"\" class=\"wp-image-2511\" width=\"512\" height=\"494\" srcset=\"https:\/\/sopost.com\/wp-content\/uploads\/2022\/08\/Group-707-1-1024x987.png 1024w, https:\/\/sopost.com\/wp-content\/uploads\/2022\/08\/Group-707-1-300x289.png 300w, https:\/\/sopost.com\/wp-content\/uploads\/2022\/08\/Group-707-1-768x740.png 768w, https:\/\/sopost.com\/wp-content\/uploads\/2022\/08\/Group-707-1.png 1027w\" sizes=\"auto, (max-width: 512px) 100vw, 512px\" \/><\/figure>\n<\/div><\/div><\/div>\n\n\n\n<\/div>\n\n\n\n<div style=\"height:100px\" aria-hidden=\"true\" class=\"wp-block-spacer\"><\/div>\n\n\n\n<\/div>\n\n\n\n<\/div>\n\n\n\n<div style=\"background:#fff\">\n\n\n\n<div class=\"bcontainer\">\n\n\n\n<div style=\"height:100px\" aria-hidden=\"true\" class=\"wp-block-spacer\"><\/div>\n\n\n\n<div class=\"brow d-flex justify-content-start align-items-center\">\n\n\n\n<div class=\"wp-block-group col-lg-6 col-12\"><div class=\"wp-block-group__inner-container is-layout-flow wp-block-group-is-layout-flow\"><div class=\"wp-block-image\">\n<figure class=\"aligncenter size-full is-resized\"><img loading=\"lazy\" decoding=\"async\" src=\"https:\/\/www.sopost.com\/wp-content\/uploads\/2023\/01\/consumeracq-img3.png\" alt=\"\" class=\"wp-image-5085\" width=\"362\" height=\"431\" srcset=\"https:\/\/sopost.com\/wp-content\/uploads\/2023\/01\/consumeracq-img3.png 483w, https:\/\/sopost.com\/wp-content\/uploads\/2023\/01\/consumeracq-img3-252x300.png 252w\" sizes=\"auto, (max-width: 362px) 100vw, 362px\" \/><\/figure>\n<\/div><\/div><\/div>\n\n\n\n<div class=\"wp-block-group text-lg-left text-center col-lg-5 col-12 mt-lg-0 mt-5\"><div class=\"wp-block-group__inner-container is-layout-flow wp-block-group-is-layout-flow\">\n<h3 class=\"title wp-block-heading\" style=\"font-size:33px\">Enrichissez vos donn\u00e9es CRM<\/h3>\n\n\n\n<p>Apprenez-en plus sur vos clients, \u00e0 l&rsquo;aide de donn\u00e9es z\u00e9ro-party et first-party.<\/p>\n\n\n\n<h4 class=\"title mt-4 wp-block-heading\"><strong><strong>Comprenez mieux vos contacts<\/strong><\/strong><\/h4>\n\n\n\n<p>Vous avez besoin de plus qu&rsquo;un nom et une adresse \u00e9lectronique ? Nous pouvons vous fournir tous types de donn\u00e9es, du type de peau \u00e0 la pointure des chaussures.<\/p>\n\n\n\n<h4 class=\"title mt-4 wp-block-heading\"><strong><strong>D\u00e9veloppez votre base de donn\u00e9es<\/strong><\/strong><\/h4>\n\n\n\n<p>Plus de 50 % des consommateurs ayant re\u00e7u un \u00e9chantillon par SoPost acceptent volontairement de recevoir des communications marketing de la marque.<\/p>\n\n\n\n<h4 class=\"title mt-4 wp-block-heading\"><strong><strong>Des donn\u00e9es actualis\u00e9es, directement \u00e0 la source<\/strong><\/strong><\/h4>\n\n\n\n<p>Nos \u00e9changes avec les consommateurs sont l&rsquo;occasion de mettre \u00e0 jour les informations dont vous disposez sur votre audience, ce qui garantit la fra\u00eecheur de vos donn\u00e9es et la pertinence de vos campagnes.<\/p>\n<\/div><\/div>\n\n\n\n<\/div>\n\n\n\n<div style=\"height:100px\" aria-hidden=\"true\" class=\"wp-block-spacer\"><\/div>\n\n\n\n<\/div>\n\n\n\n<\/div>\n\n\n\n<div style=\"background:#F5F7F9\">\n\n\n\n<div class=\"bcontainer\">\n\n\n\n<div style=\"height:100px\" aria-hidden=\"true\" class=\"wp-block-spacer\"><\/div>\n\n\n\n<div class=\"brow d-flex justify-content-start align-items-center\">\n\n\n\n<div class=\"wp-block-group text-lg-left text-center col-lg-5 col-12 mt-5 mt-lg-0 order-2 order-lg-1\"><div class=\"wp-block-group__inner-container is-layout-flow wp-block-group-is-layout-flow\">\n<h3 class=\"title wp-block-heading\" style=\"font-size:33px\">Attirez de nouveaux clients<\/h3>\n\n\n\n<p>La premi\u00e8re impression est importante. Les consommateurs sont 50 fois plus susceptibles d&rsquo;acheter le produit apr\u00e8s en avoir re\u00e7u un \u00e9chantillon gratuit.<\/p>\n\n\n\n<a class=\"sec-cta mt-4\" href=\"\/fr\/book-a-meeting\">Discutons de l&rsquo;acquisition de nouveaux clients<\/a>\n<\/div><\/div>\n\n\n\n<div class=\"wp-block-group col-lg-6 col-12 order-1 offset-lg-1 offset-0\"><div class=\"wp-block-group__inner-container is-layout-flow wp-block-group-is-layout-flow\"><div class=\"wp-block-image\">\n<figure class=\"aligncenter size-full\"><img loading=\"lazy\" decoding=\"async\" width=\"501\" height=\"334\" src=\"https:\/\/www.sopost.com\/wp-content\/uploads\/2022\/08\/Group-713-1-1-1.png\" alt=\"\" class=\"wp-image-2519\" srcset=\"https:\/\/sopost.com\/wp-content\/uploads\/2022\/08\/Group-713-1-1-1.png 501w, https:\/\/sopost.com\/wp-content\/uploads\/2022\/08\/Group-713-1-1-1-300x200.png 300w\" sizes=\"auto, (max-width: 501px) 100vw, 501px\" \/><\/figure>\n<\/div><\/div><\/div>\n\n\n\n<\/div>\n\n\n\n<div style=\"height:100px\" aria-hidden=\"true\" class=\"wp-block-spacer\"><\/div>\n\n\n\n<\/div>\n\n\n\n<\/div>\n\n\n\n<div style=\"background:#fff\">\n<div class=\"bcontainer\">\n<div class=\"brow\">\n\n\n\n<div class=\"wp-block-group col-lg-6 col-12\"><div class=\"wp-block-group__inner-container is-layout-flow wp-block-group-is-layout-flow\"><\/div><\/div>\n\n\n\n<div class=\"wp-block-group col-lg-6 col-12\"><div class=\"wp-block-group__inner-container is-layout-flow wp-block-group-is-layout-flow\"><\/div><\/div>\n\n\n\n<\/div>\n<\/div>\n<\/div>\n\n\n\n<div style=\"height:100px\" aria-hidden=\"true\" class=\"wp-block-spacer\"><\/div>\n\n\n\n<div class=\"\" style=\"background:#e8edf0\">\n\n\n\n<div class=\"mt-5\" style=\"background:#e8edf0\">\n\n\n\n<div class=\"wp-block-group bcontainer py-5\"><div class=\"wp-block-group__inner-container is-layout-flow wp-block-group-is-layout-flow\">\n<div class=\"wp-block-columns are-vertically-aligned-center brow mt-5 px-2 is-layout-flex wp-container-core-columns-is-layout-9d6595d7 wp-block-columns-is-layout-flex\">\n<div class=\"wp-block-column is-vertically-aligned-center is-layout-flow wp-block-column-is-layout-flow\">\n<h1 class=\"text-center page-top-subtext mb-0\"><span style=\"color:#0066ff;font-size:16px;line-height:22px;\">Parlez \u00e0 un expert<\/span><\/h1>\n\n\n\n<h2 class=\"has-text-align-center title\" style=\"font-size:48px\">Prenez rendez-vous avec nous<\/h2>\n\n\n\n<p class=\"text-center\">Nous avons aid\u00e9 plus de 350 marques \u00e0 optimiser leurs op\u00e9rations de marketing.<\/p>\n\n\n\n<a href=\"\/fr\/book-a-meeting\/\" class=\"pri-cta mt-4 mx-auto\">Prenez rendez-vous avec nous<\/a>\n<\/div>\n<\/div>\n<\/div><\/div>\n\n\n\n<\/div>\n\n\n\n<\/div>\n\n\n\n<div style=\"background:#fff\"><\/div>\n\n\n\n<div style=\"height:1px\" aria-hidden=\"true\" class=\"wp-block-spacer\"><\/div>\n","protected":false},"excerpt":{"rendered":"<p>D\u00c9VELOPPEZ VOTRE AUDIENCE Acquisition et enrichissement des donn\u00e9es CRM L&rsquo;\u00e9chantillonnage de produits est un moyen puissant pour collecter des donn\u00e9es qualitatives. Capturez de nouveaux opt-in CRM et valorisez les profils existants. Parlons d&rsquo;\u00e9chantillonnage Nous avons aid\u00e9 plus de 350 marques \u00e0 collecter plus de 15 millions d&rsquo;opt-ins. Que pouvons-nous faire pour vous ? Parlons d&rsquo;\u00e9chantillonnage<\/p>\n","protected":false},"author":13,"featured_media":10123,"parent":4797,"menu_order":0,"comment_status":"closed","ping_status":"closed","template":"page-templates\/blank.php","meta":{"_acf_changed":false,"_eb_attr":"","inline_featured_image":false,"_uag_custom_page_level_css":"","footnotes":""},"class_list":["post-4810","page","type-page","status-publish","has-post-thumbnail","hentry"],"acf":[],"yoast_head":"<!-- This site is optimized with the Yoast SEO plugin v26.9 - https:\/\/yoast.com\/product\/yoast-seo-wordpress\/ -->\n<title>Acquisition et enrichissement des donn\u00e9es CRM | SoPost<\/title>\n<meta name=\"description\" content=\"L&#039;\u00e9chantillonnage de produits est un moyen puissant de collecter des donn\u00e9es qualitatives. Capturez de nouveaux opt-ins CRM, valorisez les profils existants et obtenez des avis pr\u00e9cieux sur les produits.\" \/>\n<meta name=\"robots\" content=\"index, follow, max-snippet:-1, max-image-preview:large, max-video-preview:-1\" \/>\n<link rel=\"canonical\" href=\"https:\/\/sopost.com\/fr\/solutions\/acquisition-enrichissement\/\" \/>\n<meta property=\"og:locale\" content=\"fr_FR\" \/>\n<meta property=\"og:type\" content=\"article\" \/>\n<meta property=\"og:title\" content=\"Acquisition et enrichissement des donn\u00e9es CRM | SoPost\" \/>\n<meta property=\"og:description\" content=\"L&#039;\u00e9chantillonnage de produits est un moyen puissant de collecter des donn\u00e9es qualitatives. Capturez de nouveaux opt-ins CRM, valorisez les profils existants et obtenez des avis pr\u00e9cieux sur les produits.\" \/>\n<meta property=\"og:url\" content=\"https:\/\/sopost.com\/fr\/solutions\/acquisition-enrichissement\/\" \/>\n<meta property=\"og:site_name\" content=\"SoPost\" \/>\n<meta property=\"article:modified_time\" content=\"2023-02-23T13:29:06+00:00\" \/>\n<meta property=\"og:image\" content=\"https:\/\/sopost.com\/wp-content\/uploads\/2023\/08\/og-consumer-acq.jpg\" \/>\n\t<meta property=\"og:image:width\" content=\"1200\" \/>\n\t<meta property=\"og:image:height\" content=\"627\" \/>\n\t<meta property=\"og:image:type\" content=\"image\/jpeg\" \/>\n<meta name=\"twitter:card\" content=\"summary_large_image\" \/>\n<meta name=\"twitter:label1\" content=\"Est. reading time\" \/>\n\t<meta name=\"twitter:data1\" content=\"3 minutes\" \/>\n<script type=\"application\/ld+json\" class=\"yoast-schema-graph\">{\"@context\":\"https:\/\/schema.org\",\"@graph\":[{\"@type\":\"WebPage\",\"@id\":\"https:\/\/sopost.com\/fr\/solutions\/acquisition-enrichissement\/\",\"url\":\"https:\/\/sopost.com\/fr\/solutions\/acquisition-enrichissement\/\",\"name\":\"Acquisition et enrichissement des donn\u00e9es CRM | SoPost\",\"isPartOf\":{\"@id\":\"https:\/\/sopost.com\/#website\"},\"primaryImageOfPage\":{\"@id\":\"https:\/\/sopost.com\/fr\/solutions\/acquisition-enrichissement\/#primaryimage\"},\"image\":{\"@id\":\"https:\/\/sopost.com\/fr\/solutions\/acquisition-enrichissement\/#primaryimage\"},\"thumbnailUrl\":\"https:\/\/sopost.com\/wp-content\/uploads\/2023\/08\/og-consumer-acq.jpg\",\"datePublished\":\"2022-06-06T14:54:29+00:00\",\"dateModified\":\"2023-02-23T13:29:06+00:00\",\"description\":\"L'\u00e9chantillonnage de produits est un moyen puissant de collecter des donn\u00e9es qualitatives. Capturez de nouveaux opt-ins CRM, valorisez les profils existants et obtenez des avis pr\u00e9cieux sur les produits.\",\"breadcrumb\":{\"@id\":\"https:\/\/sopost.com\/fr\/solutions\/acquisition-enrichissement\/#breadcrumb\"},\"inLanguage\":\"fr-FR\",\"potentialAction\":[{\"@type\":\"ReadAction\",\"target\":[\"https:\/\/sopost.com\/fr\/solutions\/acquisition-enrichissement\/\"]}]},{\"@type\":\"ImageObject\",\"inLanguage\":\"fr-FR\",\"@id\":\"https:\/\/sopost.com\/fr\/solutions\/acquisition-enrichissement\/#primaryimage\",\"url\":\"https:\/\/sopost.com\/wp-content\/uploads\/2023\/08\/og-consumer-acq.jpg\",\"contentUrl\":\"https:\/\/sopost.com\/wp-content\/uploads\/2023\/08\/og-consumer-acq.jpg\",\"width\":1200,\"height\":627},{\"@type\":\"BreadcrumbList\",\"@id\":\"https:\/\/sopost.com\/fr\/solutions\/acquisition-enrichissement\/#breadcrumb\",\"itemListElement\":[{\"@type\":\"ListItem\",\"position\":1,\"name\":\"Home\",\"item\":\"https:\/\/sopost.com\/fr\/\"},{\"@type\":\"ListItem\",\"position\":2,\"name\":\"Nos solutions | SoPost\",\"item\":\"https:\/\/sopost.com\/fr\/solutions\/\"},{\"@type\":\"ListItem\",\"position\":3,\"name\":\"Acquisition et enrichissement des donn\u00e9es CRM | SoPost\"}]},{\"@type\":\"WebSite\",\"@id\":\"https:\/\/sopost.com\/#website\",\"url\":\"https:\/\/sopost.com\/\",\"name\":\"SoPost\",\"description\":\"\",\"potentialAction\":[{\"@type\":\"SearchAction\",\"target\":{\"@type\":\"EntryPoint\",\"urlTemplate\":\"https:\/\/sopost.com\/?s={search_term_string}\"},\"query-input\":{\"@type\":\"PropertyValueSpecification\",\"valueRequired\":true,\"valueName\":\"search_term_string\"}}],\"inLanguage\":\"fr-FR\"}]}<\/script>\n<!-- \/ Yoast SEO plugin. -->","yoast_head_json":{"title":"Acquisition et enrichissement des donn\u00e9es CRM | SoPost","description":"L'\u00e9chantillonnage de produits est un moyen puissant de collecter des donn\u00e9es qualitatives. Capturez de nouveaux opt-ins CRM, valorisez les profils existants et obtenez des avis pr\u00e9cieux sur les produits.","robots":{"index":"index","follow":"follow","max-snippet":"max-snippet:-1","max-image-preview":"max-image-preview:large","max-video-preview":"max-video-preview:-1"},"canonical":"https:\/\/sopost.com\/fr\/solutions\/acquisition-enrichissement\/","og_locale":"fr_FR","og_type":"article","og_title":"Acquisition et enrichissement des donn\u00e9es CRM | SoPost","og_description":"L'\u00e9chantillonnage de produits est un moyen puissant de collecter des donn\u00e9es qualitatives. Capturez de nouveaux opt-ins CRM, valorisez les profils existants et obtenez des avis pr\u00e9cieux sur les produits.","og_url":"https:\/\/sopost.com\/fr\/solutions\/acquisition-enrichissement\/","og_site_name":"SoPost","article_modified_time":"2023-02-23T13:29:06+00:00","og_image":[{"width":1200,"height":627,"url":"https:\/\/sopost.com\/wp-content\/uploads\/2023\/08\/og-consumer-acq.jpg","type":"image\/jpeg"}],"twitter_card":"summary_large_image","twitter_misc":{"Est. reading time":"3 minutes"},"schema":{"@context":"https:\/\/schema.org","@graph":[{"@type":"WebPage","@id":"https:\/\/sopost.com\/fr\/solutions\/acquisition-enrichissement\/","url":"https:\/\/sopost.com\/fr\/solutions\/acquisition-enrichissement\/","name":"Acquisition et enrichissement des donn\u00e9es CRM | SoPost","isPartOf":{"@id":"https:\/\/sopost.com\/#website"},"primaryImageOfPage":{"@id":"https:\/\/sopost.com\/fr\/solutions\/acquisition-enrichissement\/#primaryimage"},"image":{"@id":"https:\/\/sopost.com\/fr\/solutions\/acquisition-enrichissement\/#primaryimage"},"thumbnailUrl":"https:\/\/sopost.com\/wp-content\/uploads\/2023\/08\/og-consumer-acq.jpg","datePublished":"2022-06-06T14:54:29+00:00","dateModified":"2023-02-23T13:29:06+00:00","description":"L'\u00e9chantillonnage de produits est un moyen puissant de collecter des donn\u00e9es qualitatives. Capturez de nouveaux opt-ins CRM, valorisez les profils existants et obtenez des avis pr\u00e9cieux sur les produits.","breadcrumb":{"@id":"https:\/\/sopost.com\/fr\/solutions\/acquisition-enrichissement\/#breadcrumb"},"inLanguage":"fr-FR","potentialAction":[{"@type":"ReadAction","target":["https:\/\/sopost.com\/fr\/solutions\/acquisition-enrichissement\/"]}]},{"@type":"ImageObject","inLanguage":"fr-FR","@id":"https:\/\/sopost.com\/fr\/solutions\/acquisition-enrichissement\/#primaryimage","url":"https:\/\/sopost.com\/wp-content\/uploads\/2023\/08\/og-consumer-acq.jpg","contentUrl":"https:\/\/sopost.com\/wp-content\/uploads\/2023\/08\/og-consumer-acq.jpg","width":1200,"height":627},{"@type":"BreadcrumbList","@id":"https:\/\/sopost.com\/fr\/solutions\/acquisition-enrichissement\/#breadcrumb","itemListElement":[{"@type":"ListItem","position":1,"name":"Home","item":"https:\/\/sopost.com\/fr\/"},{"@type":"ListItem","position":2,"name":"Nos solutions | SoPost","item":"https:\/\/sopost.com\/fr\/solutions\/"},{"@type":"ListItem","position":3,"name":"Acquisition et enrichissement des donn\u00e9es CRM | SoPost"}]},{"@type":"WebSite","@id":"https:\/\/sopost.com\/#website","url":"https:\/\/sopost.com\/","name":"SoPost","description":"","potentialAction":[{"@type":"SearchAction","target":{"@type":"EntryPoint","urlTemplate":"https:\/\/sopost.com\/?s={search_term_string}"},"query-input":{"@type":"PropertyValueSpecification","valueRequired":true,"valueName":"search_term_string"}}],"inLanguage":"fr-FR"}]}},"uagb_featured_image_src":{"full":["https:\/\/sopost.com\/wp-content\/uploads\/2023\/08\/og-consumer-acq.jpg",1200,627,false],"thumbnail":["https:\/\/sopost.com\/wp-content\/uploads\/2023\/08\/og-consumer-acq-150x150.jpg",150,150,true],"medium":["https:\/\/sopost.com\/wp-content\/uploads\/2023\/08\/og-consumer-acq-300x157.jpg",300,157,true],"medium_large":["https:\/\/sopost.com\/wp-content\/uploads\/2023\/08\/og-consumer-acq-768x401.jpg",640,334,true],"large":["https:\/\/sopost.com\/wp-content\/uploads\/2023\/08\/og-consumer-acq-1024x535.jpg",640,334,true],"1536x1536":["https:\/\/sopost.com\/wp-content\/uploads\/2023\/08\/og-consumer-acq.jpg",1200,627,false],"2048x2048":["https:\/\/sopost.com\/wp-content\/uploads\/2023\/08\/og-consumer-acq.jpg",1200,627,false]},"uagb_author_info":{"display_name":"Scott Hewitson","author_link":"https:\/\/sopost.com\/fr\/blog\/author\/shewitson\/"},"uagb_comment_info":0,"uagb_excerpt":"D\u00c9VELOPPEZ VOTRE AUDIENCE Acquisition et enrichissement des donn\u00e9es CRM L&rsquo;\u00e9chantillonnage de produits est un moyen puissant pour collecter des donn\u00e9es qualitatives. Capturez de nouveaux opt-in CRM et valorisez les profils existants. Parlons d&rsquo;\u00e9chantillonnage Nous avons aid\u00e9 plus de 350 marques \u00e0 collecter plus de 15 millions d&rsquo;opt-ins. Que pouvons-nous faire pour vous ? Parlons d&rsquo;\u00e9chantillonnage","_links":{"self":[{"href":"https:\/\/sopost.com\/fr\/wp-json\/wp\/v2\/pages\/4810","targetHints":{"allow":["GET"]}}],"collection":[{"href":"https:\/\/sopost.com\/fr\/wp-json\/wp\/v2\/pages"}],"about":[{"href":"https:\/\/sopost.com\/fr\/wp-json\/wp\/v2\/types\/page"}],"author":[{"embeddable":true,"href":"https:\/\/sopost.com\/fr\/wp-json\/wp\/v2\/users\/13"}],"replies":[{"embeddable":true,"href":"https:\/\/sopost.com\/fr\/wp-json\/wp\/v2\/comments?post=4810"}],"version-history":[{"count":14,"href":"https:\/\/sopost.com\/fr\/wp-json\/wp\/v2\/pages\/4810\/revisions"}],"predecessor-version":[{"id":5611,"href":"https:\/\/sopost.com\/fr\/wp-json\/wp\/v2\/pages\/4810\/revisions\/5611"}],"up":[{"embeddable":true,"href":"https:\/\/sopost.com\/fr\/wp-json\/wp\/v2\/pages\/4797"}],"wp:featuredmedia":[{"embeddable":true,"href":"https:\/\/sopost.com\/fr\/wp-json\/wp\/v2\/media\/10123"}],"wp:attachment":[{"href":"https:\/\/sopost.com\/fr\/wp-json\/wp\/v2\/media?parent=4810"}],"curies":[{"name":"wp","href":"https:\/\/api.w.org\/{rel}","templated":true}]}}