{"id":4820,"date":"2022-06-06T14:55:45","date_gmt":"2022-06-06T14:55:45","guid":{"rendered":"https:\/\/www.sopost.com\/?page_id=4820"},"modified":"2023-03-13T23:15:43","modified_gmt":"2023-03-13T23:15:43","slug":"augmenter-les-ventes-avec-lechantillonnage","status":"publish","type":"page","link":"https:\/\/sopost.com\/fr\/solutions\/augmenter-les-ventes-avec-lechantillonnage\/","title":{"rendered":"Augmenter les ventes avec l&rsquo;\u00e9chantillonnage | SoPost"},"content":{"rendered":"\n<div style=\"background:#e8edf0\">\n\n\n\n<div class=\"bcontainer\">\n\n\n\n<div class=\"brow\">\n\n\n\n<div class=\"wp-block-group col-lg-12 col-12\"><div class=\"wp-block-group__inner-container is-layout-flow wp-block-group-is-layout-flow\">\n<div style=\"height:100px\" aria-hidden=\"true\" class=\"wp-block-spacer\"><\/div>\n\n\n<div class=\"wp-block-image\">\n<figure class=\"aligncenter size-full is-resized\"><img loading=\"lazy\" decoding=\"async\" src=\"https:\/\/www.sopost.com\/wp-content\/uploads\/2022\/08\/uplift.png\" alt=\"\" class=\"wp-image-2558\" width=\"105\" height=\"105\" srcset=\"https:\/\/sopost.com\/wp-content\/uploads\/2022\/08\/uplift.png 420w, https:\/\/sopost.com\/wp-content\/uploads\/2022\/08\/uplift-300x300.png 300w, https:\/\/sopost.com\/wp-content\/uploads\/2022\/08\/uplift-150x150.png 150w\" sizes=\"auto, (max-width: 105px) 100vw, 105px\" \/><\/figure>\n<\/div>\n\n\n<p class=\"has-text-align-center title page-top-subtext mt-4\">CONVERTISSEZ GR\u00c2CE AU \u00ab\u00a0TEST AVANT L&rsquo;ACHAT\u00a0\u00bb.<\/p>\n\n\n\n<h1 class=\"has-text-align-center title mt-3 wp-block-heading\">Boost des ventes gr\u00e2ce \u00e0 l&rsquo;\u00e9chantillonnage<\/h1>\n\n\n\n<p class=\"has-text-align-center mt-4\">L&rsquo;\u00e9chantillonnage de produits donne aux clients potentiels la possibilit\u00e9 d&rsquo;essayer avant d&rsquo;acheter. <br class=\"d-none d-lg-block\">Ils peuvent d\u00e9sormais faire l&rsquo;exp\u00e9rience sensorielle de vos communications digitales.<\/p>\n\n\n\n<a class=\"pri-cta mx-auto mt-4\" href=\"\/fr\/book-a-meeting\">Parlons d&rsquo;\u00e9chantillonnage<\/a>\n\n\n\n<div style=\"height:100px\" aria-hidden=\"true\" class=\"wp-block-spacer\"><\/div>\n<\/div><\/div>\n\n\n\n<\/div>\n\n\n\n<\/div>\n\n\n\n<\/div>\n\n\n\n<div class=\"bcontainer\">\n\n\n\n<div style=\"height:100px\" aria-hidden=\"true\" class=\"wp-block-spacer\"><\/div>\n\n\n\n<div class=\"brow d-flex justify-content-start align-items-center\">\n\n\n\n<div class=\"wp-block-group col-lg-6 col-12\"><div class=\"wp-block-group__inner-container is-layout-flow wp-block-group-is-layout-flow\">\n<div class=\"wp-block-accordion-toggle-accordion-toggle\"><div class=\"eb-parent-wrapper eb-parent-eb-accordion-7ozgdmv \"><div class=\"eb-accordion-container eb-accordion-7ozgdmv\" data-accordion-type=\"accordion\" data-tab-icon=\"fas fa-plus\" data-expanded-icon=\"fas fa-angle-up\"><div class=\"eb-accordion-inner\">\n<div class=\"eb-accordion-item-3srvvhq eb-accordion-wrapper\" data-clickable=\"false\"><div class=\"eb-accordion-title-wrapper\"><span class=\"eb-accordion-icon-wrapper\"><span class=\"fas fa-plus eb-accordion-icon\"><\/span><\/span><h3 class=\"eb-accordion-title\">Faites la meilleure premi\u00e8re impression<\/h3><\/div><div class=\"eb-accordion-content-wrapper\"><div class=\"eb-accordion-content\">\n<p>En utilisant vos canaux marketing existants, l&rsquo;\u00e9chantillonnage est capable de donner aux nouveaux clients une chance de d\u00e9couvrir la qualit\u00e9 de votre produit.<br><br>L&rsquo;\u00e9chantillonnage de produits peut s\u00e9duire des clients jusque-l\u00e0 inaccessibles et convaincre ceux habituellement fid\u00e8les \u00e0 d&rsquo;autres marques.<\/p>\n<\/div><\/div><\/div>\n\n\n\n<div class=\"eb-accordion-item-3f31ttz eb-accordion-wrapper\" data-clickable=\"false\"><div class=\"eb-accordion-title-wrapper\"><span class=\"eb-accordion-icon-wrapper\"><span class=\"fas fa-plus eb-accordion-icon\"><\/span><\/span><h3 class=\"eb-accordion-title\">Renforcez la phase de r\u00e9flexion<\/h3><\/div><div class=\"eb-accordion-content-wrapper\"><div class=\"eb-accordion-content\">\n<p>Rien de tel que de pouvoir tester un produit. Il est prouv\u00e9 que l&rsquo;\u00e9chantillonnage est le deuxi\u00e8me facteur d&rsquo;achat de produits de taille r\u00e9elle, juste apr\u00e8s les recommandations d&rsquo;amis.<\/p>\n<\/div><\/div><\/div>\n\n\n\n<div class=\"eb-accordion-item-4l1qvtr eb-accordion-wrapper\" data-clickable=\"false\"><div class=\"eb-accordion-title-wrapper\"><span class=\"eb-accordion-icon-wrapper\"><span class=\"fas fa-plus eb-accordion-icon\"><\/span><\/span><h3 class=\"eb-accordion-title\">Votre produit se vend tout seul<\/h3><\/div><div class=\"eb-accordion-content-wrapper\"><div class=\"eb-accordion-content\">\n<p>Une forte r\u00e9putation et une pr\u00e9sence publicitaire sont des vecteurs importants, mais les produits que l&rsquo;on peut essayer se vendront toujours plus facilement. Laissez les consommateurs se rendre compte par eux-m\u00eames, sans h\u00e9sitation, de la qualit\u00e9 de vos produits.<\/p>\n<\/div><\/div><\/div>\n<\/div><\/div><\/div><\/div>\n<\/div><\/div>\n\n\n\n<div class=\"wp-block-group col-lg-6 col-12 d-none d-lg-block\"><div class=\"wp-block-group__inner-container is-layout-flow wp-block-group-is-layout-flow\"><div class=\"wp-block-image\">\n<figure class=\"aligncenter size-full is-resized\"><img loading=\"lazy\" decoding=\"async\" src=\"https:\/\/www.sopost.com\/wp-content\/uploads\/2023\/01\/increasesales-img1.png\" alt=\"\" class=\"wp-image-5089\" width=\"644\" height=\"537\" srcset=\"https:\/\/sopost.com\/wp-content\/uploads\/2023\/01\/increasesales-img1.png 1288w, https:\/\/sopost.com\/wp-content\/uploads\/2023\/01\/increasesales-img1-300x250.png 300w, https:\/\/sopost.com\/wp-content\/uploads\/2023\/01\/increasesales-img1-1024x854.png 1024w, https:\/\/sopost.com\/wp-content\/uploads\/2023\/01\/increasesales-img1-768x640.png 768w\" sizes=\"auto, (max-width: 644px) 100vw, 644px\" \/><\/figure>\n<\/div><\/div><\/div>\n\n\n\n<\/div>\n\n\n\n<\/div>\n\n\n\n<div style=\"height:100px\" aria-hidden=\"true\" class=\"wp-block-spacer\"><\/div>\n\n\n\n<div class=\"wp-block-group\"><div class=\"wp-block-group__inner-container is-layout-flow wp-block-group-is-layout-flow\">\n<div class=\"bcontainer\">\n\n\n\n<div class=\"brow\">\n\n\n\n<div class=\"wp-block-group col-lg-7 col-12 p-5 has-background\" style=\"background-color:#231f20\"><div class=\"wp-block-group__inner-container is-layout-flow wp-block-group-is-layout-flow\">\n<h3 class=\"text-white mb-0\">Nous avons aid\u00e9 plus de 350 marques \u00e0 optimiser leurs op\u00e9rations de marketing. Comment pouvons-nous vous aider ?<\/h3>\n<\/div><\/div>\n\n\n\n<div class=\"wp-block-group col-lg-5 col-12 p-5 dark-border d-flex justify-content-center align-items-center\"><div class=\"wp-block-group__inner-container is-layout-flow wp-block-group-is-layout-flow\">\n<a class=\"pri-cta mx-auto d-block\" href=\"\/fr\/book-a-meeting\">Parlons d&rsquo;\u00e9chantillonnage<\/a>\n\n\n\n<\/div>\n\n\n\n<\/div>\n<\/div><\/div>\n<\/div><\/div>\n\n\n\n<div style=\"height:100px\" aria-hidden=\"true\" class=\"wp-block-spacer\"><\/div>\n\n\n\n<div style=\"background:#F5F7F9\">\n\n\n\n<div class=\"bcontainer\">\n\n\n\n<div style=\"height:100px\" aria-hidden=\"true\" class=\"wp-block-spacer\"><\/div>\n\n\n\n<div class=\"brow d-flex justify-content-start align-items-center\">\n\n\n\n<div class=\"wp-block-group text-lg-left text-center col-lg-5 col-12 mt-5 mt-lg-0 order-2 order-lg-1\"><div class=\"wp-block-group__inner-container is-layout-flow wp-block-group-is-layout-flow\">\n<h3 class=\"title wp-block-heading\" style=\"font-size:33px\">Attirez de nouveaux clients gr\u00e2ce \u00e0 l&rsquo;\u00e9chantillonnage de produits<\/h3>\n\n\n\n<p>Nous travaillons en partenariat avec Bazaarvoice, PowerReviews et Yotpo, ce qui permet de diffuser les avis directement sur vos sites e-commerce et ceux de vos distributeurs.<br><br>Nos campagnes g\u00e9n\u00e8rent un grand nombre de contenus de qualit\u00e9. En plus de montrer l&rsquo;excellence de votre produit, ce contenu peut \u00e9galement \u00eatre utilis\u00e9 dans le cadre de vos op\u00e9rations marketing.<br><br>Nous ne r\u00e9compensons jamais les commentaires, ce qui garantit l&rsquo;authenticit\u00e9 des avis et des r\u00e9ponses aux enqu\u00eates de satisfaction.<\/p>\n\n\n\n<a class=\"sec-cta mt-4\" href=\"\/fr\/book-a-meeting\">Parlons d&rsquo;\u00e9chantillonnage<\/a>\n<\/div><\/div>\n\n\n\n<div class=\"wp-block-group offset-lg-1 offset-0 col-lg-6 col-12 order-1\"><div class=\"wp-block-group__inner-container is-layout-flow wp-block-group-is-layout-flow\"><div class=\"wp-block-image\">\n<figure class=\"aligncenter size-full is-resized\"><img loading=\"lazy\" decoding=\"async\" src=\"https:\/\/www.sopost.com\/wp-content\/uploads\/2023\/01\/increasesales-img2.png\" alt=\"\" class=\"wp-image-5092\" width=\"588\" height=\"539\" srcset=\"https:\/\/sopost.com\/wp-content\/uploads\/2023\/01\/increasesales-img2.png 1176w, https:\/\/sopost.com\/wp-content\/uploads\/2023\/01\/increasesales-img2-300x275.png 300w, https:\/\/sopost.com\/wp-content\/uploads\/2023\/01\/increasesales-img2-1024x939.png 1024w, https:\/\/sopost.com\/wp-content\/uploads\/2023\/01\/increasesales-img2-768x704.png 768w\" sizes=\"auto, (max-width: 588px) 100vw, 588px\" \/><\/figure>\n<\/div><\/div><\/div>\n\n\n\n<\/div>\n\n\n\n<div style=\"height:100px\" aria-hidden=\"true\" class=\"wp-block-spacer\"><\/div>\n\n\n\n<\/div>\n\n\n\n<\/div>\n\n\n\n<div style=\"background:#fff\">\n\n\n\n<div class=\"bcontainer\">\n\n\n\n<div style=\"height:100px\" aria-hidden=\"true\" class=\"wp-block-spacer\"><\/div>\n\n\n\n<div class=\"brow d-flex justify-content-start align-items-center\">\n\n\n\n<div class=\"wp-block-group col-lg-6 col-12\"><div class=\"wp-block-group__inner-container is-layout-flow wp-block-group-is-layout-flow\"><div class=\"wp-block-image\">\n<figure class=\"aligncenter size-full\"><img loading=\"lazy\" decoding=\"async\" width=\"595\" height=\"542\" src=\"https:\/\/www.sopost.com\/wp-content\/uploads\/2022\/09\/Integrated-with-you.png\" alt=\"\" class=\"wp-image-4608\" srcset=\"https:\/\/sopost.com\/wp-content\/uploads\/2022\/09\/Integrated-with-you.png 595w, https:\/\/sopost.com\/wp-content\/uploads\/2022\/09\/Integrated-with-you-300x273.png 300w\" sizes=\"auto, (max-width: 595px) 100vw, 595px\" \/><\/figure>\n<\/div><\/div><\/div>\n\n\n\n<div class=\"wp-block-group text-lg-left text-center col-lg-5 col-12 mt-5 mt-lg-0\"><div class=\"wp-block-group__inner-container is-layout-flow wp-block-group-is-layout-flow\">\n<h3 class=\"title wp-block-heading\" style=\"font-size:33px\">Int\u00e9gration \u00e0 vos canaux de communication<\/h3>\n\n\n\n<h4 class=\"title mt-5 wp-block-heading\" style=\"font-size:16px\">Publications sur les r\u00e9seaux sociaux<\/h4>\n\n\n\n<p>R\u00e9compensez les utilisateurs fid\u00e8les et engagez le dialogue avec les clients potentiels qui ont besoin d&rsquo;un coup de pouce suppl\u00e9mentaire.<\/p>\n\n\n\n<h4 class=\"title mt-4 wp-block-heading\" style=\"font-size:16px\">Publicit\u00e9 search &amp; display<\/h4>\n\n\n\n<p>Offrez-leur une raison de plus de cliquer en leur donnant la possibilit\u00e9 d&rsquo;essayer un produit avant de d\u00e9penser de l&rsquo;argent.<\/p>\n\n\n\n<h4 class=\"title mt-4 wp-block-heading\" style=\"font-size:16px\">Sur site et par e-mail<\/h4>\n\n\n\n<p>Optimisez votre dispositif d&rsquo;e-commerce gr\u00e2ce \u00e0 un nouveau point de vente. Nos widgets peuvent \u00eatre utilis\u00e9s pour offrir \u00e0 votre site web la possibilit\u00e9 d&rsquo;essayer avant d&rsquo;acheter.<\/p>\n<\/div><\/div>\n\n\n\n<\/div>\n\n\n\n<div style=\"height:100px\" aria-hidden=\"true\" class=\"wp-block-spacer\"><\/div>\n\n\n\n<\/div>\n\n\n\n<\/div>\n\n\n\n<div style=\"background:#F5F7F9\">\n\n\n\n<div class=\"bcontainer\">\n\n\n\n<div style=\"height:100px\" aria-hidden=\"true\" class=\"wp-block-spacer\"><\/div>\n\n\n\n<div class=\"brow d-flex justify-content-start align-items-center\">\n\n\n\n<div class=\"wp-block-group text-lg-left text-center col-lg-5 col-12 mt-5 mt-lg-0 order-2 order-lg-1\"><div class=\"wp-block-group__inner-container is-layout-flow wp-block-group-is-layout-flow\">\n<h3 class=\"title wp-block-heading\" style=\"font-size:33px\">Invitez les consommateurs \u00e0 acheter apr\u00e8s leur essai produit<\/h3>\n\n\n\n<p>Toutes nos campagnes offrent la possibilit\u00e9 d&rsquo;envoyer des messages d&rsquo;achat apr\u00e8s l&rsquo;essai. Ceux-ci vous permettent de cibler et de convertir des clients potentiels d\u00e9j\u00e0 int\u00e9ress\u00e9s.<\/p>\n\n\n\n<p class=\"mt-3\">D\u00e9couvrez comment nos autres marques partenaires ont boost\u00e9 leurs ventes dans nos t\u00e9moignages clients.<a href=\"\/success-stories\/\" class=\"efficacy-link\">.<\/p>\n\n\n\n<a class=\"sec-cta mt-4\" href=\"\/fr\/book-a-meeting\">Et si nous discutions feedback personnalisable ?<\/a>\n<\/div><\/div>\n\n\n\n<div class=\"wp-block-group offset-lg-1 offset-0 col-lg-6 col-12 order-1\"><div class=\"wp-block-group__inner-container is-layout-flow wp-block-group-is-layout-flow\"><div class=\"wp-block-image\">\n<figure class=\"aligncenter size-large is-resized\"><img loading=\"lazy\" decoding=\"async\" src=\"https:\/\/www.sopost.com\/wp-content\/uploads\/2022\/09\/Group-771-1-1024x733.png\" alt=\"\" class=\"wp-image-3849\" width=\"768\" height=\"550\" srcset=\"https:\/\/sopost.com\/wp-content\/uploads\/2022\/09\/Group-771-1-1024x733.png 1024w, https:\/\/sopost.com\/wp-content\/uploads\/2022\/09\/Group-771-1-300x215.png 300w, https:\/\/sopost.com\/wp-content\/uploads\/2022\/09\/Group-771-1-768x550.png 768w, https:\/\/sopost.com\/wp-content\/uploads\/2022\/09\/Group-771-1.png 1256w\" sizes=\"auto, (max-width: 768px) 100vw, 768px\" \/><\/figure>\n<\/div><\/div><\/div>\n\n\n\n<\/div>\n\n\n\n<div style=\"height:100px\" aria-hidden=\"true\" class=\"wp-block-spacer\"><\/div>\n\n\n\n<\/div>\n\n\n\n<\/div>\n\n\n\n<div style=\"background:#fff\">\n<div class=\"bcontainer\">\n<div class=\"brow\">\n\n\n\n<div class=\"wp-block-group col-lg-6 col-12\"><div class=\"wp-block-group__inner-container is-layout-flow wp-block-group-is-layout-flow\"><\/div><\/div>\n\n\n\n<div class=\"wp-block-group col-lg-6 col-12\"><div class=\"wp-block-group__inner-container is-layout-flow wp-block-group-is-layout-flow\"><\/div><\/div>\n\n\n\n<\/div>\n<\/div>\n<\/div>\n\n\n\n<div style=\"height:100px\" aria-hidden=\"true\" class=\"wp-block-spacer\"><\/div>\n\n\n\n<div class=\"mt-5\" style=\"background:#e8edf0\">\n\n\n\n<div class=\"mt-5\" style=\"background:#e8edf0\">\n\n\n\n<div class=\"wp-block-group bcontainer py-5\"><div class=\"wp-block-group__inner-container is-layout-flow wp-block-group-is-layout-flow\">\n<div class=\"wp-block-columns are-vertically-aligned-center brow mt-5 px-2 is-layout-flex wp-container-core-columns-is-layout-9d6595d7 wp-block-columns-is-layout-flex\">\n<div class=\"wp-block-column is-vertically-aligned-center is-layout-flow wp-block-column-is-layout-flow\">\n<h1 class=\"text-center page-top-subtext mb-0\"><span style=\"color:#0066ff;font-size:16px;line-height:22px;\">Parlez \u00e0 un expert<\/span><\/h1>\n\n\n\n<h2 class=\"has-text-align-center title\" style=\"font-size:48px\">Prenez rendez-vous avec nous<\/h2>\n\n\n\n<p class=\"text-center\">Nous avons aid\u00e9 plus de 350 marques \u00e0 optimiser leurs op\u00e9rations de marketing.<\/p>\n\n\n\n<a href=\"\/fr\/book-a-meeting\/\" class=\"pri-cta mt-4 mx-auto\">Prenez rendez-vous avec nous<\/a>\n<\/div>\n<\/div>\n<\/div><\/div>\n\n\n\n<\/div>\n\n\n\n<\/div>\n\n\n\n<div style=\"background:#fff\"><\/div>\n\n\n\n<div style=\"height:1px\" aria-hidden=\"true\" class=\"wp-block-spacer\"><\/div>\n","protected":false},"excerpt":{"rendered":"<p>CONVERTISSEZ GR\u00c2CE AU \u00ab\u00a0TEST AVANT L&rsquo;ACHAT\u00a0\u00bb. Boost des ventes gr\u00e2ce \u00e0 l&rsquo;\u00e9chantillonnage L&rsquo;\u00e9chantillonnage de produits donne aux clients potentiels la possibilit\u00e9 d&rsquo;essayer avant d&rsquo;acheter. Ils peuvent d\u00e9sormais faire l&rsquo;exp\u00e9rience sensorielle de vos communications digitales. Parlons d&rsquo;\u00e9chantillonnage Nous avons aid\u00e9 plus de 350 marques \u00e0 optimiser leurs op\u00e9rations de marketing. Comment pouvons-nous vous aider ? Parlons<\/p>\n","protected":false},"author":13,"featured_media":10130,"parent":4797,"menu_order":0,"comment_status":"closed","ping_status":"closed","template":"page-templates\/blank.php","meta":{"_acf_changed":false,"_eb_attr":"","inline_featured_image":false,"_uag_custom_page_level_css":"","footnotes":""},"class_list":["post-4820","page","type-page","status-publish","has-post-thumbnail","hentry"],"acf":[],"yoast_head":"<!-- This site is optimized with the Yoast SEO plugin v26.9 - https:\/\/yoast.com\/product\/yoast-seo-wordpress\/ -->\n<title>Augmenter les ventes avec l&#039;\u00e9chantillonnage | SoPost<\/title>\n<meta name=\"description\" content=\"L&#039;\u00e9chantillonnage de produits donne aux clients potentiels la possibilit\u00e9 d&#039;essayer avant d&#039;acheter. Ils peuvent d\u00e9sormais sentir, go\u00fbter et toucher vos messages marketing.\" \/>\n<meta name=\"robots\" content=\"index, follow, max-snippet:-1, max-image-preview:large, max-video-preview:-1\" \/>\n<link rel=\"canonical\" href=\"https:\/\/sopost.com\/fr\/solutions\/augmenter-les-ventes-avec-lechantillonnage\/\" \/>\n<meta property=\"og:locale\" content=\"fr_FR\" \/>\n<meta property=\"og:type\" content=\"article\" \/>\n<meta property=\"og:title\" content=\"Augmenter les ventes avec l&#039;\u00e9chantillonnage | SoPost\" \/>\n<meta property=\"og:description\" content=\"L&#039;\u00e9chantillonnage de produits donne aux clients potentiels la possibilit\u00e9 d&#039;essayer avant d&#039;acheter. Ils peuvent d\u00e9sormais sentir, go\u00fbter et toucher vos messages marketing.\" \/>\n<meta property=\"og:url\" content=\"https:\/\/sopost.com\/fr\/solutions\/augmenter-les-ventes-avec-lechantillonnage\/\" \/>\n<meta property=\"og:site_name\" content=\"SoPost\" \/>\n<meta property=\"article:modified_time\" content=\"2023-03-13T23:15:43+00:00\" \/>\n<meta property=\"og:image\" content=\"https:\/\/sopost.com\/wp-content\/uploads\/2023\/08\/og-increasesales.jpg\" \/>\n\t<meta property=\"og:image:width\" content=\"1200\" \/>\n\t<meta property=\"og:image:height\" content=\"627\" \/>\n\t<meta property=\"og:image:type\" content=\"image\/jpeg\" \/>\n<meta name=\"twitter:card\" content=\"summary_large_image\" \/>\n<meta name=\"twitter:label1\" content=\"Est. reading time\" \/>\n\t<meta name=\"twitter:data1\" content=\"3 minutes\" \/>\n<script type=\"application\/ld+json\" class=\"yoast-schema-graph\">{\"@context\":\"https:\/\/schema.org\",\"@graph\":[{\"@type\":\"WebPage\",\"@id\":\"https:\/\/sopost.com\/fr\/solutions\/augmenter-les-ventes-avec-lechantillonnage\/\",\"url\":\"https:\/\/sopost.com\/fr\/solutions\/augmenter-les-ventes-avec-lechantillonnage\/\",\"name\":\"Augmenter les ventes avec l'\u00e9chantillonnage | SoPost\",\"isPartOf\":{\"@id\":\"https:\/\/sopost.com\/#website\"},\"primaryImageOfPage\":{\"@id\":\"https:\/\/sopost.com\/fr\/solutions\/augmenter-les-ventes-avec-lechantillonnage\/#primaryimage\"},\"image\":{\"@id\":\"https:\/\/sopost.com\/fr\/solutions\/augmenter-les-ventes-avec-lechantillonnage\/#primaryimage\"},\"thumbnailUrl\":\"https:\/\/sopost.com\/wp-content\/uploads\/2023\/08\/og-increasesales.jpg\",\"datePublished\":\"2022-06-06T14:55:45+00:00\",\"dateModified\":\"2023-03-13T23:15:43+00:00\",\"description\":\"L'\u00e9chantillonnage de produits donne aux clients potentiels la possibilit\u00e9 d'essayer avant d'acheter. Ils peuvent d\u00e9sormais sentir, go\u00fbter et toucher vos messages marketing.\",\"breadcrumb\":{\"@id\":\"https:\/\/sopost.com\/fr\/solutions\/augmenter-les-ventes-avec-lechantillonnage\/#breadcrumb\"},\"inLanguage\":\"fr-FR\",\"potentialAction\":[{\"@type\":\"ReadAction\",\"target\":[\"https:\/\/sopost.com\/fr\/solutions\/augmenter-les-ventes-avec-lechantillonnage\/\"]}]},{\"@type\":\"ImageObject\",\"inLanguage\":\"fr-FR\",\"@id\":\"https:\/\/sopost.com\/fr\/solutions\/augmenter-les-ventes-avec-lechantillonnage\/#primaryimage\",\"url\":\"https:\/\/sopost.com\/wp-content\/uploads\/2023\/08\/og-increasesales.jpg\",\"contentUrl\":\"https:\/\/sopost.com\/wp-content\/uploads\/2023\/08\/og-increasesales.jpg\",\"width\":1200,\"height\":627},{\"@type\":\"BreadcrumbList\",\"@id\":\"https:\/\/sopost.com\/fr\/solutions\/augmenter-les-ventes-avec-lechantillonnage\/#breadcrumb\",\"itemListElement\":[{\"@type\":\"ListItem\",\"position\":1,\"name\":\"Home\",\"item\":\"https:\/\/sopost.com\/fr\/\"},{\"@type\":\"ListItem\",\"position\":2,\"name\":\"Nos solutions | SoPost\",\"item\":\"https:\/\/sopost.com\/fr\/solutions\/\"},{\"@type\":\"ListItem\",\"position\":3,\"name\":\"Augmenter les ventes avec l&rsquo;\u00e9chantillonnage | SoPost\"}]},{\"@type\":\"WebSite\",\"@id\":\"https:\/\/sopost.com\/#website\",\"url\":\"https:\/\/sopost.com\/\",\"name\":\"SoPost\",\"description\":\"\",\"potentialAction\":[{\"@type\":\"SearchAction\",\"target\":{\"@type\":\"EntryPoint\",\"urlTemplate\":\"https:\/\/sopost.com\/?s={search_term_string}\"},\"query-input\":{\"@type\":\"PropertyValueSpecification\",\"valueRequired\":true,\"valueName\":\"search_term_string\"}}],\"inLanguage\":\"fr-FR\"}]}<\/script>\n<!-- \/ Yoast SEO plugin. -->","yoast_head_json":{"title":"Augmenter les ventes avec l'\u00e9chantillonnage | SoPost","description":"L'\u00e9chantillonnage de produits donne aux clients potentiels la possibilit\u00e9 d'essayer avant d'acheter. Ils peuvent d\u00e9sormais sentir, go\u00fbter et toucher vos messages marketing.","robots":{"index":"index","follow":"follow","max-snippet":"max-snippet:-1","max-image-preview":"max-image-preview:large","max-video-preview":"max-video-preview:-1"},"canonical":"https:\/\/sopost.com\/fr\/solutions\/augmenter-les-ventes-avec-lechantillonnage\/","og_locale":"fr_FR","og_type":"article","og_title":"Augmenter les ventes avec l'\u00e9chantillonnage | SoPost","og_description":"L'\u00e9chantillonnage de produits donne aux clients potentiels la possibilit\u00e9 d'essayer avant d'acheter. Ils peuvent d\u00e9sormais sentir, go\u00fbter et toucher vos messages marketing.","og_url":"https:\/\/sopost.com\/fr\/solutions\/augmenter-les-ventes-avec-lechantillonnage\/","og_site_name":"SoPost","article_modified_time":"2023-03-13T23:15:43+00:00","og_image":[{"width":1200,"height":627,"url":"https:\/\/sopost.com\/wp-content\/uploads\/2023\/08\/og-increasesales.jpg","type":"image\/jpeg"}],"twitter_card":"summary_large_image","twitter_misc":{"Est. reading time":"3 minutes"},"schema":{"@context":"https:\/\/schema.org","@graph":[{"@type":"WebPage","@id":"https:\/\/sopost.com\/fr\/solutions\/augmenter-les-ventes-avec-lechantillonnage\/","url":"https:\/\/sopost.com\/fr\/solutions\/augmenter-les-ventes-avec-lechantillonnage\/","name":"Augmenter les ventes avec l'\u00e9chantillonnage | SoPost","isPartOf":{"@id":"https:\/\/sopost.com\/#website"},"primaryImageOfPage":{"@id":"https:\/\/sopost.com\/fr\/solutions\/augmenter-les-ventes-avec-lechantillonnage\/#primaryimage"},"image":{"@id":"https:\/\/sopost.com\/fr\/solutions\/augmenter-les-ventes-avec-lechantillonnage\/#primaryimage"},"thumbnailUrl":"https:\/\/sopost.com\/wp-content\/uploads\/2023\/08\/og-increasesales.jpg","datePublished":"2022-06-06T14:55:45+00:00","dateModified":"2023-03-13T23:15:43+00:00","description":"L'\u00e9chantillonnage de produits donne aux clients potentiels la possibilit\u00e9 d'essayer avant d'acheter. Ils peuvent d\u00e9sormais sentir, go\u00fbter et toucher vos messages marketing.","breadcrumb":{"@id":"https:\/\/sopost.com\/fr\/solutions\/augmenter-les-ventes-avec-lechantillonnage\/#breadcrumb"},"inLanguage":"fr-FR","potentialAction":[{"@type":"ReadAction","target":["https:\/\/sopost.com\/fr\/solutions\/augmenter-les-ventes-avec-lechantillonnage\/"]}]},{"@type":"ImageObject","inLanguage":"fr-FR","@id":"https:\/\/sopost.com\/fr\/solutions\/augmenter-les-ventes-avec-lechantillonnage\/#primaryimage","url":"https:\/\/sopost.com\/wp-content\/uploads\/2023\/08\/og-increasesales.jpg","contentUrl":"https:\/\/sopost.com\/wp-content\/uploads\/2023\/08\/og-increasesales.jpg","width":1200,"height":627},{"@type":"BreadcrumbList","@id":"https:\/\/sopost.com\/fr\/solutions\/augmenter-les-ventes-avec-lechantillonnage\/#breadcrumb","itemListElement":[{"@type":"ListItem","position":1,"name":"Home","item":"https:\/\/sopost.com\/fr\/"},{"@type":"ListItem","position":2,"name":"Nos solutions | SoPost","item":"https:\/\/sopost.com\/fr\/solutions\/"},{"@type":"ListItem","position":3,"name":"Augmenter les ventes avec l&rsquo;\u00e9chantillonnage | SoPost"}]},{"@type":"WebSite","@id":"https:\/\/sopost.com\/#website","url":"https:\/\/sopost.com\/","name":"SoPost","description":"","potentialAction":[{"@type":"SearchAction","target":{"@type":"EntryPoint","urlTemplate":"https:\/\/sopost.com\/?s={search_term_string}"},"query-input":{"@type":"PropertyValueSpecification","valueRequired":true,"valueName":"search_term_string"}}],"inLanguage":"fr-FR"}]}},"uagb_featured_image_src":{"full":["https:\/\/sopost.com\/wp-content\/uploads\/2023\/08\/og-increasesales.jpg",1200,627,false],"thumbnail":["https:\/\/sopost.com\/wp-content\/uploads\/2023\/08\/og-increasesales-150x150.jpg",150,150,true],"medium":["https:\/\/sopost.com\/wp-content\/uploads\/2023\/08\/og-increasesales-300x157.jpg",300,157,true],"medium_large":["https:\/\/sopost.com\/wp-content\/uploads\/2023\/08\/og-increasesales-768x401.jpg",640,334,true],"large":["https:\/\/sopost.com\/wp-content\/uploads\/2023\/08\/og-increasesales-1024x535.jpg",640,334,true],"1536x1536":["https:\/\/sopost.com\/wp-content\/uploads\/2023\/08\/og-increasesales.jpg",1200,627,false],"2048x2048":["https:\/\/sopost.com\/wp-content\/uploads\/2023\/08\/og-increasesales.jpg",1200,627,false]},"uagb_author_info":{"display_name":"Scott Hewitson","author_link":"https:\/\/sopost.com\/fr\/blog\/author\/shewitson\/"},"uagb_comment_info":0,"uagb_excerpt":"CONVERTISSEZ GR\u00c2CE AU \u00ab\u00a0TEST AVANT L&rsquo;ACHAT\u00a0\u00bb. Boost des ventes gr\u00e2ce \u00e0 l&rsquo;\u00e9chantillonnage L&rsquo;\u00e9chantillonnage de produits donne aux clients potentiels la possibilit\u00e9 d&rsquo;essayer avant d&rsquo;acheter. Ils peuvent d\u00e9sormais faire l&rsquo;exp\u00e9rience sensorielle de vos communications digitales. Parlons d&rsquo;\u00e9chantillonnage Nous avons aid\u00e9 plus de 350 marques \u00e0 optimiser leurs op\u00e9rations de marketing. Comment pouvons-nous vous aider ? Parlons","_links":{"self":[{"href":"https:\/\/sopost.com\/fr\/wp-json\/wp\/v2\/pages\/4820","targetHints":{"allow":["GET"]}}],"collection":[{"href":"https:\/\/sopost.com\/fr\/wp-json\/wp\/v2\/pages"}],"about":[{"href":"https:\/\/sopost.com\/fr\/wp-json\/wp\/v2\/types\/page"}],"author":[{"embeddable":true,"href":"https:\/\/sopost.com\/fr\/wp-json\/wp\/v2\/users\/13"}],"replies":[{"embeddable":true,"href":"https:\/\/sopost.com\/fr\/wp-json\/wp\/v2\/comments?post=4820"}],"version-history":[{"count":10,"href":"https:\/\/sopost.com\/fr\/wp-json\/wp\/v2\/pages\/4820\/revisions"}],"predecessor-version":[{"id":5649,"href":"https:\/\/sopost.com\/fr\/wp-json\/wp\/v2\/pages\/4820\/revisions\/5649"}],"up":[{"embeddable":true,"href":"https:\/\/sopost.com\/fr\/wp-json\/wp\/v2\/pages\/4797"}],"wp:featuredmedia":[{"embeddable":true,"href":"https:\/\/sopost.com\/fr\/wp-json\/wp\/v2\/media\/10130"}],"wp:attachment":[{"href":"https:\/\/sopost.com\/fr\/wp-json\/wp\/v2\/media?parent=4820"}],"curies":[{"name":"wp","href":"https:\/\/api.w.org\/{rel}","templated":true}]}}