{"id":4822,"date":"2022-06-06T14:55:13","date_gmt":"2022-06-06T14:55:13","guid":{"rendered":"https:\/\/www.sopost.com\/?page_id=4822"},"modified":"2023-03-13T23:13:28","modified_gmt":"2023-03-13T23:13:28","slug":"lancement-de-produits-et-de-marches","status":"publish","type":"page","link":"https:\/\/sopost.com\/fr\/solutions\/lancement-de-produits-et-de-marches\/","title":{"rendered":"SoPost | Lancement de produits et de march\u00e9s"},"content":{"rendered":"\n<div style=\"background:#e8edf0\">\n\n\n\n<div class=\"bcontainer\">\n\n\n\n<div class=\"brow\">\n\n\n\n<div class=\"wp-block-group col-lg-12 col-12\"><div class=\"wp-block-group__inner-container is-layout-flow wp-block-group-is-layout-flow\">\n<div style=\"height:100px\" aria-hidden=\"true\" class=\"wp-block-spacer\"><\/div>\n\n\n<div class=\"wp-block-image\">\n<figure class=\"aligncenter size-full is-resized\"><img loading=\"lazy\" decoding=\"async\" src=\"https:\/\/www.sopost.com\/wp-content\/uploads\/2022\/08\/launches.png\" alt=\"\" class=\"wp-image-2557\" width=\"105\" height=\"105\" srcset=\"https:\/\/sopost.com\/wp-content\/uploads\/2022\/08\/launches.png 420w, https:\/\/sopost.com\/wp-content\/uploads\/2022\/08\/launches-300x300.png 300w, https:\/\/sopost.com\/wp-content\/uploads\/2022\/08\/launches-150x150.png 150w\" sizes=\"auto, (max-width: 105px) 100vw, 105px\" \/><\/figure>\n<\/div>\n\n\n<p class=\"has-text-align-center title mt-4 page-top-subtext\">PRENEZ UNE LONGUEUR D&rsquo;AVANCE<\/p>\n\n\n\n<h1 class=\"has-text-align-center title mt-3 wp-block-heading\">Lancement de produits et de march\u00e9s<\/h1>\n\n\n\n<p class=\"has-text-align-center mt-4\">Assurez le succ\u00e8s de votre lancement gr\u00e2ce \u00e0 des ambassadeurs de marque actifs, un buzz pr\u00e9\u00e9tabli et un contenu pr\u00eat \u00e0 l&#8217;emploi g\u00e9n\u00e9r\u00e9 <br class=\"d-none d-lg-block\">par l&rsquo;utilisateur d\u00e8s le premier jour.<\/p>\n\n\n\n<a class=\"pri-cta mx-auto mt-4\" href=\"\/fr\/book-a-meeting\">Parlons d&rsquo;\u00e9chantillonnage<\/a>\n\n\n\n<div style=\"height:100px\" aria-hidden=\"true\" class=\"wp-block-spacer\"><\/div>\n<\/div><\/div>\n\n\n\n<\/div>\n\n\n\n<\/div>\n\n\n\n<\/div>\n\n\n\n<div class=\"bcontainer\">\n\n\n\n<div style=\"height:100px\" aria-hidden=\"true\" class=\"wp-block-spacer\"><\/div>\n\n\n\n<div class=\"brow d-flex justify-content-start align-items-center\">\n\n\n\n<div class=\"wp-block-group col-lg-6 col-12\"><div class=\"wp-block-group__inner-container is-layout-flow wp-block-group-is-layout-flow\">\n<div class=\"wp-block-accordion-toggle-accordion-toggle\"><div class=\"eb-parent-wrapper eb-parent-eb-accordion-7ozgdmv \"><div class=\"eb-accordion-container eb-accordion-7ozgdmv\" data-accordion-type=\"accordion\" data-tab-icon=\"fas fa-plus\" data-expanded-icon=\"fas fa-angle-up\"><div class=\"eb-accordion-inner\">\n<div class=\"eb-accordion-item-auodait eb-accordion-wrapper\" data-clickable=\"false\"><div class=\"eb-accordion-title-wrapper\"><span class=\"eb-accordion-icon-wrapper\"><span class=\"fas fa-plus eb-accordion-icon\"><\/span><\/span><h3 class=\"eb-accordion-title\">Faites la meilleure premi\u00e8re impression possible<\/h3><\/div><div class=\"eb-accordion-content-wrapper\"><div class=\"eb-accordion-content\">\n<p>Acc\u00e9l\u00e9rez le d\u00e9veloppement de la notori\u00e9t\u00e9 de votre marque et de la r\u00e9putation de vos produits.<br><br>L&rsquo;\u00e9chantillonnage de produits en ligne permet de faire parler d&rsquo;un produit avant son lancement, cr\u00e9ant ainsi un groupe de personnes pr\u00eates \u00e0 l&rsquo;acheter et le contenu dont vous avez besoin pour influencer le reste de votre audience.<\/p>\n<\/div><\/div><\/div>\n\n\n\n<div class=\"eb-accordion-item-b8c6mn9 eb-accordion-wrapper\" data-clickable=\"false\"><div class=\"eb-accordion-title-wrapper\"><span class=\"eb-accordion-icon-wrapper\"><span class=\"fas fa-plus eb-accordion-icon\"><\/span><\/span><h3 class=\"eb-accordion-title\">Prenez de l&rsquo;avance sur la concurrence<\/h3><\/div><div class=\"eb-accordion-content-wrapper\"><div class=\"eb-accordion-content\">\n<p>Sur un march\u00e9 concurrentiel, il est important de commencer fort. Nous pouvons non seulement vous aider \u00e0 construire de nouvelles audiences et \u00e0 avoir de l&rsquo;UGC pr\u00eat \u00e0 l&#8217;emploi, mais nous pouvons aussi vous aider \u00e0 comprendre qui sont vos audiences les plus importantes et ce qui r\u00e9sonne avec elles.<\/p>\n<\/div><\/div><\/div>\n\n\n\n<div class=\"eb-accordion-item-ewtt6ft eb-accordion-wrapper\" data-clickable=\"false\"><div class=\"eb-accordion-title-wrapper\"><span class=\"eb-accordion-icon-wrapper\"><span class=\"fas fa-plus eb-accordion-icon\"><\/span><\/span><h3 class=\"eb-accordion-title\">Pr\u00e9parez la r\u00e9putation de vos produits<\/h3><\/div><div class=\"eb-accordion-content-wrapper\"><div class=\"eb-accordion-content\">\n<p>Une forte pr\u00e9sence digitale offre des avantages, notamment des am\u00e9liorations en mati\u00e8re de r\u00e9f\u00e9rencement et des ventes plus fortes.<\/p>\n<\/div><\/div><\/div>\n<\/div><\/div><\/div><\/div>\n<\/div><\/div>\n\n\n\n<div class=\"wp-block-group col-lg-6 col-12 d-none d-lg-block\"><div class=\"wp-block-group__inner-container is-layout-flow wp-block-group-is-layout-flow\"><div class=\"wp-block-image\">\n<figure class=\"aligncenter size-full is-resized\"><img loading=\"lazy\" decoding=\"async\" src=\"https:\/\/www.sopost.com\/wp-content\/uploads\/2023\/01\/newmarket-img1.png\" alt=\"\" class=\"wp-image-5118\" width=\"674\" height=\"416\" srcset=\"https:\/\/sopost.com\/wp-content\/uploads\/2023\/01\/newmarket-img1.png 1348w, https:\/\/sopost.com\/wp-content\/uploads\/2023\/01\/newmarket-img1-300x185.png 300w, https:\/\/sopost.com\/wp-content\/uploads\/2023\/01\/newmarket-img1-1024x632.png 1024w, https:\/\/sopost.com\/wp-content\/uploads\/2023\/01\/newmarket-img1-768x474.png 768w\" sizes=\"auto, (max-width: 674px) 100vw, 674px\" \/><\/figure>\n<\/div><\/div><\/div>\n\n\n\n<\/div>\n\n\n\n<\/div>\n\n\n\n<div style=\"height:100px\" aria-hidden=\"true\" class=\"wp-block-spacer\"><\/div>\n\n\n\n<div class=\"wp-block-group\"><div class=\"wp-block-group__inner-container is-layout-flow wp-block-group-is-layout-flow\">\n<div class=\"bcontainer\">\n\n\n\n<div class=\"brow\">\n\n\n\n<div class=\"wp-block-group col-lg-7 col-12 p-5 has-background\" style=\"background-color:#231f20\"><div class=\"wp-block-group__inner-container is-layout-flow wp-block-group-is-layout-flow\">\n<h3 class=\"text-white mb-0\">Nous avons aid\u00e9 plus de 350 marques \u00e0 optimiser leurs op\u00e9rations de marketing. Comment pouvons-nous vous aider ?<\/h3>\n<\/div><\/div>\n\n\n\n<div class=\"wp-block-group col-lg-5 col-12 p-5 dark-border d-flex justify-content-center align-items-center\"><div class=\"wp-block-group__inner-container is-layout-flow wp-block-group-is-layout-flow\">\n<a class=\"pri-cta mx-auto d-block\" href=\"\/fr\/book-a-meeting\">Parlons d&rsquo;\u00e9chantillonnage<\/a>\n\n\n\n<\/div>\n\n\n\n<\/div>\n<\/div><\/div>\n<\/div><\/div>\n\n\n\n<div style=\"height:100px\" aria-hidden=\"true\" class=\"wp-block-spacer\"><\/div>\n\n\n\n<div style=\"background:#F5F7F9\">\n\n\n\n<div class=\"bcontainer\">\n\n\n\n<div style=\"height:100px\" aria-hidden=\"true\" class=\"wp-block-spacer\"><\/div>\n\n\n\n<div class=\"brow d-flex justify-content-start align-items-center\">\n\n\n\n<div class=\"wp-block-group text-lg-left text-center col-lg-5 col-12 mt-5 mt-lg-0 order-2 order-lg-1\"><div class=\"wp-block-group__inner-container is-layout-flow wp-block-group-is-layout-flow\">\n<h3 class=\"title wp-block-heading\" style=\"font-size:33px\">Lancements de produits<\/h3>\n\n\n\n<p class=\"title\">Les lancements de produits peuvent constituer un d\u00e9fi. D\u00e9marrez du bon pied avec SoPost en :<\/p>\n\n\n\n<p class=\"mt-4\">\u2022 Testant votre produit aupr\u00e8s d&rsquo;un public r\u00e9el, en recueillant rapidement des commentaires.<\/p>\n\n\n\n<p class=\"mt-2\">\u2022 Collectant des opt-ins marketing avant votre campagne de lancement<\/p>\n\n\n\n<p class=\"mt-2\">\u2022 Faisant parler de votre produit et en cr\u00e9ant la demande<\/p>\n\n\n\n<a class=\"sec-cta mt-4\" href=\"\/fr\/book-a-meeting\">Parlons d&rsquo;\u00e9chantillonnage<\/a>\n<\/div><\/div>\n\n\n\n<div class=\"wp-block-group offset-lg-1 offset-0 col-lg-6 col-12 order-1\"><div class=\"wp-block-group__inner-container is-layout-flow wp-block-group-is-layout-flow\"><div class=\"wp-block-image\">\n<figure class=\"aligncenter size-full is-resized\"><img loading=\"lazy\" decoding=\"async\" src=\"https:\/\/www.sopost.com\/wp-content\/uploads\/2023\/01\/newmarket-img2.png\" alt=\"\" class=\"wp-image-5121\" width=\"554\" height=\"308\" srcset=\"https:\/\/sopost.com\/wp-content\/uploads\/2023\/01\/newmarket-img2.png 739w, https:\/\/sopost.com\/wp-content\/uploads\/2023\/01\/newmarket-img2-300x167.png 300w\" sizes=\"auto, (max-width: 554px) 100vw, 554px\" \/><\/figure>\n<\/div><\/div><\/div>\n\n\n\n<\/div>\n\n\n\n<div style=\"height:100px\" aria-hidden=\"true\" class=\"wp-block-spacer\"><\/div>\n\n\n\n<\/div>\n\n\n\n<\/div>\n\n\n\n<div style=\"background:#fff\">\n\n\n\n<div class=\"bcontainer\">\n\n\n\n<div style=\"height:100px\" aria-hidden=\"true\" class=\"wp-block-spacer\"><\/div>\n\n\n\n<div class=\"brow d-flex justify-content-start align-items-center\">\n\n\n\n<div class=\"wp-block-group col-lg-6 col-12\"><div class=\"wp-block-group__inner-container is-layout-flow wp-block-group-is-layout-flow\"><div class=\"wp-block-image\">\n<figure class=\"aligncenter size-full is-resized\"><img loading=\"lazy\" decoding=\"async\" src=\"https:\/\/www.sopost.com\/wp-content\/uploads\/2023\/01\/newmarket-img3.png\" alt=\"\" class=\"wp-image-5124\" width=\"586\" height=\"446\" srcset=\"https:\/\/sopost.com\/wp-content\/uploads\/2023\/01\/newmarket-img3.png 586w, https:\/\/sopost.com\/wp-content\/uploads\/2023\/01\/newmarket-img3-300x228.png 300w\" sizes=\"auto, (max-width: 586px) 100vw, 586px\" \/><\/figure>\n<\/div><\/div><\/div>\n\n\n\n<div class=\"wp-block-group text-lg-left text-center col-lg-6 col-12 mt-5 mt-lg-0\"><div class=\"wp-block-group__inner-container is-layout-flow wp-block-group-is-layout-flow\">\n<h3 class=\"title wp-block-heading\" style=\"font-size:33px\">Lancement sur de nouveaux march\u00e9s<\/h3>\n\n\n\n<p>Le succ\u00e8s sur un march\u00e9 national ne suffit pas toujours \u00e0 assurer un lancement r\u00e9ussi sur un march\u00e9 \u00e9tranger.<\/p>\n\n\n\n<p><\/p>\n\n\n\n<p class=\"mt-3\">L&rsquo;\u00e9chantillonnage de produits permet de pr\u00e9senter votre produit et votre marketing aux consommateurs bien avant le lancement. Le retour d&rsquo;information initial permet de d\u00e9velopper les strat\u00e9gies, les messages et votre produit lui-m\u00eame afin de maximiser votre impact lors du lancement.<\/p>\n<\/div><\/div>\n\n\n\n<\/div>\n\n\n\n<div style=\"height:100px\" aria-hidden=\"true\" class=\"wp-block-spacer\"><\/div>\n\n\n\n<\/div>\n\n\n\n<\/div>\n\n\n\n<div style=\"background:#F5F7F9\">\n\n\n\n<div class=\"bcontainer\">\n\n\n\n<div style=\"height:100px\" aria-hidden=\"true\" class=\"wp-block-spacer\"><\/div>\n\n\n\n<div class=\"brow d-flex justify-content-start align-items-center\">\n\n\n\n<div class=\"wp-block-group text-lg-left text-center col-lg-6 col-12 pr-lg-5 pr-0 mt-5 mt-lg-0 order-2 order-lg-1\"><div class=\"wp-block-group__inner-container is-layout-flow wp-block-group-is-layout-flow\">\n<h3 class=\"title wp-block-heading\" style=\"font-size:33px\">Du contenu d\u00e8s le premier jour<\/h3>\n\n\n\n<h4 class=\"mt-5 title wp-block-heading\" style=\"font-size:16px\">Des avis clients avant le lancement<\/h4>\n\n\n\n<p>Un \u00e9chantillonnage cibl\u00e9 permet d&rsquo;obtenir des avis clients de qualit\u00e9, en \u00e9vitant de gaspiller des \u00e9chantillons sur des profils non qualifi\u00e9s.<\/p>\n\n\n\n<p class=\"mt-3\"><a class=\"efficacy-link\" href=\"\/solutions\/rating-review-generation\/\">En savoir plus sur l&rsquo;\u00e9chantillonnage de produits<\/a> pour les les avis et les commentaires.<\/p>\n\n\n\n<h4 class=\"mt-3 title wp-block-heading\" style=\"font-size:16px\">Un vrai engagement social<\/h4>\n\n\n\n<p>Nos parcours clients sont optimis\u00e9s et interconnect\u00e9s, ils \u00e9vitent les points de blocage et les occasions manqu\u00e9es avec les clients potentiels.<\/p>\n\n\n\n<h4 class=\"mt-3 title wp-block-heading\" style=\"font-size:16px\">Recommandations et t\u00e9moignages incroyables<\/h4>\n\n\n\n<p>Obtenez de vrais t\u00e9moignages sur votre produit ou votre marque provenant de personnes l&rsquo;ayant test\u00e9.<\/p>\n\n\n\n<a class=\"sec-cta mt-4\" href=\"\/fr\/book-a-meeting\">Parlons d&rsquo;\u00e9chantillonnage<\/a>\n<\/div><\/div>\n\n\n\n<div class=\"wp-block-group col-lg-6 col-12 order-1\"><div class=\"wp-block-group__inner-container is-layout-flow wp-block-group-is-layout-flow\"><div class=\"wp-block-image\">\n<figure class=\"aligncenter size-full is-resized\"><img loading=\"lazy\" decoding=\"async\" src=\"https:\/\/www.sopost.com\/wp-content\/uploads\/2023\/01\/newmarket-img4.png\" alt=\"\" class=\"wp-image-5127\" width=\"531\" height=\"584\" srcset=\"https:\/\/sopost.com\/wp-content\/uploads\/2023\/01\/newmarket-img4.png 1062w, https:\/\/sopost.com\/wp-content\/uploads\/2023\/01\/newmarket-img4-273x300.png 273w, https:\/\/sopost.com\/wp-content\/uploads\/2023\/01\/newmarket-img4-931x1024.png 931w, https:\/\/sopost.com\/wp-content\/uploads\/2023\/01\/newmarket-img4-768x845.png 768w\" sizes=\"auto, (max-width: 531px) 100vw, 531px\" \/><\/figure>\n<\/div><\/div><\/div>\n\n\n\n<\/div>\n\n\n\n<div style=\"height:100px\" aria-hidden=\"true\" class=\"wp-block-spacer\"><\/div>\n\n\n\n<\/div>\n\n\n\n<\/div>\n\n\n\n<div style=\"background:#fff\">\n<div class=\"bcontainer\">\n<div class=\"brow\">\n\n\n\n<div class=\"wp-block-group col-lg-6 col-12\"><div class=\"wp-block-group__inner-container is-layout-flow wp-block-group-is-layout-flow\"><\/div><\/div>\n\n\n\n<div class=\"wp-block-group col-lg-6 col-12\"><div class=\"wp-block-group__inner-container is-layout-flow wp-block-group-is-layout-flow\"><\/div><\/div>\n\n\n\n<\/div>\n<\/div>\n<\/div>\n\n\n\n<div style=\"height:100px\" aria-hidden=\"true\" class=\"wp-block-spacer\"><\/div>\n\n\n\n<div class=\"\" style=\"background:#e8edf0\">\n\n\n\n<div class=\"mt-5\" style=\"background:#e8edf0\">\n\n\n\n<div class=\"wp-block-group bcontainer py-5\"><div class=\"wp-block-group__inner-container is-layout-flow wp-block-group-is-layout-flow\">\n<div class=\"wp-block-columns are-vertically-aligned-center brow mt-5 px-2 is-layout-flex wp-container-core-columns-is-layout-9d6595d7 wp-block-columns-is-layout-flex\">\n<div class=\"wp-block-column is-vertically-aligned-center is-layout-flow wp-block-column-is-layout-flow\">\n<h1 class=\"text-center page-top-subtext mb-0\"><span style=\"color:#0066ff;font-size:16px;line-height:22px;\">Parlez \u00e0 un expert<\/span><\/h1>\n\n\n\n<h2 class=\"has-text-align-center title\" style=\"font-size:48px\">Prenez rendez-vous avec nous<\/h2>\n\n\n\n<p class=\"text-center\">Nous avons aid\u00e9 plus de 350 marques \u00e0 optimiser leurs op\u00e9rations de marketing.<\/p>\n\n\n\n<a href=\"\/fr\/book-a-meeting\/\" class=\"pri-cta mt-4 mx-auto\">Prenez rendez-vous avec nous<\/a>\n<\/div>\n<\/div>\n<\/div><\/div>\n\n\n\n<\/div>\n\n\n\n<\/div>\n\n\n\n<div style=\"background:#fff\"><\/div>\n\n\n\n<div style=\"height:1px\" aria-hidden=\"true\" class=\"wp-block-spacer\"><\/div>\n","protected":false},"excerpt":{"rendered":"<p>PRENEZ UNE LONGUEUR D&rsquo;AVANCE Lancement de produits et de march\u00e9s Assurez le succ\u00e8s de votre lancement gr\u00e2ce \u00e0 des ambassadeurs de marque actifs, un buzz pr\u00e9\u00e9tabli et un contenu pr\u00eat \u00e0 l&#8217;emploi g\u00e9n\u00e9r\u00e9 par l&rsquo;utilisateur d\u00e8s le premier jour. Parlons d&rsquo;\u00e9chantillonnage Nous avons aid\u00e9 plus de 350 marques \u00e0 optimiser leurs op\u00e9rations de marketing. Comment<\/p>\n","protected":false},"author":13,"featured_media":10127,"parent":4797,"menu_order":0,"comment_status":"closed","ping_status":"closed","template":"page-templates\/blank.php","meta":{"_acf_changed":false,"_eb_attr":"","inline_featured_image":false,"_uag_custom_page_level_css":"","footnotes":""},"class_list":["post-4822","page","type-page","status-publish","has-post-thumbnail","hentry"],"acf":[],"yoast_head":"<!-- This site is optimized with the Yoast SEO plugin v26.9 - https:\/\/yoast.com\/product\/yoast-seo-wordpress\/ -->\n<title>Lancement de produits et de march\u00e9s | SoPost<\/title>\n<meta name=\"description\" content=\"Assurez le succ\u00e8s de votre lancement gr\u00e2ce \u00e0 des ambassadeurs de marque actifs, un buzz pr\u00e9\u00e9tabli et un contenu pr\u00eat \u00e0 l&#039;emploi g\u00e9n\u00e9r\u00e9 par l&#039;utilisateur d\u00e8s le premier jour.\" \/>\n<meta name=\"robots\" content=\"index, follow, max-snippet:-1, max-image-preview:large, max-video-preview:-1\" \/>\n<link rel=\"canonical\" href=\"https:\/\/sopost.com\/fr\/solutions\/lancement-de-produits-et-de-marches\/\" \/>\n<meta property=\"og:locale\" content=\"fr_FR\" \/>\n<meta property=\"og:type\" content=\"article\" \/>\n<meta property=\"og:title\" content=\"Lancement de produits et de march\u00e9s | SoPost\" \/>\n<meta property=\"og:description\" content=\"Assurez le succ\u00e8s de votre lancement gr\u00e2ce \u00e0 des ambassadeurs de marque actifs, un buzz pr\u00e9\u00e9tabli et un contenu pr\u00eat \u00e0 l&#039;emploi g\u00e9n\u00e9r\u00e9 par l&#039;utilisateur d\u00e8s le premier jour.\" \/>\n<meta property=\"og:url\" content=\"https:\/\/sopost.com\/fr\/solutions\/lancement-de-produits-et-de-marches\/\" \/>\n<meta property=\"og:site_name\" content=\"SoPost\" \/>\n<meta property=\"article:modified_time\" content=\"2023-03-13T23:13:28+00:00\" \/>\n<meta property=\"og:image\" content=\"https:\/\/sopost.com\/wp-content\/uploads\/2023\/08\/og-newproducts.jpg\" \/>\n\t<meta property=\"og:image:width\" content=\"1200\" \/>\n\t<meta property=\"og:image:height\" content=\"627\" \/>\n\t<meta property=\"og:image:type\" content=\"image\/jpeg\" \/>\n<meta name=\"twitter:card\" content=\"summary_large_image\" \/>\n<meta name=\"twitter:label1\" content=\"Est. reading time\" \/>\n\t<meta name=\"twitter:data1\" content=\"3 minutes\" \/>\n<script type=\"application\/ld+json\" class=\"yoast-schema-graph\">{\"@context\":\"https:\/\/schema.org\",\"@graph\":[{\"@type\":\"WebPage\",\"@id\":\"https:\/\/sopost.com\/fr\/solutions\/lancement-de-produits-et-de-marches\/\",\"url\":\"https:\/\/sopost.com\/fr\/solutions\/lancement-de-produits-et-de-marches\/\",\"name\":\"Lancement de produits et de march\u00e9s | SoPost\",\"isPartOf\":{\"@id\":\"https:\/\/sopost.com\/#website\"},\"primaryImageOfPage\":{\"@id\":\"https:\/\/sopost.com\/fr\/solutions\/lancement-de-produits-et-de-marches\/#primaryimage\"},\"image\":{\"@id\":\"https:\/\/sopost.com\/fr\/solutions\/lancement-de-produits-et-de-marches\/#primaryimage\"},\"thumbnailUrl\":\"https:\/\/sopost.com\/wp-content\/uploads\/2023\/08\/og-newproducts.jpg\",\"datePublished\":\"2022-06-06T14:55:13+00:00\",\"dateModified\":\"2023-03-13T23:13:28+00:00\",\"description\":\"Assurez le succ\u00e8s de votre lancement gr\u00e2ce \u00e0 des ambassadeurs de marque actifs, un buzz pr\u00e9\u00e9tabli et un contenu pr\u00eat \u00e0 l'emploi g\u00e9n\u00e9r\u00e9 par l'utilisateur d\u00e8s le premier jour.\",\"breadcrumb\":{\"@id\":\"https:\/\/sopost.com\/fr\/solutions\/lancement-de-produits-et-de-marches\/#breadcrumb\"},\"inLanguage\":\"fr-FR\",\"potentialAction\":[{\"@type\":\"ReadAction\",\"target\":[\"https:\/\/sopost.com\/fr\/solutions\/lancement-de-produits-et-de-marches\/\"]}]},{\"@type\":\"ImageObject\",\"inLanguage\":\"fr-FR\",\"@id\":\"https:\/\/sopost.com\/fr\/solutions\/lancement-de-produits-et-de-marches\/#primaryimage\",\"url\":\"https:\/\/sopost.com\/wp-content\/uploads\/2023\/08\/og-newproducts.jpg\",\"contentUrl\":\"https:\/\/sopost.com\/wp-content\/uploads\/2023\/08\/og-newproducts.jpg\",\"width\":1200,\"height\":627},{\"@type\":\"BreadcrumbList\",\"@id\":\"https:\/\/sopost.com\/fr\/solutions\/lancement-de-produits-et-de-marches\/#breadcrumb\",\"itemListElement\":[{\"@type\":\"ListItem\",\"position\":1,\"name\":\"Home\",\"item\":\"https:\/\/sopost.com\/fr\/\"},{\"@type\":\"ListItem\",\"position\":2,\"name\":\"Nos solutions | SoPost\",\"item\":\"https:\/\/sopost.com\/fr\/solutions\/\"},{\"@type\":\"ListItem\",\"position\":3,\"name\":\"SoPost | Lancement de produits et de march\u00e9s\"}]},{\"@type\":\"WebSite\",\"@id\":\"https:\/\/sopost.com\/#website\",\"url\":\"https:\/\/sopost.com\/\",\"name\":\"SoPost\",\"description\":\"\",\"potentialAction\":[{\"@type\":\"SearchAction\",\"target\":{\"@type\":\"EntryPoint\",\"urlTemplate\":\"https:\/\/sopost.com\/?s={search_term_string}\"},\"query-input\":{\"@type\":\"PropertyValueSpecification\",\"valueRequired\":true,\"valueName\":\"search_term_string\"}}],\"inLanguage\":\"fr-FR\"}]}<\/script>\n<!-- \/ Yoast SEO plugin. -->","yoast_head_json":{"title":"Lancement de produits et de march\u00e9s | SoPost","description":"Assurez le succ\u00e8s de votre lancement gr\u00e2ce \u00e0 des ambassadeurs de marque actifs, un buzz pr\u00e9\u00e9tabli et un contenu pr\u00eat \u00e0 l'emploi g\u00e9n\u00e9r\u00e9 par l'utilisateur d\u00e8s le premier jour.","robots":{"index":"index","follow":"follow","max-snippet":"max-snippet:-1","max-image-preview":"max-image-preview:large","max-video-preview":"max-video-preview:-1"},"canonical":"https:\/\/sopost.com\/fr\/solutions\/lancement-de-produits-et-de-marches\/","og_locale":"fr_FR","og_type":"article","og_title":"Lancement de produits et de march\u00e9s | SoPost","og_description":"Assurez le succ\u00e8s de votre lancement gr\u00e2ce \u00e0 des ambassadeurs de marque actifs, un buzz pr\u00e9\u00e9tabli et un contenu pr\u00eat \u00e0 l'emploi g\u00e9n\u00e9r\u00e9 par l'utilisateur d\u00e8s le premier jour.","og_url":"https:\/\/sopost.com\/fr\/solutions\/lancement-de-produits-et-de-marches\/","og_site_name":"SoPost","article_modified_time":"2023-03-13T23:13:28+00:00","og_image":[{"width":1200,"height":627,"url":"https:\/\/sopost.com\/wp-content\/uploads\/2023\/08\/og-newproducts.jpg","type":"image\/jpeg"}],"twitter_card":"summary_large_image","twitter_misc":{"Est. reading time":"3 minutes"},"schema":{"@context":"https:\/\/schema.org","@graph":[{"@type":"WebPage","@id":"https:\/\/sopost.com\/fr\/solutions\/lancement-de-produits-et-de-marches\/","url":"https:\/\/sopost.com\/fr\/solutions\/lancement-de-produits-et-de-marches\/","name":"Lancement de produits et de march\u00e9s | SoPost","isPartOf":{"@id":"https:\/\/sopost.com\/#website"},"primaryImageOfPage":{"@id":"https:\/\/sopost.com\/fr\/solutions\/lancement-de-produits-et-de-marches\/#primaryimage"},"image":{"@id":"https:\/\/sopost.com\/fr\/solutions\/lancement-de-produits-et-de-marches\/#primaryimage"},"thumbnailUrl":"https:\/\/sopost.com\/wp-content\/uploads\/2023\/08\/og-newproducts.jpg","datePublished":"2022-06-06T14:55:13+00:00","dateModified":"2023-03-13T23:13:28+00:00","description":"Assurez le succ\u00e8s de votre lancement gr\u00e2ce \u00e0 des ambassadeurs de marque actifs, un buzz pr\u00e9\u00e9tabli et un contenu pr\u00eat \u00e0 l'emploi g\u00e9n\u00e9r\u00e9 par l'utilisateur d\u00e8s le premier jour.","breadcrumb":{"@id":"https:\/\/sopost.com\/fr\/solutions\/lancement-de-produits-et-de-marches\/#breadcrumb"},"inLanguage":"fr-FR","potentialAction":[{"@type":"ReadAction","target":["https:\/\/sopost.com\/fr\/solutions\/lancement-de-produits-et-de-marches\/"]}]},{"@type":"ImageObject","inLanguage":"fr-FR","@id":"https:\/\/sopost.com\/fr\/solutions\/lancement-de-produits-et-de-marches\/#primaryimage","url":"https:\/\/sopost.com\/wp-content\/uploads\/2023\/08\/og-newproducts.jpg","contentUrl":"https:\/\/sopost.com\/wp-content\/uploads\/2023\/08\/og-newproducts.jpg","width":1200,"height":627},{"@type":"BreadcrumbList","@id":"https:\/\/sopost.com\/fr\/solutions\/lancement-de-produits-et-de-marches\/#breadcrumb","itemListElement":[{"@type":"ListItem","position":1,"name":"Home","item":"https:\/\/sopost.com\/fr\/"},{"@type":"ListItem","position":2,"name":"Nos solutions | SoPost","item":"https:\/\/sopost.com\/fr\/solutions\/"},{"@type":"ListItem","position":3,"name":"SoPost | Lancement de produits et de march\u00e9s"}]},{"@type":"WebSite","@id":"https:\/\/sopost.com\/#website","url":"https:\/\/sopost.com\/","name":"SoPost","description":"","potentialAction":[{"@type":"SearchAction","target":{"@type":"EntryPoint","urlTemplate":"https:\/\/sopost.com\/?s={search_term_string}"},"query-input":{"@type":"PropertyValueSpecification","valueRequired":true,"valueName":"search_term_string"}}],"inLanguage":"fr-FR"}]}},"uagb_featured_image_src":{"full":["https:\/\/sopost.com\/wp-content\/uploads\/2023\/08\/og-newproducts.jpg",1200,627,false],"thumbnail":["https:\/\/sopost.com\/wp-content\/uploads\/2023\/08\/og-newproducts-150x150.jpg",150,150,true],"medium":["https:\/\/sopost.com\/wp-content\/uploads\/2023\/08\/og-newproducts-300x157.jpg",300,157,true],"medium_large":["https:\/\/sopost.com\/wp-content\/uploads\/2023\/08\/og-newproducts-768x401.jpg",640,334,true],"large":["https:\/\/sopost.com\/wp-content\/uploads\/2023\/08\/og-newproducts-1024x535.jpg",640,334,true],"1536x1536":["https:\/\/sopost.com\/wp-content\/uploads\/2023\/08\/og-newproducts.jpg",1200,627,false],"2048x2048":["https:\/\/sopost.com\/wp-content\/uploads\/2023\/08\/og-newproducts.jpg",1200,627,false]},"uagb_author_info":{"display_name":"Scott Hewitson","author_link":"https:\/\/sopost.com\/fr\/blog\/author\/shewitson\/"},"uagb_comment_info":0,"uagb_excerpt":"PRENEZ UNE LONGUEUR D&rsquo;AVANCE Lancement de produits et de march\u00e9s Assurez le succ\u00e8s de votre lancement gr\u00e2ce \u00e0 des ambassadeurs de marque actifs, un buzz pr\u00e9\u00e9tabli et un contenu pr\u00eat \u00e0 l&#8217;emploi g\u00e9n\u00e9r\u00e9 par l&rsquo;utilisateur d\u00e8s le premier jour. Parlons d&rsquo;\u00e9chantillonnage Nous avons aid\u00e9 plus de 350 marques \u00e0 optimiser leurs op\u00e9rations de marketing. Comment","_links":{"self":[{"href":"https:\/\/sopost.com\/fr\/wp-json\/wp\/v2\/pages\/4822","targetHints":{"allow":["GET"]}}],"collection":[{"href":"https:\/\/sopost.com\/fr\/wp-json\/wp\/v2\/pages"}],"about":[{"href":"https:\/\/sopost.com\/fr\/wp-json\/wp\/v2\/types\/page"}],"author":[{"embeddable":true,"href":"https:\/\/sopost.com\/fr\/wp-json\/wp\/v2\/users\/13"}],"replies":[{"embeddable":true,"href":"https:\/\/sopost.com\/fr\/wp-json\/wp\/v2\/comments?post=4822"}],"version-history":[{"count":13,"href":"https:\/\/sopost.com\/fr\/wp-json\/wp\/v2\/pages\/4822\/revisions"}],"predecessor-version":[{"id":5647,"href":"https:\/\/sopost.com\/fr\/wp-json\/wp\/v2\/pages\/4822\/revisions\/5647"}],"up":[{"embeddable":true,"href":"https:\/\/sopost.com\/fr\/wp-json\/wp\/v2\/pages\/4797"}],"wp:featuredmedia":[{"embeddable":true,"href":"https:\/\/sopost.com\/fr\/wp-json\/wp\/v2\/media\/10127"}],"wp:attachment":[{"href":"https:\/\/sopost.com\/fr\/wp-json\/wp\/v2\/media?parent=4822"}],"curies":[{"name":"wp","href":"https:\/\/api.w.org\/{rel}","templated":true}]}}