{"id":4828,"date":"2022-06-10T12:14:22","date_gmt":"2022-06-10T12:14:22","guid":{"rendered":"https:\/\/www.sopost.com\/?page_id=4828"},"modified":"2023-02-14T13:47:18","modified_gmt":"2023-02-14T13:47:18","slug":"notre-service","status":"publish","type":"page","link":"https:\/\/sopost.com\/fr\/notre-service\/","title":{"rendered":"SoPost | Notre solution"},"content":{"rendered":"\n<div style=\"background:#e8edf0\">\n\n\n\n<div class=\"bcontainer\">\n\n\n\n<div class=\"brow\">\n\n\n\n<div class=\"wp-block-group col-lg-12 col-12\"><div class=\"wp-block-group__inner-container is-layout-flow wp-block-group-is-layout-flow\">\n<div style=\"height:100px\" aria-hidden=\"true\" class=\"wp-block-spacer\"><\/div>\n\n\n\n<p class=\"has-text-align-center title page-top-subtext\">Comment \u00e7a marche<\/p>\n\n\n\n<h1 class=\"has-text-align-center title wp-block-heading\">Produit<\/h1>\n\n\n\n<p class=\"has-text-align-center\">Notre plateforme, leader sur le march\u00e9, est utilis\u00e9e par des centaines de marques internationales <br>pour offrir les exp\u00e9riences d&rsquo;\u00e9chantillonnage de produits les plus efficaces.<\/p>\n\n\n\n<a class=\"pri-cta mt-4 mx-auto\" href=\"\/fr\/book-a-meeting\/\">Parlons d&rsquo;\u00e9chantillonnage<\/a>\n\n\n\n<div style=\"height:100px\" aria-hidden=\"true\" class=\"wp-block-spacer\"><\/div>\n<\/div><\/div>\n\n\n\n<\/div>\n\n\n\n<\/div>\n\n\n\n<\/div>\n\n\n\n<div style=\"background:#fff\">\n\n\n\n<div class=\"wp-block-group\"><div class=\"wp-block-group__inner-container is-layout-flow wp-block-group-is-layout-flow\">\n<div class=\"bcontainer\">\n\n\n\n<div style=\"height:100px\" aria-hidden=\"true\" class=\"wp-block-spacer\"><\/div>\n\n\n\n<div class=\"brow d-flex justify-content-start align-items-center\">\n\n\n\n<div class=\"wp-block-group col-lg-6 col-12\"><div class=\"wp-block-group__inner-container is-layout-flow wp-block-group-is-layout-flow\">\n<div class=\"brow\">\n\n\n\n<div class=\"col-xl-9 col-12\">\n\n\n\n<figure class=\"wp-block-image size-full is-resized\"><img loading=\"lazy\" decoding=\"async\" src=\"https:\/\/www.sopost.com\/wp-content\/uploads\/2022\/08\/1.png\" alt=\"\" class=\"wp-image-3669\" width=\"70\" height=\"70\" srcset=\"https:\/\/sopost.com\/wp-content\/uploads\/2022\/08\/1.png 280w, https:\/\/sopost.com\/wp-content\/uploads\/2022\/08\/1-150x150.png 150w\" sizes=\"auto, (max-width: 70px) 100vw, 70px\" \/><\/figure>\n\n\n\n<h2 class=\"title mt-5 wp-block-heading\" style=\"font-size:33px\">Activations et int\u00e9grations<\/h2>\n\n\n\n<p>Des landing pages et des widgets \u00e0 l&rsquo;image de votre marque, ainsi qu&rsquo;une int\u00e9gration directe avec les unit\u00e9s publicitaires, permettent \u00e0 la technologie de SoPost de s&rsquo;int\u00e9grer directement dans vos communications en ligne. Adressez-vous \u00e0 votre audience, l\u00e0 o\u00f9 elle se trouve.<\/p>\n\n\n\n<p class=\"title mt-4\">Options d&rsquo;activation<\/p>\n\n\n\n<div class=\"brow p-0\">\n\n\n\n<div class=\"col-6 mt-2\">\n\n\n\n<p>Facebook<\/p>\n\n\n\n<p>Instagram<\/p>\n\n\n\n<p>TikTok<\/p>\n\n\n\n<p>CRM<\/p>\n\n\n\n<p>Pinterest<\/p>\n\n\n\n<p>Communaut\u00e9s d&rsquo;\u00e9diteurs<\/p>\n\n\n\n<\/div>\n\n\n\n<div class=\"col-6 mt-2\">\n\n\n\n<p><\/p>\n\n\n\n<p>Snapchat<\/p>\n\n\n\n<p>Google<\/p>\n\n\n\n<p>Influenceurs<\/p>\n\n\n\n<p>Spotify<\/p>\n\n\n\n<p>YouTube<\/p>\n\n\n\n<p>&#8230;et bien plus<\/p>\n\n\n\n<\/div>\n\n\n\n<\/div>\n\n\n\n<div class=\"brow p-0\">\n\n\n\n<div class=\"col\">\n\n\n\n<a class=\"pri-cta mt-5\" href=\"\/fr\/product\/activations-and-integrations\/\">En savoir plus sur nos activations en ligne<\/a>\n\n\n\n<\/div>\n\n\n\n<\/div>\n\n\n\n<\/div>\n\n\n\n<\/div>\n<\/div><\/div>\n\n\n\n<div class=\"wp-block-group col-lg-6 col-12 d-lg-block d-none\"><div class=\"wp-block-group__inner-container is-layout-flow wp-block-group-is-layout-flow\"><div class=\"wp-block-image\">\n<figure class=\"aligncenter size-full is-resized\"><img loading=\"lazy\" decoding=\"async\" src=\"https:\/\/www.sopost.com\/wp-content\/uploads\/2023\/01\/ratingsandreviews-img2.png\" alt=\"\" class=\"wp-image-5107\" width=\"503\" height=\"461\" srcset=\"https:\/\/sopost.com\/wp-content\/uploads\/2023\/01\/ratingsandreviews-img2.png 1005w, https:\/\/sopost.com\/wp-content\/uploads\/2023\/01\/ratingsandreviews-img2-300x275.png 300w, https:\/\/sopost.com\/wp-content\/uploads\/2023\/01\/ratingsandreviews-img2-768x704.png 768w\" sizes=\"auto, (max-width: 503px) 100vw, 503px\" \/><\/figure>\n<\/div><\/div><\/div>\n\n\n\n<\/div>\n\n\n\n<\/div>\n<\/div><\/div>\n\n\n\n<div style=\"height:100px\" aria-hidden=\"true\" class=\"wp-block-spacer spacer100\"><\/div>\n\n\n\n<div class=\"wp-block-group\"><div class=\"wp-block-group__inner-container is-layout-flow wp-block-group-is-layout-flow\">\n<div class=\"bcontainer\">\n\n\n\n<div style=\"height:100px\" aria-hidden=\"true\" class=\"wp-block-spacer\"><\/div>\n\n\n\n<div class=\"brow d-flex justify-content-start align-items-center\">\n\n\n\n<div class=\"wp-block-group col-lg-6 col-12 d-lg-block d-none pr-lg-5 pr-0\"><div class=\"wp-block-group__inner-container is-layout-flow wp-block-group-is-layout-flow\"><div class=\"wp-block-image\">\n<figure class=\"aligncenter size-full is-resized\"><img loading=\"lazy\" decoding=\"async\" src=\"https:\/\/www.sopost.com\/wp-content\/uploads\/2023\/01\/targetedproductsampling-img4.png\" alt=\"\" class=\"wp-image-5102\" width=\"784\" height=\"474\" srcset=\"https:\/\/sopost.com\/wp-content\/uploads\/2023\/01\/targetedproductsampling-img4.png 1568w, https:\/\/sopost.com\/wp-content\/uploads\/2023\/01\/targetedproductsampling-img4-300x181.png 300w, https:\/\/sopost.com\/wp-content\/uploads\/2023\/01\/targetedproductsampling-img4-1024x619.png 1024w, https:\/\/sopost.com\/wp-content\/uploads\/2023\/01\/targetedproductsampling-img4-768x464.png 768w, https:\/\/sopost.com\/wp-content\/uploads\/2023\/01\/targetedproductsampling-img4-1536x929.png 1536w\" sizes=\"auto, (max-width: 784px) 100vw, 784px\" \/><\/figure>\n<\/div><\/div><\/div>\n\n\n\n<div class=\"wp-block-group col-lg-6 col-12\"><div class=\"wp-block-group__inner-container is-layout-flow wp-block-group-is-layout-flow\">\n<div class=\"brow\">\n\n\n\n<div class=\"col-xl-9 col-12\">\n\n\n\n<figure class=\"wp-block-image size-full is-resized\"><img loading=\"lazy\" decoding=\"async\" src=\"https:\/\/www.sopost.com\/wp-content\/uploads\/2022\/08\/2.png\" alt=\"\" class=\"wp-image-3672\" width=\"70\" height=\"70\" srcset=\"https:\/\/sopost.com\/wp-content\/uploads\/2022\/08\/2.png 280w, https:\/\/sopost.com\/wp-content\/uploads\/2022\/08\/2-150x150.png 150w\" sizes=\"auto, (max-width: 70px) 100vw, 70px\" \/><\/figure>\n\n\n\n<h2 class=\"title mt-5 wp-block-heading\" style=\"font-size:32px\">Filtrage intelligent des commandes<\/h2>\n\n\n\n<p>Nos filtres de commande intelligents exclusifs veillent \u00e0 ce qu&rsquo;aucun de vos \u00e9chantillons ne soit gaspill\u00e9. Gr\u00e2ce \u00e0 un syst\u00e8me avanc\u00e9 de d\u00e9duplication, \u00e0 la validation de l&rsquo;adresse de livraison et \u00e0 notre capacit\u00e9 \u00e0 d\u00e9tecter les demandes \u00e0 faible valeur ajout\u00e9e &#8211; en fonction des objectifs de votre campagne &#8211; chaque exp\u00e9rience est personnalis\u00e9e.e est personnalis\u00e9e.<\/p>\n\n\n\n<a class=\"pri-cta mt-5\" href=\"\/fr\/product\/order-filtering\/\">En savoir plus sur le filtrage intelligent des commandes<\/a>\n\n\n\n<\/div>\n\n\n\n<\/div>\n<\/div><\/div>\n\n\n\n<\/div>\n\n\n\n<\/div>\n<\/div><\/div>\n\n\n\n<div style=\"height:100px\" aria-hidden=\"true\" class=\"wp-block-spacer spacer100\"><\/div>\n\n\n\n<div class=\"wp-block-group\"><div class=\"wp-block-group__inner-container is-layout-flow wp-block-group-is-layout-flow\">\n<div class=\"bcontainer\">\n\n\n\n<div style=\"height:100px\" aria-hidden=\"true\" class=\"wp-block-spacer\"><\/div>\n\n\n\n<div class=\"brow d-flex justify-content-start align-items-center\">\n\n\n\n<div class=\"wp-block-group col-lg-6 col-12\"><div class=\"wp-block-group__inner-container is-layout-flow wp-block-group-is-layout-flow\">\n<div class=\"brow\">\n\n\n\n<div class=\"col-xl-9 col-12\">\n\n\n\n<figure class=\"wp-block-image size-full is-resized\"><img loading=\"lazy\" decoding=\"async\" src=\"https:\/\/www.sopost.com\/wp-content\/uploads\/2022\/08\/3.png\" alt=\"\" class=\"wp-image-3675\" width=\"70\" height=\"70\" srcset=\"https:\/\/sopost.com\/wp-content\/uploads\/2022\/08\/3.png 280w, https:\/\/sopost.com\/wp-content\/uploads\/2022\/08\/3-150x150.png 150w\" sizes=\"auto, (max-width: 70px) 100vw, 70px\" \/><\/figure>\n\n\n\n<h2 class=\"title mt-5 wp-block-heading\" style=\"font-size:33px\">Un service sans faille \u00e0 l&rsquo;\u00e9chelle mondiale<\/h2>\n\n\n\n<p>Stockage et exp\u00e9dition d&rsquo;\u00e9chantillons \u00e0 partir de nos hubs mondiaux. Envoyez-nous votre stock et nous nous chargeons du reste.re stock et nous nous occupons du reste.<\/p>\n\n\n\n<a class=\"pri-cta mt-5\" href=\"\/fr\/product\/fulfillment\/\">En savoir plus sur notre gestion des commandes<\/a>\n\n\n\n<\/div>\n\n\n\n<\/div>\n<\/div><\/div>\n\n\n\n<div class=\"wp-block-group col-lg-6 col-12 d-lg-block d-none\"><div class=\"wp-block-group__inner-container is-layout-flow wp-block-group-is-layout-flow\"><div class=\"wp-block-image\">\n<figure class=\"aligncenter size-full is-resized\"><img loading=\"lazy\" decoding=\"async\" src=\"https:\/\/www.sopost.com\/wp-content\/uploads\/2023\/01\/newmarket-img3-1.png\" alt=\"\" class=\"wp-image-5138\" width=\"586\" height=\"446\" srcset=\"https:\/\/sopost.com\/wp-content\/uploads\/2023\/01\/newmarket-img3-1.png 586w, https:\/\/sopost.com\/wp-content\/uploads\/2023\/01\/newmarket-img3-1-300x228.png 300w\" sizes=\"auto, (max-width: 586px) 100vw, 586px\" \/><\/figure>\n<\/div><\/div><\/div>\n\n\n\n<\/div>\n\n\n\n<\/div>\n<\/div><\/div>\n\n\n\n<div style=\"height:100px\" aria-hidden=\"true\" class=\"wp-block-spacer spacer100\"><\/div>\n\n\n\n<div class=\"wp-block-group\"><div class=\"wp-block-group__inner-container is-layout-flow wp-block-group-is-layout-flow\">\n<div class=\"bcontainer\">\n\n\n\n<div style=\"height:100px\" aria-hidden=\"true\" class=\"wp-block-spacer\"><\/div>\n\n\n\n<div class=\"brow d-flex justify-content-start align-items-center\">\n\n\n\n<div class=\"wp-block-group col-lg-6 col-12 d-lg-block d-none\"><div class=\"wp-block-group__inner-container is-layout-flow wp-block-group-is-layout-flow\"><div class=\"wp-block-image\">\n<figure class=\"aligncenter size-full is-resized\"><img loading=\"lazy\" decoding=\"async\" src=\"https:\/\/www.sopost.com\/wp-content\/uploads\/2023\/01\/targetedproductsampling-img3-1.png\" alt=\"\" class=\"wp-image-5141\" width=\"417\" height=\"407\" srcset=\"https:\/\/sopost.com\/wp-content\/uploads\/2023\/01\/targetedproductsampling-img3-1.png 556w, https:\/\/sopost.com\/wp-content\/uploads\/2023\/01\/targetedproductsampling-img3-1-300x292.png 300w\" sizes=\"auto, (max-width: 417px) 100vw, 417px\" \/><\/figure>\n<\/div><\/div><\/div>\n\n\n\n<div class=\"wp-block-group col-lg-6 col-12\"><div class=\"wp-block-group__inner-container is-layout-flow wp-block-group-is-layout-flow\">\n<div class=\"brow\">\n\n\n\n<div class=\"col-xl-9 col-12\">\n\n\n\n<figure class=\"wp-block-image size-full is-resized\"><img loading=\"lazy\" decoding=\"async\" src=\"https:\/\/www.sopost.com\/wp-content\/uploads\/2022\/08\/4.png\" alt=\"\" class=\"wp-image-3678\" width=\"70\" height=\"70\" srcset=\"https:\/\/sopost.com\/wp-content\/uploads\/2022\/08\/4.png 280w, https:\/\/sopost.com\/wp-content\/uploads\/2022\/08\/4-150x150.png 150w\" sizes=\"auto, (max-width: 70px) 100vw, 70px\" \/><\/figure>\n\n\n\n<h2 class=\"title mt-5 wp-block-heading\" style=\"font-size:33px\">Donn\u00e9es, r\u00e9sultats et insights<\/h2>\n\n\n\n<p>La capture de donn\u00e9es, les enqu\u00eates de satisfaction post-essai et les \u00e9valuations et avis vous permettent d&rsquo;obtenir des rapports et des analyses puissants sur vos campagnes d&rsquo;\u00e9chantillonnage.<\/p>\n\n\n\n<p class=\"mt-4 title\">Des donn\u00e9es ultra-qualitatives<\/p>\n\n\n\n<p class=\"mt-3\">Nous recueillons des donn\u00e9es riches et de grande qualit\u00e9 sur les consommateurs, ce qui vous permet de continuer le dialogue avec eux apr\u00e8s l&rsquo;essai.<\/p>\n\n\n\n<p class=\"mt-4 title\">Augmentez vos ventes gr\u00e2ce aux avis clients<\/p>\n\n\n\n<p class=\"mt-3\">Gr\u00e2ce \u00e0 nos int\u00e9grations avec Bazaarvoice, PowerReviews et Yotpo, les avis que nous recueillons peuvent \u00eatre diffus\u00e9s sur votre site Web et aupr\u00e8s de vos distributeurs.<\/p>\n\n\n\n<a class=\"pri-cta mt-5\" href=\"\/fr\/product\/results-insights\/\">En savoir plus sur nos r\u00e9sultats &amp; insights<\/a>\n\n\n\n<\/div>\n\n\n\n<\/div>\n<\/div><\/div>\n\n\n\n<\/div>\n\n\n\n<\/div>\n<\/div><\/div>\n\n\n\n<div style=\"height:100px\" aria-hidden=\"true\" class=\"wp-block-spacer spacer100\"><\/div>\n\n\n\n<\/div>\n\n\n\n<\/div>\n\n\n\n<div style=\"height:50px\" aria-hidden=\"true\" class=\"wp-block-spacer\"><\/div>\n\n\n\n<div class=\"mt-5\" style=\"background:#e8edf0\">\n\n\n\n<div class=\"mt-5\" style=\"background:#e8edf0\">\n\n\n\n<div class=\"wp-block-group bcontainer py-5\"><div class=\"wp-block-group__inner-container is-layout-flow wp-block-group-is-layout-flow\">\n<div class=\"wp-block-columns are-vertically-aligned-center brow mt-5 px-2 is-layout-flex wp-container-core-columns-is-layout-9d6595d7 wp-block-columns-is-layout-flex\">\n<div class=\"wp-block-column is-vertically-aligned-center is-layout-flow wp-block-column-is-layout-flow\">\n<h1 class=\"text-center page-top-subtext mb-0\"><span style=\"color:#0066ff;font-size:16px;line-height:22px;\">Parlez \u00e0 un expert<\/span><\/h1>\n\n\n\n<h2 class=\"has-text-align-center title\" style=\"font-size:48px\">Prenez rendez-vous avec nous<\/h2>\n\n\n\n<p class=\"text-center\">Nous avons aid\u00e9 plus de 350 marques \u00e0 optimiser leurs op\u00e9rations de marketing.<\/p>\n\n\n\n<a href=\"\/fr\/book-a-meeting\/\" class=\"pri-cta mt-4 mx-auto\">Prenez rendez-vous avec nous<\/a>\n<\/div>\n<\/div>\n<\/div><\/div>\n\n\n\n<\/div>\n\n\n\n<\/div>\n\n\n\n<div style=\"height:50px\" aria-hidden=\"true\" class=\"wp-block-spacer\"><\/div>\n","protected":false},"excerpt":{"rendered":"<p>Comment \u00e7a marche Produit Notre plateforme, leader sur le march\u00e9, est utilis\u00e9e par des centaines de marques internationales pour offrir les exp\u00e9riences d&rsquo;\u00e9chantillonnage de produits les plus efficaces. Parlons d&rsquo;\u00e9chantillonnage Activations et int\u00e9grations Des landing pages et des widgets \u00e0 l&rsquo;image de votre marque, ainsi qu&rsquo;une int\u00e9gration directe avec les unit\u00e9s publicitaires, permettent \u00e0 la<\/p>\n","protected":false},"author":13,"featured_media":10133,"parent":0,"menu_order":0,"comment_status":"closed","ping_status":"closed","template":"page-templates\/blank.php","meta":{"_acf_changed":false,"_eb_attr":"","inline_featured_image":false,"_uag_custom_page_level_css":"","footnotes":""},"class_list":["post-4828","page","type-page","status-publish","has-post-thumbnail","hentry"],"acf":[],"yoast_head":"<!-- This site is optimized with the Yoast SEO plugin v26.9 - https:\/\/yoast.com\/product\/yoast-seo-wordpress\/ -->\n<title>\u00c9chantillonnez vos produits efficacement | SoPost<\/title>\n<meta name=\"description\" content=\"D\u00e9couvrez pourquoi notre plateforme leader du march\u00e9 est utilis\u00e9e par des centaines de marques internationales pour offrir les exp\u00e9riences d&#039;\u00e9chantillonnage de produits les plus efficaces.\" \/>\n<meta name=\"robots\" content=\"index, follow, max-snippet:-1, max-image-preview:large, max-video-preview:-1\" \/>\n<link rel=\"canonical\" href=\"https:\/\/sopost.com\/fr\/notre-service\/\" \/>\n<meta property=\"og:locale\" content=\"fr_FR\" \/>\n<meta property=\"og:type\" content=\"article\" \/>\n<meta property=\"og:title\" content=\"\u00c9chantillonnez vos produits efficacement | SoPost\" \/>\n<meta property=\"og:description\" content=\"D\u00e9couvrez pourquoi notre plateforme leader du march\u00e9 est utilis\u00e9e par des centaines de marques internationales pour offrir les exp\u00e9riences d&#039;\u00e9chantillonnage de produits les plus efficaces.\" \/>\n<meta property=\"og:url\" content=\"https:\/\/sopost.com\/fr\/notre-service\/\" \/>\n<meta property=\"og:site_name\" content=\"SoPost\" \/>\n<meta property=\"article:modified_time\" content=\"2023-02-14T13:47:18+00:00\" \/>\n<meta property=\"og:image\" content=\"https:\/\/sopost.com\/wp-content\/uploads\/2023\/08\/og-product.jpg\" \/>\n\t<meta property=\"og:image:width\" content=\"1200\" \/>\n\t<meta property=\"og:image:height\" content=\"627\" \/>\n\t<meta property=\"og:image:type\" content=\"image\/jpeg\" \/>\n<meta name=\"twitter:card\" content=\"summary_large_image\" \/>\n<script type=\"application\/ld+json\" class=\"yoast-schema-graph\">{\"@context\":\"https:\/\/schema.org\",\"@graph\":[{\"@type\":\"WebPage\",\"@id\":\"https:\/\/sopost.com\/fr\/notre-service\/\",\"url\":\"https:\/\/sopost.com\/fr\/notre-service\/\",\"name\":\"\u00c9chantillonnez vos produits efficacement | SoPost\",\"isPartOf\":{\"@id\":\"https:\/\/sopost.com\/#website\"},\"primaryImageOfPage\":{\"@id\":\"https:\/\/sopost.com\/fr\/notre-service\/#primaryimage\"},\"image\":{\"@id\":\"https:\/\/sopost.com\/fr\/notre-service\/#primaryimage\"},\"thumbnailUrl\":\"https:\/\/sopost.com\/wp-content\/uploads\/2023\/08\/og-product.jpg\",\"datePublished\":\"2022-06-10T12:14:22+00:00\",\"dateModified\":\"2023-02-14T13:47:18+00:00\",\"description\":\"D\u00e9couvrez pourquoi notre plateforme leader du march\u00e9 est utilis\u00e9e par des centaines de marques internationales pour offrir les exp\u00e9riences d'\u00e9chantillonnage de produits les plus efficaces.\",\"breadcrumb\":{\"@id\":\"https:\/\/sopost.com\/fr\/notre-service\/#breadcrumb\"},\"inLanguage\":\"fr-FR\",\"potentialAction\":[{\"@type\":\"ReadAction\",\"target\":[\"https:\/\/sopost.com\/fr\/notre-service\/\"]}]},{\"@type\":\"ImageObject\",\"inLanguage\":\"fr-FR\",\"@id\":\"https:\/\/sopost.com\/fr\/notre-service\/#primaryimage\",\"url\":\"https:\/\/sopost.com\/wp-content\/uploads\/2023\/08\/og-product.jpg\",\"contentUrl\":\"https:\/\/sopost.com\/wp-content\/uploads\/2023\/08\/og-product.jpg\",\"width\":1200,\"height\":627},{\"@type\":\"BreadcrumbList\",\"@id\":\"https:\/\/sopost.com\/fr\/notre-service\/#breadcrumb\",\"itemListElement\":[{\"@type\":\"ListItem\",\"position\":1,\"name\":\"Home\",\"item\":\"https:\/\/sopost.com\/fr\/\"},{\"@type\":\"ListItem\",\"position\":2,\"name\":\"SoPost | Notre solution\"}]},{\"@type\":\"WebSite\",\"@id\":\"https:\/\/sopost.com\/#website\",\"url\":\"https:\/\/sopost.com\/\",\"name\":\"SoPost\",\"description\":\"\",\"potentialAction\":[{\"@type\":\"SearchAction\",\"target\":{\"@type\":\"EntryPoint\",\"urlTemplate\":\"https:\/\/sopost.com\/?s={search_term_string}\"},\"query-input\":{\"@type\":\"PropertyValueSpecification\",\"valueRequired\":true,\"valueName\":\"search_term_string\"}}],\"inLanguage\":\"fr-FR\"}]}<\/script>\n<!-- \/ Yoast SEO plugin. -->","yoast_head_json":{"title":"\u00c9chantillonnez vos produits efficacement | SoPost","description":"D\u00e9couvrez pourquoi notre plateforme leader du march\u00e9 est utilis\u00e9e par des centaines de marques internationales pour offrir les exp\u00e9riences d'\u00e9chantillonnage de produits les plus efficaces.","robots":{"index":"index","follow":"follow","max-snippet":"max-snippet:-1","max-image-preview":"max-image-preview:large","max-video-preview":"max-video-preview:-1"},"canonical":"https:\/\/sopost.com\/fr\/notre-service\/","og_locale":"fr_FR","og_type":"article","og_title":"\u00c9chantillonnez vos produits efficacement | SoPost","og_description":"D\u00e9couvrez pourquoi notre plateforme leader du march\u00e9 est utilis\u00e9e par des centaines de marques internationales pour offrir les exp\u00e9riences d'\u00e9chantillonnage de produits les plus efficaces.","og_url":"https:\/\/sopost.com\/fr\/notre-service\/","og_site_name":"SoPost","article_modified_time":"2023-02-14T13:47:18+00:00","og_image":[{"width":1200,"height":627,"url":"https:\/\/sopost.com\/wp-content\/uploads\/2023\/08\/og-product.jpg","type":"image\/jpeg"}],"twitter_card":"summary_large_image","schema":{"@context":"https:\/\/schema.org","@graph":[{"@type":"WebPage","@id":"https:\/\/sopost.com\/fr\/notre-service\/","url":"https:\/\/sopost.com\/fr\/notre-service\/","name":"\u00c9chantillonnez vos produits efficacement | SoPost","isPartOf":{"@id":"https:\/\/sopost.com\/#website"},"primaryImageOfPage":{"@id":"https:\/\/sopost.com\/fr\/notre-service\/#primaryimage"},"image":{"@id":"https:\/\/sopost.com\/fr\/notre-service\/#primaryimage"},"thumbnailUrl":"https:\/\/sopost.com\/wp-content\/uploads\/2023\/08\/og-product.jpg","datePublished":"2022-06-10T12:14:22+00:00","dateModified":"2023-02-14T13:47:18+00:00","description":"D\u00e9couvrez pourquoi notre plateforme leader du march\u00e9 est utilis\u00e9e par des centaines de marques internationales pour offrir les exp\u00e9riences d'\u00e9chantillonnage de produits les plus efficaces.","breadcrumb":{"@id":"https:\/\/sopost.com\/fr\/notre-service\/#breadcrumb"},"inLanguage":"fr-FR","potentialAction":[{"@type":"ReadAction","target":["https:\/\/sopost.com\/fr\/notre-service\/"]}]},{"@type":"ImageObject","inLanguage":"fr-FR","@id":"https:\/\/sopost.com\/fr\/notre-service\/#primaryimage","url":"https:\/\/sopost.com\/wp-content\/uploads\/2023\/08\/og-product.jpg","contentUrl":"https:\/\/sopost.com\/wp-content\/uploads\/2023\/08\/og-product.jpg","width":1200,"height":627},{"@type":"BreadcrumbList","@id":"https:\/\/sopost.com\/fr\/notre-service\/#breadcrumb","itemListElement":[{"@type":"ListItem","position":1,"name":"Home","item":"https:\/\/sopost.com\/fr\/"},{"@type":"ListItem","position":2,"name":"SoPost | Notre solution"}]},{"@type":"WebSite","@id":"https:\/\/sopost.com\/#website","url":"https:\/\/sopost.com\/","name":"SoPost","description":"","potentialAction":[{"@type":"SearchAction","target":{"@type":"EntryPoint","urlTemplate":"https:\/\/sopost.com\/?s={search_term_string}"},"query-input":{"@type":"PropertyValueSpecification","valueRequired":true,"valueName":"search_term_string"}}],"inLanguage":"fr-FR"}]}},"uagb_featured_image_src":{"full":["https:\/\/sopost.com\/wp-content\/uploads\/2023\/08\/og-product.jpg",1200,627,false],"thumbnail":["https:\/\/sopost.com\/wp-content\/uploads\/2023\/08\/og-product-150x150.jpg",150,150,true],"medium":["https:\/\/sopost.com\/wp-content\/uploads\/2023\/08\/og-product-300x157.jpg",300,157,true],"medium_large":["https:\/\/sopost.com\/wp-content\/uploads\/2023\/08\/og-product-768x401.jpg",640,334,true],"large":["https:\/\/sopost.com\/wp-content\/uploads\/2023\/08\/og-product-1024x535.jpg",640,334,true],"1536x1536":["https:\/\/sopost.com\/wp-content\/uploads\/2023\/08\/og-product.jpg",1200,627,false],"2048x2048":["https:\/\/sopost.com\/wp-content\/uploads\/2023\/08\/og-product.jpg",1200,627,false]},"uagb_author_info":{"display_name":"Scott Hewitson","author_link":"https:\/\/sopost.com\/fr\/blog\/author\/shewitson\/"},"uagb_comment_info":0,"uagb_excerpt":"Comment \u00e7a marche Produit Notre plateforme, leader sur le march\u00e9, est utilis\u00e9e par des centaines de marques internationales pour offrir les exp\u00e9riences d&rsquo;\u00e9chantillonnage de produits les plus efficaces. Parlons d&rsquo;\u00e9chantillonnage Activations et int\u00e9grations Des landing pages et des widgets \u00e0 l&rsquo;image de votre marque, ainsi qu&rsquo;une int\u00e9gration directe avec les unit\u00e9s publicitaires, permettent \u00e0 la","_links":{"self":[{"href":"https:\/\/sopost.com\/fr\/wp-json\/wp\/v2\/pages\/4828","targetHints":{"allow":["GET"]}}],"collection":[{"href":"https:\/\/sopost.com\/fr\/wp-json\/wp\/v2\/pages"}],"about":[{"href":"https:\/\/sopost.com\/fr\/wp-json\/wp\/v2\/types\/page"}],"author":[{"embeddable":true,"href":"https:\/\/sopost.com\/fr\/wp-json\/wp\/v2\/users\/13"}],"replies":[{"embeddable":true,"href":"https:\/\/sopost.com\/fr\/wp-json\/wp\/v2\/comments?post=4828"}],"version-history":[{"count":9,"href":"https:\/\/sopost.com\/fr\/wp-json\/wp\/v2\/pages\/4828\/revisions"}],"predecessor-version":[{"id":5371,"href":"https:\/\/sopost.com\/fr\/wp-json\/wp\/v2\/pages\/4828\/revisions\/5371"}],"wp:featuredmedia":[{"embeddable":true,"href":"https:\/\/sopost.com\/fr\/wp-json\/wp\/v2\/media\/10133"}],"wp:attachment":[{"href":"https:\/\/sopost.com\/fr\/wp-json\/wp\/v2\/media?parent=4828"}],"curies":[{"name":"wp","href":"https:\/\/api.w.org\/{rel}","templated":true}]}}