{"id":4830,"date":"2022-06-06T14:53:56","date_gmt":"2022-06-06T14:53:56","guid":{"rendered":"https:\/\/www.sopost.com\/?page_id=4830"},"modified":"2023-02-23T13:31:11","modified_gmt":"2023-02-23T13:31:11","slug":"prenez-rendez-vous-avec-nous","status":"publish","type":"page","link":"https:\/\/sopost.com\/fr\/prenez-rendez-vous-avec-nous\/","title":{"rendered":"SoPost | Prenez rendez-vous avec nous"},"content":{"rendered":"\n<div style=\"background:#e8edf0\">\n\n\n\n<div class=\"wp-block-group bcontainer py-5\"><div class=\"wp-block-group__inner-container is-layout-flow wp-block-group-is-layout-flow\">\n<div class=\"wp-block-columns are-vertically-aligned-center brow mt-5 is-layout-flex wp-container-core-columns-is-layout-9d6595d7 wp-block-columns-is-layout-flex\">\n<div class=\"wp-block-column is-vertically-aligned-center is-layout-flow wp-block-column-is-layout-flow\">\n<h4 class=\"wp-block-heading\">Parlez \u00e0 un de nos experts<\/h4>\n\n\n\n<h1 class=\"wp-block-heading\">Prendre rendez-vous<\/h1>\n\n\n\n<p>Organisez une r\u00e9union avec l&rsquo;un de nos experts aujourd&rsquo;hui et apprenez-en plus sur les sujets suivants :<\/p>\n\n\n\n<div class=\"wp-block-columns is-not-stacked-on-mobile mt-5 mb-0 is-layout-flex wp-container-core-columns-is-layout-9d6595d7 wp-block-columns-is-layout-flex\">\n<div class=\"wp-block-column is-layout-flow wp-block-column-is-layout-flow\" style=\"flex-basis:5%\"><div class=\"wp-block-image\">\n<figure class=\"aligncenter size-large\"><img decoding=\"async\" src=\"\/wp-content\/uploads\/2022\/05\/tick.png\" alt=\"\"\/><\/figure>\n<\/div><\/div>\n\n\n\n<div class=\"wp-block-column is-layout-flow wp-block-column-is-layout-flow\" style=\"flex-basis:92%\">\n<p>Conseils en strat\u00e9gie et cadrage des campagnes<\/p>\n<\/div>\n<\/div>\n\n\n\n<div class=\"wp-block-columns is-not-stacked-on-mobile mb-0 is-layout-flex wp-container-core-columns-is-layout-9d6595d7 wp-block-columns-is-layout-flex\">\n<div class=\"wp-block-column is-layout-flow wp-block-column-is-layout-flow\" style=\"flex-basis:5%\"><div class=\"wp-block-image\">\n<figure class=\"aligncenter size-large\"><img decoding=\"async\" src=\"\/wp-content\/uploads\/2022\/05\/tick.png\" alt=\"\"\/><\/figure>\n<\/div><\/div>\n\n\n\n<div class=\"wp-block-column is-layout-flow wp-block-column-is-layout-flow\" style=\"flex-basis:92%\">\n<p>Traitement des commandes en continu et gaspillage limit\u00e9<\/p>\n<\/div>\n<\/div>\n\n\n\n<div class=\"wp-block-columns is-not-stacked-on-mobile mb-0 is-layout-flex wp-container-core-columns-is-layout-9d6595d7 wp-block-columns-is-layout-flex\">\n<div class=\"wp-block-column is-layout-flow wp-block-column-is-layout-flow\" style=\"flex-basis:5%\"><div class=\"wp-block-image\">\n<figure class=\"aligncenter size-large\"><img decoding=\"async\" src=\"\/wp-content\/uploads\/2022\/05\/tick.png\" alt=\"\"\/><\/figure>\n<\/div><\/div>\n\n\n\n<div class=\"wp-block-column is-layout-flow wp-block-column-is-layout-flow\" style=\"flex-basis:92%\">\n<p>Exp\u00e9dition \u00e0 l&rsquo;international dans les meilleurs d\u00e9lais<\/p>\n<\/div>\n<\/div>\n\n\n\n<div class=\"wp-block-columns is-not-stacked-on-mobile mb-0 is-layout-flex wp-container-core-columns-is-layout-9d6595d7 wp-block-columns-is-layout-flex\">\n<div class=\"wp-block-column is-layout-flow wp-block-column-is-layout-flow\" style=\"flex-basis:5%\"><div class=\"wp-block-image\">\n<figure class=\"aligncenter size-large\"><img decoding=\"async\" src=\"\/wp-content\/uploads\/2022\/05\/tick.png\" alt=\"\"\/><\/figure>\n<\/div><\/div>\n\n\n\n<div class=\"wp-block-column is-layout-flow wp-block-column-is-layout-flow\" style=\"flex-basis:92%\">\n<p>Analyse des campagnes et rapports<\/p>\n<\/div>\n<\/div>\n<\/div>\n\n\n\n<div class=\"wp-block-column is-vertically-aligned-center p-4 is-layout-flow wp-block-column-is-layout-flow\">\n<div class=\"wp-block-group home-contact-form contact-form\"><div class=\"wp-block-group__inner-container is-layout-flow wp-block-group-is-layout-flow\">\n<script charset=\"utf-8\" type=\"text\/javascript\" src=\"\/\/js.hsforms.net\/forms\/embed\/v2.js\"><\/script>\n<script>\n  hbspt.forms.create({\n    region: \"na1\",\n    portalId: \"5599531\",\n    formId: \"b6198f47-2d1d-425a-8a70-3116292f5c00\"\n  });\n<\/script>\n<\/div><\/div>\n<\/div>\n<\/div>\n<\/div><\/div>\n\n\n\n<\/div>\n\n\n\n<div style=\"height:100px\" aria-hidden=\"true\" class=\"wp-block-spacer\"><\/div>\n\n\n\n<div style=\"background:#fff\"><\/div>\n\n\n\n<div style=\"height:50px\" aria-hidden=\"true\" class=\"wp-block-spacer\"><\/div>\n","protected":false},"excerpt":{"rendered":"<p>Parlez \u00e0 un de nos experts Prendre rendez-vous Organisez une r\u00e9union avec l&rsquo;un de nos experts aujourd&rsquo;hui et apprenez-en plus sur les sujets suivants : Conseils en strat\u00e9gie et cadrage des campagnes Traitement des commandes en continu et gaspillage limit\u00e9 Exp\u00e9dition \u00e0 l&rsquo;international dans les meilleurs d\u00e9lais Analyse des campagnes et rapports<\/p>\n","protected":false},"author":13,"featured_media":10161,"parent":0,"menu_order":0,"comment_status":"closed","ping_status":"closed","template":"page-templates\/blank.php","meta":{"_acf_changed":false,"_eb_attr":"","inline_featured_image":false,"_uag_custom_page_level_css":"","footnotes":""},"class_list":["post-4830","page","type-page","status-publish","has-post-thumbnail","hentry"],"acf":[],"yoast_head":"<!-- This site is optimized with the Yoast SEO plugin v26.9 - https:\/\/yoast.com\/product\/yoast-seo-wordpress\/ -->\n<title>Prenez rendez-vous avec nous | SoPost<\/title>\n<meta name=\"description\" content=\"Vous voulez \u00e9chantillonner plus efficacement ? Vous voulez \u00e9chantillonner plus efficacement ? Organisez une r\u00e9union avec l&#039;un de nos experts aujourd&#039;hui et apprenez-en plus sur les sujets suivants : Conseils et organisation de campagnes, Commandes transparentes et gaspillage limit\u00e9, Une r\u00e9alisation internationale en temps voulu, Analyse de la campagne et rapports Parlons d&#039;\u00e9chantillonnage\" \/>\n<meta name=\"robots\" content=\"index, follow, max-snippet:-1, max-image-preview:large, max-video-preview:-1\" \/>\n<link rel=\"canonical\" href=\"https:\/\/sopost.com\/fr\/prenez-rendez-vous-avec-nous\/\" \/>\n<meta property=\"og:locale\" content=\"fr_FR\" \/>\n<meta property=\"og:type\" content=\"article\" \/>\n<meta property=\"og:title\" content=\"Prenez rendez-vous avec nous | SoPost\" \/>\n<meta property=\"og:description\" content=\"Vous voulez \u00e9chantillonner plus efficacement ? Vous voulez \u00e9chantillonner plus efficacement ? Organisez une r\u00e9union avec l&#039;un de nos experts aujourd&#039;hui et apprenez-en plus sur les sujets suivants : Conseils et organisation de campagnes, Commandes transparentes et gaspillage limit\u00e9, Une r\u00e9alisation internationale en temps voulu, Analyse de la campagne et rapports Parlons d&#039;\u00e9chantillonnage\" \/>\n<meta property=\"og:url\" content=\"https:\/\/sopost.com\/fr\/prenez-rendez-vous-avec-nous\/\" \/>\n<meta property=\"og:site_name\" content=\"SoPost\" \/>\n<meta property=\"article:modified_time\" content=\"2023-02-23T13:31:11+00:00\" \/>\n<meta property=\"og:image\" content=\"https:\/\/sopost.com\/wp-content\/uploads\/2023\/08\/og-bookmeeting.jpg\" \/>\n\t<meta property=\"og:image:width\" content=\"1200\" \/>\n\t<meta property=\"og:image:height\" content=\"627\" \/>\n\t<meta property=\"og:image:type\" content=\"image\/jpeg\" \/>\n<meta name=\"twitter:card\" content=\"summary_large_image\" \/>\n<meta name=\"twitter:label1\" content=\"Est. reading time\" \/>\n\t<meta name=\"twitter:data1\" content=\"2 minutes\" \/>\n<script type=\"application\/ld+json\" class=\"yoast-schema-graph\">{\"@context\":\"https:\/\/schema.org\",\"@graph\":[{\"@type\":\"WebPage\",\"@id\":\"https:\/\/sopost.com\/fr\/prenez-rendez-vous-avec-nous\/\",\"url\":\"https:\/\/sopost.com\/fr\/prenez-rendez-vous-avec-nous\/\",\"name\":\"Prenez rendez-vous avec nous | SoPost\",\"isPartOf\":{\"@id\":\"https:\/\/sopost.com\/#website\"},\"primaryImageOfPage\":{\"@id\":\"https:\/\/sopost.com\/fr\/prenez-rendez-vous-avec-nous\/#primaryimage\"},\"image\":{\"@id\":\"https:\/\/sopost.com\/fr\/prenez-rendez-vous-avec-nous\/#primaryimage\"},\"thumbnailUrl\":\"https:\/\/sopost.com\/wp-content\/uploads\/2023\/08\/og-bookmeeting.jpg\",\"datePublished\":\"2022-06-06T14:53:56+00:00\",\"dateModified\":\"2023-02-23T13:31:11+00:00\",\"description\":\"Vous voulez \u00e9chantillonner plus efficacement ? Vous voulez \u00e9chantillonner plus efficacement ? Organisez une r\u00e9union avec l'un de nos experts aujourd'hui et apprenez-en plus sur les sujets suivants : Conseils et organisation de campagnes, Commandes transparentes et gaspillage limit\u00e9, Une r\u00e9alisation internationale en temps voulu, Analyse de la campagne et rapports Parlons d'\u00e9chantillonnage\",\"breadcrumb\":{\"@id\":\"https:\/\/sopost.com\/fr\/prenez-rendez-vous-avec-nous\/#breadcrumb\"},\"inLanguage\":\"fr-FR\",\"potentialAction\":[{\"@type\":\"ReadAction\",\"target\":[\"https:\/\/sopost.com\/fr\/prenez-rendez-vous-avec-nous\/\"]}]},{\"@type\":\"ImageObject\",\"inLanguage\":\"fr-FR\",\"@id\":\"https:\/\/sopost.com\/fr\/prenez-rendez-vous-avec-nous\/#primaryimage\",\"url\":\"https:\/\/sopost.com\/wp-content\/uploads\/2023\/08\/og-bookmeeting.jpg\",\"contentUrl\":\"https:\/\/sopost.com\/wp-content\/uploads\/2023\/08\/og-bookmeeting.jpg\",\"width\":1200,\"height\":627},{\"@type\":\"BreadcrumbList\",\"@id\":\"https:\/\/sopost.com\/fr\/prenez-rendez-vous-avec-nous\/#breadcrumb\",\"itemListElement\":[{\"@type\":\"ListItem\",\"position\":1,\"name\":\"Home\",\"item\":\"https:\/\/sopost.com\/fr\/\"},{\"@type\":\"ListItem\",\"position\":2,\"name\":\"SoPost | Prenez rendez-vous avec nous\"}]},{\"@type\":\"WebSite\",\"@id\":\"https:\/\/sopost.com\/#website\",\"url\":\"https:\/\/sopost.com\/\",\"name\":\"SoPost\",\"description\":\"\",\"potentialAction\":[{\"@type\":\"SearchAction\",\"target\":{\"@type\":\"EntryPoint\",\"urlTemplate\":\"https:\/\/sopost.com\/?s={search_term_string}\"},\"query-input\":{\"@type\":\"PropertyValueSpecification\",\"valueRequired\":true,\"valueName\":\"search_term_string\"}}],\"inLanguage\":\"fr-FR\"}]}<\/script>\n<!-- \/ Yoast SEO plugin. -->","yoast_head_json":{"title":"Prenez rendez-vous avec nous | SoPost","description":"Vous voulez \u00e9chantillonner plus efficacement ? Vous voulez \u00e9chantillonner plus efficacement ? Organisez une r\u00e9union avec l'un de nos experts aujourd'hui et apprenez-en plus sur les sujets suivants : Conseils et organisation de campagnes, Commandes transparentes et gaspillage limit\u00e9, Une r\u00e9alisation internationale en temps voulu, Analyse de la campagne et rapports Parlons d'\u00e9chantillonnage","robots":{"index":"index","follow":"follow","max-snippet":"max-snippet:-1","max-image-preview":"max-image-preview:large","max-video-preview":"max-video-preview:-1"},"canonical":"https:\/\/sopost.com\/fr\/prenez-rendez-vous-avec-nous\/","og_locale":"fr_FR","og_type":"article","og_title":"Prenez rendez-vous avec nous | SoPost","og_description":"Vous voulez \u00e9chantillonner plus efficacement ? Vous voulez \u00e9chantillonner plus efficacement ? Organisez une r\u00e9union avec l'un de nos experts aujourd'hui et apprenez-en plus sur les sujets suivants : Conseils et organisation de campagnes, Commandes transparentes et gaspillage limit\u00e9, Une r\u00e9alisation internationale en temps voulu, Analyse de la campagne et rapports Parlons d'\u00e9chantillonnage","og_url":"https:\/\/sopost.com\/fr\/prenez-rendez-vous-avec-nous\/","og_site_name":"SoPost","article_modified_time":"2023-02-23T13:31:11+00:00","og_image":[{"width":1200,"height":627,"url":"https:\/\/sopost.com\/wp-content\/uploads\/2023\/08\/og-bookmeeting.jpg","type":"image\/jpeg"}],"twitter_card":"summary_large_image","twitter_misc":{"Est. reading time":"2 minutes"},"schema":{"@context":"https:\/\/schema.org","@graph":[{"@type":"WebPage","@id":"https:\/\/sopost.com\/fr\/prenez-rendez-vous-avec-nous\/","url":"https:\/\/sopost.com\/fr\/prenez-rendez-vous-avec-nous\/","name":"Prenez rendez-vous avec nous | SoPost","isPartOf":{"@id":"https:\/\/sopost.com\/#website"},"primaryImageOfPage":{"@id":"https:\/\/sopost.com\/fr\/prenez-rendez-vous-avec-nous\/#primaryimage"},"image":{"@id":"https:\/\/sopost.com\/fr\/prenez-rendez-vous-avec-nous\/#primaryimage"},"thumbnailUrl":"https:\/\/sopost.com\/wp-content\/uploads\/2023\/08\/og-bookmeeting.jpg","datePublished":"2022-06-06T14:53:56+00:00","dateModified":"2023-02-23T13:31:11+00:00","description":"Vous voulez \u00e9chantillonner plus efficacement ? Vous voulez \u00e9chantillonner plus efficacement ? Organisez une r\u00e9union avec l'un de nos experts aujourd'hui et apprenez-en plus sur les sujets suivants : Conseils et organisation de campagnes, Commandes transparentes et gaspillage limit\u00e9, Une r\u00e9alisation internationale en temps voulu, Analyse de la campagne et rapports Parlons d'\u00e9chantillonnage","breadcrumb":{"@id":"https:\/\/sopost.com\/fr\/prenez-rendez-vous-avec-nous\/#breadcrumb"},"inLanguage":"fr-FR","potentialAction":[{"@type":"ReadAction","target":["https:\/\/sopost.com\/fr\/prenez-rendez-vous-avec-nous\/"]}]},{"@type":"ImageObject","inLanguage":"fr-FR","@id":"https:\/\/sopost.com\/fr\/prenez-rendez-vous-avec-nous\/#primaryimage","url":"https:\/\/sopost.com\/wp-content\/uploads\/2023\/08\/og-bookmeeting.jpg","contentUrl":"https:\/\/sopost.com\/wp-content\/uploads\/2023\/08\/og-bookmeeting.jpg","width":1200,"height":627},{"@type":"BreadcrumbList","@id":"https:\/\/sopost.com\/fr\/prenez-rendez-vous-avec-nous\/#breadcrumb","itemListElement":[{"@type":"ListItem","position":1,"name":"Home","item":"https:\/\/sopost.com\/fr\/"},{"@type":"ListItem","position":2,"name":"SoPost | Prenez rendez-vous avec nous"}]},{"@type":"WebSite","@id":"https:\/\/sopost.com\/#website","url":"https:\/\/sopost.com\/","name":"SoPost","description":"","potentialAction":[{"@type":"SearchAction","target":{"@type":"EntryPoint","urlTemplate":"https:\/\/sopost.com\/?s={search_term_string}"},"query-input":{"@type":"PropertyValueSpecification","valueRequired":true,"valueName":"search_term_string"}}],"inLanguage":"fr-FR"}]}},"uagb_featured_image_src":{"full":["https:\/\/sopost.com\/wp-content\/uploads\/2023\/08\/og-bookmeeting.jpg",1200,627,false],"thumbnail":["https:\/\/sopost.com\/wp-content\/uploads\/2023\/08\/og-bookmeeting-150x150.jpg",150,150,true],"medium":["https:\/\/sopost.com\/wp-content\/uploads\/2023\/08\/og-bookmeeting-300x157.jpg",300,157,true],"medium_large":["https:\/\/sopost.com\/wp-content\/uploads\/2023\/08\/og-bookmeeting-768x401.jpg",640,334,true],"large":["https:\/\/sopost.com\/wp-content\/uploads\/2023\/08\/og-bookmeeting-1024x535.jpg",640,334,true],"1536x1536":["https:\/\/sopost.com\/wp-content\/uploads\/2023\/08\/og-bookmeeting.jpg",1200,627,false],"2048x2048":["https:\/\/sopost.com\/wp-content\/uploads\/2023\/08\/og-bookmeeting.jpg",1200,627,false]},"uagb_author_info":{"display_name":"Scott Hewitson","author_link":"https:\/\/sopost.com\/fr\/blog\/author\/shewitson\/"},"uagb_comment_info":0,"uagb_excerpt":"Parlez \u00e0 un de nos experts Prendre rendez-vous Organisez une r\u00e9union avec l&rsquo;un de nos experts aujourd&rsquo;hui et apprenez-en plus sur les sujets suivants : Conseils en strat\u00e9gie et cadrage des campagnes Traitement des commandes en continu et gaspillage limit\u00e9 Exp\u00e9dition \u00e0 l&rsquo;international dans les meilleurs d\u00e9lais Analyse des campagnes et rapports","_links":{"self":[{"href":"https:\/\/sopost.com\/fr\/wp-json\/wp\/v2\/pages\/4830","targetHints":{"allow":["GET"]}}],"collection":[{"href":"https:\/\/sopost.com\/fr\/wp-json\/wp\/v2\/pages"}],"about":[{"href":"https:\/\/sopost.com\/fr\/wp-json\/wp\/v2\/types\/page"}],"author":[{"embeddable":true,"href":"https:\/\/sopost.com\/fr\/wp-json\/wp\/v2\/users\/13"}],"replies":[{"embeddable":true,"href":"https:\/\/sopost.com\/fr\/wp-json\/wp\/v2\/comments?post=4830"}],"version-history":[{"count":10,"href":"https:\/\/sopost.com\/fr\/wp-json\/wp\/v2\/pages\/4830\/revisions"}],"predecessor-version":[{"id":5615,"href":"https:\/\/sopost.com\/fr\/wp-json\/wp\/v2\/pages\/4830\/revisions\/5615"}],"wp:featuredmedia":[{"embeddable":true,"href":"https:\/\/sopost.com\/fr\/wp-json\/wp\/v2\/media\/10161"}],"wp:attachment":[{"href":"https:\/\/sopost.com\/fr\/wp-json\/wp\/v2\/media?parent=4830"}],"curies":[{"name":"wp","href":"https:\/\/api.w.org\/{rel}","templated":true}]}}