{"id":4839,"date":"2022-09-01T15:42:00","date_gmt":"2022-09-01T15:42:00","guid":{"rendered":"https:\/\/www.sopost.com\/?page_id=4839"},"modified":"2023-02-14T13:48:55","modified_gmt":"2023-02-14T13:48:55","slug":"filtrage-des-commandes","status":"publish","type":"page","link":"https:\/\/sopost.com\/fr\/notre-service\/filtrage-des-commandes\/","title":{"rendered":"SoPost | Notre solution : Filtrage des commandes"},"content":{"rendered":"\n<p><\/p>\n\n\n\n<div style=\"background:#e8edf0\">\n\n\n\n<div class=\"bcontainer\">\n\n\n\n<div class=\"brow\">\n\n\n\n<div class=\"wp-block-group col-lg-12 col-12\"><div class=\"wp-block-group__inner-container is-layout-flow wp-block-group-is-layout-flow\">\n<div style=\"height:100px\" aria-hidden=\"true\" class=\"wp-block-spacer\"><\/div>\n\n\n<div class=\"wp-block-image\">\n<figure class=\"aligncenter size-full is-resized\"><img loading=\"lazy\" decoding=\"async\" src=\"https:\/\/www.sopost.com\/wp-content\/uploads\/2022\/09\/ico-filter.png\" alt=\"\" class=\"wp-image-4393\" width=\"105\" height=\"105\"\/><\/figure>\n<\/div>\n\n\n<p class=\"has-text-align-center title page-top-subtext mt-4\">POUR QUE CHAQUE \u00c9CHANTILLON COMPTE<\/p>\n\n\n\n<h1 class=\"has-text-align-center title mt-3 wp-block-heading\">Filtrage des commandes<\/h1>\n\n\n\n<p class=\"has-text-align-center mt-4\">Nous utilisons une gamme d&rsquo;outils intelligents pour traiter, filtrer et confirmer toutes les commandes : <br>tout cela dans le but de maximiser l&rsquo;impact de vos \u00e9chantillons.<\/p>\n\n\n\n<a class=\"pri-cta mx-auto mt-4\" href=\"\/fr\/book-a-meeting\">Parlons du traitement des commandes<\/a>\n\n\n\n<div style=\"height:100px\" aria-hidden=\"true\" class=\"wp-block-spacer\"><\/div>\n<\/div><\/div>\n\n\n\n<\/div>\n\n\n\n<\/div>\n\n\n\n<\/div>\n\n\n\n<div class=\"bcontainer\">\n\n\n\n<div style=\"height:100px\" aria-hidden=\"true\" class=\"wp-block-spacer\"><\/div>\n\n\n\n<div class=\"brow d-flex justify-content-start align-items-center\">\n\n\n\n<div class=\"wp-block-group col-lg-6 col-12 order-1\"><div class=\"wp-block-group__inner-container is-layout-flow wp-block-group-is-layout-flow\"><div class=\"wp-block-image\">\n<figure class=\"aligncenter size-large is-resized\"><img loading=\"lazy\" decoding=\"async\" src=\"https:\/\/www.sopost.com\/wp-content\/uploads\/2023\/01\/orderfilter-img1-894x1024.png\" alt=\"\" class=\"wp-image-5152\" width=\"447\" height=\"512\" srcset=\"https:\/\/sopost.com\/wp-content\/uploads\/2023\/01\/orderfilter-img1-894x1024.png 894w, https:\/\/sopost.com\/wp-content\/uploads\/2023\/01\/orderfilter-img1-262x300.png 262w, https:\/\/sopost.com\/wp-content\/uploads\/2023\/01\/orderfilter-img1-768x880.png 768w, https:\/\/sopost.com\/wp-content\/uploads\/2023\/01\/orderfilter-img1-1341x1536.png 1341w, https:\/\/sopost.com\/wp-content\/uploads\/2023\/01\/orderfilter-img1.png 1611w\" sizes=\"auto, (max-width: 447px) 100vw, 447px\" \/><\/figure>\n<\/div><\/div><\/div>\n\n\n\n<div class=\"wp-block-group offset-lg-1 offset-0 text-lg-left text-center col-lg-5 col-12 mt-5 mt-lg-0 order-2 order-lg-1\"><div class=\"wp-block-group__inner-container is-layout-flow wp-block-group-is-layout-flow\">\n<h3 class=\"title wp-block-heading\" style=\"font-size:33px\">Traitement intelligent<\/h3>\n\n\n\n<p>Nous avons d\u00e9velopp\u00e9 notre propre syst\u00e8me de traitement des commandes qui offre un retour sur investissement maximal avec un minimum de gaspillage.<\/p>\n\n\n\n<div class=\"wp-block-columns are-vertically-aligned-center is-not-stacked-on-mobile mt-5 mt-lg-3 is-layout-flex wp-container-core-columns-is-layout-9d6595d7 wp-block-columns-is-layout-flex\">\n<div class=\"wp-block-column is-vertically-aligned-center is-layout-flow wp-block-column-is-layout-flow\" style=\"flex-basis:3%\">\n<figure class=\"wp-block-image size-full is-resized\"><img loading=\"lazy\" decoding=\"async\" src=\"https:\/\/www.sopost.com\/wp-content\/uploads\/2022\/09\/Reaching-consumers-w-1.png\" alt=\"\" class=\"wp-image-3908\" width=\"29\" height=\"25\"\/><\/figure>\n<\/div>\n\n\n\n<div class=\"wp-block-column is-vertically-aligned-center is-layout-flow wp-block-column-is-layout-flow\" style=\"flex-basis:90%\">\n<p>Recherche et v\u00e9rification de l&rsquo;adresse d&rsquo;exp\u00e9dition<\/p>\n<\/div>\n<\/div>\n\n\n\n<div class=\"wp-block-columns are-vertically-aligned-center is-not-stacked-on-mobile mt-5 mt-xl-0 is-layout-flex wp-container-core-columns-is-layout-9d6595d7 wp-block-columns-is-layout-flex\">\n<div class=\"wp-block-column is-vertically-aligned-center is-layout-flow wp-block-column-is-layout-flow\" style=\"flex-basis:3%\">\n<figure class=\"wp-block-image size-full is-resized\"><img loading=\"lazy\" decoding=\"async\" src=\"https:\/\/www.sopost.com\/wp-content\/uploads\/2022\/09\/Reaching-consumers-w-1.png\" alt=\"\" class=\"wp-image-3908\" width=\"29\" height=\"25\"\/><\/figure>\n<\/div>\n\n\n\n<div class=\"wp-block-column is-vertically-aligned-center is-layout-flow wp-block-column-is-layout-flow\" style=\"flex-basis:90%\">\n<p>Duplication des commandes<\/p>\n<\/div>\n<\/div>\n\n\n\n<div class=\"wp-block-columns are-vertically-aligned-center is-not-stacked-on-mobile mt-xl-0 is-layout-flex wp-container-core-columns-is-layout-9d6595d7 wp-block-columns-is-layout-flex\">\n<div class=\"wp-block-column is-vertically-aligned-center is-layout-flow wp-block-column-is-layout-flow\" style=\"flex-basis:3%\">\n<figure class=\"wp-block-image size-full is-resized\"><img loading=\"lazy\" decoding=\"async\" src=\"https:\/\/www.sopost.com\/wp-content\/uploads\/2022\/09\/Reaching-consumers-w-1.png\" alt=\"\" class=\"wp-image-3908\" width=\"29\" height=\"25\"\/><\/figure>\n<\/div>\n\n\n\n<div class=\"wp-block-column is-vertically-aligned-center is-layout-flow wp-block-column-is-layout-flow\" style=\"flex-basis:90%\">\n<p>Filtrage intelligent des commandes<\/p>\n<\/div>\n<\/div>\n\n\n\n<div class=\"wp-block-columns are-vertically-aligned-center is-not-stacked-on-mobile mt-xl-0 is-layout-flex wp-container-core-columns-is-layout-9d6595d7 wp-block-columns-is-layout-flex\">\n<div class=\"wp-block-column is-vertically-aligned-center is-layout-flow wp-block-column-is-layout-flow\" style=\"flex-basis:3%\">\n<figure class=\"wp-block-image size-full is-resized\"><img loading=\"lazy\" decoding=\"async\" src=\"https:\/\/www.sopost.com\/wp-content\/uploads\/2022\/09\/Reaching-consumers-w-1.png\" alt=\"\" class=\"wp-image-3908\" width=\"29\" height=\"25\"\/><\/figure>\n<\/div>\n\n\n\n<div class=\"wp-block-column is-vertically-aligned-center is-layout-flow wp-block-column-is-layout-flow\" style=\"flex-basis:90%\">\n<p>Suivi des commandes d&rsquo;\u00e9chantillons<\/p>\n<\/div>\n<\/div>\n\n\n\n<a class=\"sec-cta mt-4\" href=\"\/fr\/book-a-meeting\">Discutons de la gestion des commandes<\/a>\n<\/div><\/div>\n\n\n\n<\/div>\n\n\n\n<\/div>\n\n\n\n<div style=\"height:100px\" aria-hidden=\"true\" class=\"wp-block-spacer\"><\/div>\n\n\n\n<div style=\"background:#231F20\">\n\n\n\n<div class=\"bcontainer\" style=\"\">\n\n\n\n<div style=\"height:100px\" aria-hidden=\"true\" class=\"wp-block-spacer\"><\/div>\n\n\n\n<div class=\"brow d-flex justify-content-start align-items-center\">\n\n\n\n<div class=\"wp-block-group text-white order-lg-1 order-2 text-lg-left text-center col-lg-5 col-12 mt-5 mt-lg-0\"><div class=\"wp-block-group__inner-container is-layout-flow wp-block-group-is-layout-flow\">\n<h3 class=\"title wp-block-heading\" style=\"font-size:33px\">Filtrage intelligent<\/h3>\n\n\n\n<p>SoPost est capable d&rsquo;exploiter ses milliards de donn\u00e9es exclusives pour filtrer les consommateurs en fonction d&rsquo;objectifs pr\u00e9cis :<\/p>\n\n\n\n<div class=\"brow d-flex mt-5 justify-content-start align-items-center\">\n\n\n\n<div class=\"wp-block-group col-xl-4 col-12 text-center p-3 white-bg\"><div class=\"wp-block-group__inner-container is-layout-flow wp-block-group-is-layout-flow\">\n<figure class=\"wp-block-image size-full is-resized\"><img loading=\"lazy\" decoding=\"async\" src=\"https:\/\/www.sopost.com\/wp-content\/uploads\/2022\/09\/request.png\" alt=\"\" class=\"wp-image-4106\" width=\"59\" height=\"59\" srcset=\"https:\/\/sopost.com\/wp-content\/uploads\/2022\/09\/request.png 235w, https:\/\/sopost.com\/wp-content\/uploads\/2022\/09\/request-150x150.png 150w\" sizes=\"auto, (max-width: 59px) 100vw, 59px\" \/><\/figure>\n\n\n\n<p class=\"title\" style=\"font-size:16px\">Requ\u00eates<\/p>\n\n\n\n<p class=\"mt-2\">Filtrer les consommateurs en fonction du nombre de commandes qu&rsquo;ils ont pass\u00e9es.<\/p>\n<\/div><\/div>\n\n\n\n<div class=\"wp-block-group mt-xl-0 mt-5 col-xl-4 col-12 text-center p-3 white-bg\"><div class=\"wp-block-group__inner-container is-layout-flow wp-block-group-is-layout-flow\">\n<figure class=\"wp-block-image size-full is-resized\"><img loading=\"lazy\" decoding=\"async\" src=\"https:\/\/www.sopost.com\/wp-content\/uploads\/2022\/09\/freebiehunters.png\" alt=\"\" class=\"wp-image-4112\" width=\"59\" height=\"59\" srcset=\"https:\/\/sopost.com\/wp-content\/uploads\/2022\/09\/freebiehunters.png 237w, https:\/\/sopost.com\/wp-content\/uploads\/2022\/09\/freebiehunters-150x150.png 150w\" sizes=\"auto, (max-width: 59px) 100vw, 59px\" \/><\/figure>\n\n\n\n<p class=\"title\" style=\"font-size:16px\">Chasseurs d&rsquo;\u00e9chantillons<\/p>\n\n\n\n<p class=\"mt-2\">Filtrer les utilisateurs en fonction de leurs int\u00e9r\u00eats en mati\u00e8re d&rsquo;\u00e9chantillonnage<\/p>\n<\/div><\/div>\n\n\n\n<div class=\"wp-block-group mt-xl-0 mt-5 col-xl-4 col-12 text-center p-3 white-bg\"><div class=\"wp-block-group__inner-container is-layout-flow wp-block-group-is-layout-flow\">\n<figure class=\"wp-block-image size-full is-resized\"><img loading=\"lazy\" decoding=\"async\" src=\"https:\/\/www.sopost.com\/wp-content\/uploads\/2022\/09\/newonly.png\" alt=\"\" class=\"wp-image-4115\" width=\"59\" height=\"59\" srcset=\"https:\/\/sopost.com\/wp-content\/uploads\/2022\/09\/newonly.png 235w, https:\/\/sopost.com\/wp-content\/uploads\/2022\/09\/newonly-150x150.png 150w\" sizes=\"auto, (max-width: 59px) 100vw, 59px\" \/><\/figure>\n\n\n\n<p class=\"title\" style=\"font-size:16px\">Nouveau seulement<\/p>\n\n\n\n<p class=\"mt-2\">Ciblez uniquement les utilisateurs qui n&rsquo;ont jamais \u00e9chantillonn\u00e9.<\/p>\n<\/div><\/div>\n\n\n\n<\/div>\n\n\n\n<a class=\"ter-cta mt-5\" href=\"\/fr\/book-a-meeting\">Parlons de la r\u00e9duction du gaspillage<\/a>\n<\/div><\/div>\n\n\n\n<div class=\"wp-block-group offset-lg-1 offset-0 col-lg-6 col-12 order-1\"><div class=\"wp-block-group__inner-container is-layout-flow wp-block-group-is-layout-flow\"><div class=\"wp-block-image\">\n<figure class=\"aligncenter size-full\"><img loading=\"lazy\" decoding=\"async\" width=\"1568\" height=\"948\" src=\"https:\/\/www.sopost.com\/wp-content\/uploads\/2023\/01\/targetedproductsampling-img4-1.png\" alt=\"\" class=\"wp-image-5134\" srcset=\"https:\/\/sopost.com\/wp-content\/uploads\/2023\/01\/targetedproductsampling-img4-1.png 1568w, https:\/\/sopost.com\/wp-content\/uploads\/2023\/01\/targetedproductsampling-img4-1-300x181.png 300w, https:\/\/sopost.com\/wp-content\/uploads\/2023\/01\/targetedproductsampling-img4-1-1024x619.png 1024w, https:\/\/sopost.com\/wp-content\/uploads\/2023\/01\/targetedproductsampling-img4-1-768x464.png 768w, https:\/\/sopost.com\/wp-content\/uploads\/2023\/01\/targetedproductsampling-img4-1-1536x929.png 1536w\" sizes=\"auto, (max-width: 1568px) 100vw, 1568px\" \/><\/figure>\n<\/div><\/div><\/div>\n\n\n\n<\/div>\n\n\n\n<div style=\"height:100px\" aria-hidden=\"true\" class=\"wp-block-spacer\"><\/div>\n\n\n\n<\/div>\n\n\n\n<\/div>\n\n\n\n<div style=\"height:40px\" aria-hidden=\"true\" class=\"wp-block-spacer d-none d-xl-block\"><\/div>\n\n\n\n<div class=\"mt-5\" style=\"background:#e8edf0\">\n\n\n\n<div class=\"mt-5\" style=\"background:#e8edf0\">\n\n\n\n<div class=\"wp-block-group bcontainer py-5\"><div class=\"wp-block-group__inner-container is-layout-flow wp-block-group-is-layout-flow\">\n<div class=\"wp-block-columns are-vertically-aligned-center brow mt-5 px-2 is-layout-flex wp-container-core-columns-is-layout-9d6595d7 wp-block-columns-is-layout-flex\">\n<div class=\"wp-block-column is-vertically-aligned-center is-layout-flow wp-block-column-is-layout-flow\">\n<h1 class=\"text-center page-top-subtext mb-0\"><span style=\"color:#0066ff;font-size:16px;line-height:22px;\">Parlez \u00e0 un expert<\/span><\/h1>\n\n\n\n<h2 class=\"has-text-align-center title\" style=\"font-size:48px\">Prenez rendez-vous avec nous<\/h2>\n\n\n\n<p class=\"text-center\">Nous avons aid\u00e9 plus de 350 marques \u00e0 optimiser leurs op\u00e9rations de marketing.<\/p>\n\n\n\n<a href=\"\/fr\/book-a-meeting\/\" class=\"pri-cta mt-4 mx-auto\">Prenez rendez-vous avec nous<\/a>\n<\/div>\n<\/div>\n<\/div><\/div>\n\n\n\n<\/div>\n\n\n\n<\/div>\n\n\n\n<div style=\"background:#fff\"><\/div>\n\n\n\n<div style=\"height:1px\" aria-hidden=\"true\" class=\"wp-block-spacer\"><\/div>\n","protected":false},"excerpt":{"rendered":"<p>POUR QUE CHAQUE \u00c9CHANTILLON COMPTE Filtrage des commandes Nous utilisons une gamme d&rsquo;outils intelligents pour traiter, filtrer et confirmer toutes les commandes : tout cela dans le but de maximiser l&rsquo;impact de vos \u00e9chantillons. Parlons du traitement des commandes Traitement intelligent Nous avons d\u00e9velopp\u00e9 notre propre syst\u00e8me de traitement des commandes qui offre un retour<\/p>\n","protected":false},"author":13,"featured_media":10139,"parent":4828,"menu_order":0,"comment_status":"closed","ping_status":"closed","template":"page-templates\/blank.php","meta":{"_acf_changed":false,"_eb_attr":"","inline_featured_image":false,"_uag_custom_page_level_css":"","footnotes":""},"class_list":["post-4839","page","type-page","status-publish","has-post-thumbnail","hentry"],"acf":[],"yoast_head":"<!-- This site is optimized with the Yoast SEO plugin v26.9 - https:\/\/yoast.com\/product\/yoast-seo-wordpress\/ -->\n<title>Ciblez votre public id\u00e9al | \u00c9chantillonnage en ligne | SoPost<\/title>\n<meta name=\"description\" content=\"N&#039;envoyez des \u00e9chantillons qu&#039;aux consommateurs qui comptent et optimisez les performances de votre campagne gr\u00e2ce aux outils de filtrage intelligent des commandes de SoPost.\" \/>\n<meta name=\"robots\" content=\"index, follow, max-snippet:-1, max-image-preview:large, max-video-preview:-1\" \/>\n<link rel=\"canonical\" href=\"https:\/\/sopost.com\/fr\/notre-service\/filtrage-des-commandes\/\" \/>\n<meta property=\"og:locale\" content=\"fr_FR\" \/>\n<meta property=\"og:type\" content=\"article\" \/>\n<meta property=\"og:title\" content=\"Ciblez votre public id\u00e9al | \u00c9chantillonnage en ligne | SoPost\" \/>\n<meta property=\"og:description\" content=\"N&#039;envoyez des \u00e9chantillons qu&#039;aux consommateurs qui comptent et optimisez les performances de votre campagne gr\u00e2ce aux outils de filtrage intelligent des commandes de SoPost.\" \/>\n<meta property=\"og:url\" content=\"https:\/\/sopost.com\/fr\/notre-service\/filtrage-des-commandes\/\" \/>\n<meta property=\"og:site_name\" content=\"SoPost\" \/>\n<meta property=\"article:modified_time\" content=\"2023-02-14T13:48:55+00:00\" \/>\n<meta property=\"og:image\" content=\"https:\/\/sopost.com\/wp-content\/uploads\/2023\/08\/og-processing.jpg\" \/>\n\t<meta property=\"og:image:width\" content=\"1200\" \/>\n\t<meta property=\"og:image:height\" content=\"627\" \/>\n\t<meta property=\"og:image:type\" content=\"image\/jpeg\" \/>\n<meta name=\"twitter:card\" content=\"summary_large_image\" \/>\n<meta name=\"twitter:label1\" content=\"Est. reading time\" \/>\n\t<meta name=\"twitter:data1\" content=\"3 minutes\" \/>\n<script type=\"application\/ld+json\" class=\"yoast-schema-graph\">{\"@context\":\"https:\/\/schema.org\",\"@graph\":[{\"@type\":\"WebPage\",\"@id\":\"https:\/\/sopost.com\/fr\/notre-service\/filtrage-des-commandes\/\",\"url\":\"https:\/\/sopost.com\/fr\/notre-service\/filtrage-des-commandes\/\",\"name\":\"Ciblez votre public id\u00e9al | \u00c9chantillonnage en ligne | SoPost\",\"isPartOf\":{\"@id\":\"https:\/\/sopost.com\/#website\"},\"primaryImageOfPage\":{\"@id\":\"https:\/\/sopost.com\/fr\/notre-service\/filtrage-des-commandes\/#primaryimage\"},\"image\":{\"@id\":\"https:\/\/sopost.com\/fr\/notre-service\/filtrage-des-commandes\/#primaryimage\"},\"thumbnailUrl\":\"https:\/\/sopost.com\/wp-content\/uploads\/2023\/08\/og-processing.jpg\",\"datePublished\":\"2022-09-01T15:42:00+00:00\",\"dateModified\":\"2023-02-14T13:48:55+00:00\",\"description\":\"N'envoyez des \u00e9chantillons qu'aux consommateurs qui comptent et optimisez les performances de votre campagne gr\u00e2ce aux outils de filtrage intelligent des commandes de SoPost.\",\"breadcrumb\":{\"@id\":\"https:\/\/sopost.com\/fr\/notre-service\/filtrage-des-commandes\/#breadcrumb\"},\"inLanguage\":\"fr-FR\",\"potentialAction\":[{\"@type\":\"ReadAction\",\"target\":[\"https:\/\/sopost.com\/fr\/notre-service\/filtrage-des-commandes\/\"]}]},{\"@type\":\"ImageObject\",\"inLanguage\":\"fr-FR\",\"@id\":\"https:\/\/sopost.com\/fr\/notre-service\/filtrage-des-commandes\/#primaryimage\",\"url\":\"https:\/\/sopost.com\/wp-content\/uploads\/2023\/08\/og-processing.jpg\",\"contentUrl\":\"https:\/\/sopost.com\/wp-content\/uploads\/2023\/08\/og-processing.jpg\",\"width\":1200,\"height\":627},{\"@type\":\"BreadcrumbList\",\"@id\":\"https:\/\/sopost.com\/fr\/notre-service\/filtrage-des-commandes\/#breadcrumb\",\"itemListElement\":[{\"@type\":\"ListItem\",\"position\":1,\"name\":\"Home\",\"item\":\"https:\/\/sopost.com\/fr\/\"},{\"@type\":\"ListItem\",\"position\":2,\"name\":\"SoPost | Notre solution\",\"item\":\"https:\/\/sopost.com\/fr\/notre-service\/\"},{\"@type\":\"ListItem\",\"position\":3,\"name\":\"SoPost | Notre solution : Filtrage des commandes\"}]},{\"@type\":\"WebSite\",\"@id\":\"https:\/\/sopost.com\/#website\",\"url\":\"https:\/\/sopost.com\/\",\"name\":\"SoPost\",\"description\":\"\",\"potentialAction\":[{\"@type\":\"SearchAction\",\"target\":{\"@type\":\"EntryPoint\",\"urlTemplate\":\"https:\/\/sopost.com\/?s={search_term_string}\"},\"query-input\":{\"@type\":\"PropertyValueSpecification\",\"valueRequired\":true,\"valueName\":\"search_term_string\"}}],\"inLanguage\":\"fr-FR\"}]}<\/script>\n<!-- \/ Yoast SEO plugin. -->","yoast_head_json":{"title":"Ciblez votre public id\u00e9al | \u00c9chantillonnage en ligne | SoPost","description":"N'envoyez des \u00e9chantillons qu'aux consommateurs qui comptent et optimisez les performances de votre campagne gr\u00e2ce aux outils de filtrage intelligent des commandes de SoPost.","robots":{"index":"index","follow":"follow","max-snippet":"max-snippet:-1","max-image-preview":"max-image-preview:large","max-video-preview":"max-video-preview:-1"},"canonical":"https:\/\/sopost.com\/fr\/notre-service\/filtrage-des-commandes\/","og_locale":"fr_FR","og_type":"article","og_title":"Ciblez votre public id\u00e9al | \u00c9chantillonnage en ligne | SoPost","og_description":"N'envoyez des \u00e9chantillons qu'aux consommateurs qui comptent et optimisez les performances de votre campagne gr\u00e2ce aux outils de filtrage intelligent des commandes de SoPost.","og_url":"https:\/\/sopost.com\/fr\/notre-service\/filtrage-des-commandes\/","og_site_name":"SoPost","article_modified_time":"2023-02-14T13:48:55+00:00","og_image":[{"width":1200,"height":627,"url":"https:\/\/sopost.com\/wp-content\/uploads\/2023\/08\/og-processing.jpg","type":"image\/jpeg"}],"twitter_card":"summary_large_image","twitter_misc":{"Est. reading time":"3 minutes"},"schema":{"@context":"https:\/\/schema.org","@graph":[{"@type":"WebPage","@id":"https:\/\/sopost.com\/fr\/notre-service\/filtrage-des-commandes\/","url":"https:\/\/sopost.com\/fr\/notre-service\/filtrage-des-commandes\/","name":"Ciblez votre public id\u00e9al | \u00c9chantillonnage en ligne | SoPost","isPartOf":{"@id":"https:\/\/sopost.com\/#website"},"primaryImageOfPage":{"@id":"https:\/\/sopost.com\/fr\/notre-service\/filtrage-des-commandes\/#primaryimage"},"image":{"@id":"https:\/\/sopost.com\/fr\/notre-service\/filtrage-des-commandes\/#primaryimage"},"thumbnailUrl":"https:\/\/sopost.com\/wp-content\/uploads\/2023\/08\/og-processing.jpg","datePublished":"2022-09-01T15:42:00+00:00","dateModified":"2023-02-14T13:48:55+00:00","description":"N'envoyez des \u00e9chantillons qu'aux consommateurs qui comptent et optimisez les performances de votre campagne gr\u00e2ce aux outils de filtrage intelligent des commandes de SoPost.","breadcrumb":{"@id":"https:\/\/sopost.com\/fr\/notre-service\/filtrage-des-commandes\/#breadcrumb"},"inLanguage":"fr-FR","potentialAction":[{"@type":"ReadAction","target":["https:\/\/sopost.com\/fr\/notre-service\/filtrage-des-commandes\/"]}]},{"@type":"ImageObject","inLanguage":"fr-FR","@id":"https:\/\/sopost.com\/fr\/notre-service\/filtrage-des-commandes\/#primaryimage","url":"https:\/\/sopost.com\/wp-content\/uploads\/2023\/08\/og-processing.jpg","contentUrl":"https:\/\/sopost.com\/wp-content\/uploads\/2023\/08\/og-processing.jpg","width":1200,"height":627},{"@type":"BreadcrumbList","@id":"https:\/\/sopost.com\/fr\/notre-service\/filtrage-des-commandes\/#breadcrumb","itemListElement":[{"@type":"ListItem","position":1,"name":"Home","item":"https:\/\/sopost.com\/fr\/"},{"@type":"ListItem","position":2,"name":"SoPost | Notre solution","item":"https:\/\/sopost.com\/fr\/notre-service\/"},{"@type":"ListItem","position":3,"name":"SoPost | Notre solution : Filtrage des commandes"}]},{"@type":"WebSite","@id":"https:\/\/sopost.com\/#website","url":"https:\/\/sopost.com\/","name":"SoPost","description":"","potentialAction":[{"@type":"SearchAction","target":{"@type":"EntryPoint","urlTemplate":"https:\/\/sopost.com\/?s={search_term_string}"},"query-input":{"@type":"PropertyValueSpecification","valueRequired":true,"valueName":"search_term_string"}}],"inLanguage":"fr-FR"}]}},"uagb_featured_image_src":{"full":["https:\/\/sopost.com\/wp-content\/uploads\/2023\/08\/og-processing.jpg",1200,627,false],"thumbnail":["https:\/\/sopost.com\/wp-content\/uploads\/2023\/08\/og-processing-150x150.jpg",150,150,true],"medium":["https:\/\/sopost.com\/wp-content\/uploads\/2023\/08\/og-processing-300x157.jpg",300,157,true],"medium_large":["https:\/\/sopost.com\/wp-content\/uploads\/2023\/08\/og-processing-768x401.jpg",640,334,true],"large":["https:\/\/sopost.com\/wp-content\/uploads\/2023\/08\/og-processing-1024x535.jpg",640,334,true],"1536x1536":["https:\/\/sopost.com\/wp-content\/uploads\/2023\/08\/og-processing.jpg",1200,627,false],"2048x2048":["https:\/\/sopost.com\/wp-content\/uploads\/2023\/08\/og-processing.jpg",1200,627,false]},"uagb_author_info":{"display_name":"Scott Hewitson","author_link":"https:\/\/sopost.com\/fr\/blog\/author\/shewitson\/"},"uagb_comment_info":0,"uagb_excerpt":"POUR QUE CHAQUE \u00c9CHANTILLON COMPTE Filtrage des commandes Nous utilisons une gamme d&rsquo;outils intelligents pour traiter, filtrer et confirmer toutes les commandes : tout cela dans le but de maximiser l&rsquo;impact de vos \u00e9chantillons. Parlons du traitement des commandes Traitement intelligent Nous avons d\u00e9velopp\u00e9 notre propre syst\u00e8me de traitement des commandes qui offre un retour","_links":{"self":[{"href":"https:\/\/sopost.com\/fr\/wp-json\/wp\/v2\/pages\/4839","targetHints":{"allow":["GET"]}}],"collection":[{"href":"https:\/\/sopost.com\/fr\/wp-json\/wp\/v2\/pages"}],"about":[{"href":"https:\/\/sopost.com\/fr\/wp-json\/wp\/v2\/types\/page"}],"author":[{"embeddable":true,"href":"https:\/\/sopost.com\/fr\/wp-json\/wp\/v2\/users\/13"}],"replies":[{"embeddable":true,"href":"https:\/\/sopost.com\/fr\/wp-json\/wp\/v2\/comments?post=4839"}],"version-history":[{"count":9,"href":"https:\/\/sopost.com\/fr\/wp-json\/wp\/v2\/pages\/4839\/revisions"}],"predecessor-version":[{"id":5373,"href":"https:\/\/sopost.com\/fr\/wp-json\/wp\/v2\/pages\/4839\/revisions\/5373"}],"up":[{"embeddable":true,"href":"https:\/\/sopost.com\/fr\/wp-json\/wp\/v2\/pages\/4828"}],"wp:featuredmedia":[{"embeddable":true,"href":"https:\/\/sopost.com\/fr\/wp-json\/wp\/v2\/media\/10139"}],"wp:attachment":[{"href":"https:\/\/sopost.com\/fr\/wp-json\/wp\/v2\/media?parent=4839"}],"curies":[{"name":"wp","href":"https:\/\/api.w.org\/{rel}","templated":true}]}}