{"id":4841,"date":"2022-09-01T19:23:15","date_gmt":"2022-09-01T19:23:15","guid":{"rendered":"https:\/\/www.sopost.com\/?page_id=4841"},"modified":"2023-02-14T13:47:54","modified_gmt":"2023-02-14T13:47:54","slug":"resultats-et-insights","status":"publish","type":"page","link":"https:\/\/sopost.com\/fr\/notre-service\/resultats-et-insights\/","title":{"rendered":"SoPost | Notre service : R\u00e9sultats et insights"},"content":{"rendered":"\n<div style=\"background:#e8edf0\">\n\n\n\n<div class=\"bcontainer\">\n\n\n\n<div class=\"brow\">\n\n\n\n<div class=\"wp-block-group col-lg-12 col-12\"><div class=\"wp-block-group__inner-container is-layout-flow wp-block-group-is-layout-flow\">\n<div style=\"height:100px\" aria-hidden=\"true\" class=\"wp-block-spacer\"><\/div>\n\n\n<div class=\"wp-block-image\">\n<figure class=\"aligncenter size-full is-resized\"><img loading=\"lazy\" decoding=\"async\" src=\"https:\/\/www.sopost.com\/wp-content\/uploads\/2022\/09\/ico-dash.png\" alt=\"\" class=\"wp-image-4369\" width=\"105\" height=\"105\"\/><\/figure>\n<\/div>\n\n\n<p class=\"has-text-align-center title page-top-subtext mt-4\">Toujours disponible<\/p>\n\n\n\n<h1 class=\"has-text-align-center title mt-3 wp-block-heading\">R\u00e9sultats et insights<\/h1>\n\n\n\n<p class=\"has-text-align-center mt-4\">Les enqu\u00eates post-test aupr\u00e8s des consommateurs, les \u00e9valuations et les avis, ainsi que les rapports d\u00e9taill\u00e9s<br class=\"d-xl-block d-none\"> sur vos campagnes vous donnent un aper\u00e7u puissant de vos campagnes d&rsquo;\u00e9chantillonnage.<\/p>\n\n\n\n<a class=\"pri-cta mx-auto mt-4\" href=\"\/fr\/book-a-meeting\">Parlons d&rsquo;activations et d&rsquo;int\u00e9grations.<\/a>\n\n\n\n<div style=\"height:100px\" aria-hidden=\"true\" class=\"wp-block-spacer\"><\/div>\n<\/div><\/div>\n\n\n\n<\/div>\n\n\n\n<\/div>\n\n\n\n<\/div>\n\n\n\n<div style=\"height:100px\" aria-hidden=\"true\" class=\"wp-block-spacer\"><\/div>\n\n\n\n<div style=\"background:#231F20\">\n\n\n\n<div class=\"bcontainer\" style=\"\">\n\n\n\n<div style=\"height:100px\" aria-hidden=\"true\" class=\"wp-block-spacer\"><\/div>\n\n\n\n<div class=\"brow d-flex justify-content-start align-items-center\">\n\n\n\n<div class=\"wp-block-group text-white order-lg-1 order-2 text-lg-left text-center col-lg-5 col-12 mt-5 mt-lg-0\"><div class=\"wp-block-group__inner-container is-layout-flow wp-block-group-is-layout-flow\">\n<h3 class=\"title wp-block-heading\" style=\"font-size:33px\">Ne ratez rien avec notre tableau de bord en direct<\/h3>\n\n\n\n<p>D\u00e8s que votre campagne d&rsquo;\u00e9chantillonnage est lanc\u00e9e, vous pouvez suivre les commandes en temps r\u00e9el.<\/p>\n\n\n\n<p class=\"title mt-3\">Suivez les r\u00e9sultats au fur et \u00e0 mesure :<\/p>\n\n\n\n<ul class=\"mt-3\">\n  <li>\n    <p>Voyez les opt-ins marketing d\u00e8s qu&rsquo;ils sont accord\u00e9s<\/p>\n  <\/li>\n  <li>\n    <p>Voir les donn\u00e9es d\u00e9mographiques des testeurs<\/p>\n  <\/li>\n  <li>\n    <p>Voir les commentaires, les r\u00e9actions et m\u00eame les clics d&rsquo;intention d&rsquo;achat.<\/p>\n  <\/li>\n<\/ul>\n\n\n\n<a class=\"ter-cta mt-4\" href=\"\/fr\/book-a-meeting\">Parlons de notre tableau de bord<\/a>\n<\/div><\/div>\n\n\n\n<div class=\"wp-block-group offset-lg-1 offset-0 col-lg-6 col-12 order-1\"><div class=\"wp-block-group__inner-container is-layout-flow wp-block-group-is-layout-flow\"><div class=\"wp-block-image\">\n<figure class=\"aligncenter size-full\"><img loading=\"lazy\" decoding=\"async\" width=\"1524\" height=\"1171\" src=\"https:\/\/www.sopost.com\/wp-content\/uploads\/2022\/09\/Group-788-1.png\" alt=\"\" class=\"wp-image-3947\" srcset=\"https:\/\/sopost.com\/wp-content\/uploads\/2022\/09\/Group-788-1.png 1524w, https:\/\/sopost.com\/wp-content\/uploads\/2022\/09\/Group-788-1-300x231.png 300w, https:\/\/sopost.com\/wp-content\/uploads\/2022\/09\/Group-788-1-1024x787.png 1024w, https:\/\/sopost.com\/wp-content\/uploads\/2022\/09\/Group-788-1-768x590.png 768w\" sizes=\"auto, (max-width: 1524px) 100vw, 1524px\" \/><\/figure>\n<\/div><\/div><\/div>\n\n\n\n<\/div>\n\n\n\n<div style=\"height:100px\" aria-hidden=\"true\" class=\"wp-block-spacer\"><\/div>\n\n\n\n<\/div>\n\n\n\n<\/div>\n\n\n\n<div style=\"height:100px\" aria-hidden=\"true\" class=\"wp-block-spacer d-none d-xl-block\"><\/div>\n\n\n\n<div class=\"bcontainer\">\n\n\n\n<div class=\"brow mt-5 mt-lg-0\">\n\n\n\n<div class=\"wp-block-group mt-lg-0 mt-5 pr-lg-5 pr-0 col-lg-6 col-12 d-flex justify-content-start align-items-center\"><div class=\"wp-block-group__inner-container is-layout-flow wp-block-group-is-layout-flow\">\n<div class=\"brow d-flex justify-content-start align-items-center lightgrey-bg results-wrap p-5\">\n\n\n\n<div class=\"wp-block-group col-12\"><div class=\"wp-block-group__inner-container is-layout-flow wp-block-group-is-layout-flow\">\n<h3 class=\"title wp-block-heading\" style=\"font-size:24px\">Intention d&rsquo;achat<\/h3>\n\n\n\n<p>Apr\u00e8s qu&rsquo;un consommateur a test\u00e9 un produit, nous mesurons son intention d&rsquo;achat pour \u00e9valuer la probabilit\u00e9 qu&rsquo;il devienne un client payant.<\/p>\n<\/div><\/div>\n\n\n\n<\/div>\n<\/div><\/div>\n\n\n\n<div class=\"wp-block-group mt-5 mt-lg-0 pr-lg-5 pr-0 col-lg-6 col-12 d-flex justify-content-start align-items-center\"><div class=\"wp-block-group__inner-container is-layout-flow wp-block-group-is-layout-flow\">\n<div class=\"brow d-flex justify-content-start align-items-center lightgrey-bg results-wrap p-5\">\n\n\n\n<div class=\"wp-block-group col-12\"><div class=\"wp-block-group__inner-container is-layout-flow wp-block-group-is-layout-flow\">\n<h3 class=\"title wp-block-heading\" style=\"font-size:24px\">Opt-in marketing<\/h3>\n\n\n\n<p>Au fur et \u00e0 mesure des commandes d&rsquo;\u00e9chantillons, nos rapports vous montrent le nombre d&rsquo;utilisateurs qui acceptent de recevoir des communications marketing suppl\u00e9mentaires. Vous pouvez ensuite exporter ces opt-ins vers le CRM de votre choix.<\/p>\n<\/div><\/div>\n\n\n\n<\/div>\n<\/div><\/div>\n\n\n\n<\/div>\n\n\n\n<div class=\"brow mt-xl-4 mt-5\">\n\n\n\n<div class=\"wp-block-group pr-lg-5 pr-0 col-lg-6 col-12 d-flex justify-content-start align-items-center\"><div class=\"wp-block-group__inner-container is-layout-flow wp-block-group-is-layout-flow\">\n<div class=\"brow d-flex justify-content-start align-items-center lightgrey-bg results-wrap p-5\">\n\n\n\n<div class=\"wp-block-group col-12\"><div class=\"wp-block-group__inner-container is-layout-flow wp-block-group-is-layout-flow\">\n<h3 class=\"title wp-block-heading\" style=\"font-size:24px\">Feedback clients<\/h3>\n\n\n\n<p>Nos outils de feedback personnalisables vous permettent d&rsquo;obtenir les informations sur mesure dont vous avez besoin, directement aupr\u00e8s de vos consommateurs.<\/p>\n<\/div><\/div>\n\n\n\n<\/div>\n<\/div><\/div>\n\n\n\n<div class=\"wp-block-group mt-5 mt-lg-0 pr-lg-5 pr-0 col-lg-6 col-12 d-flex justify-content-start align-items-center\"><div class=\"wp-block-group__inner-container is-layout-flow wp-block-group-is-layout-flow\">\n<div class=\"brow d-flex justify-content-start align-items-center lightgrey-bg results-wrap p-5\">\n\n\n\n<div class=\"wp-block-group col-12\"><div class=\"wp-block-group__inner-container is-layout-flow wp-block-group-is-layout-flow\">\n<h3 class=\"title wp-block-heading\" style=\"font-size:24px\">Avis<\/h3>\n\n\n\n<p>Une fois votre campagne d&rsquo;\u00e9chantillonnage termin\u00e9e, les avis recueillis seront analys\u00e9s pour en d\u00e9gager des th\u00e8mes communs et vous pourrez les exporter et les utiliser pour d&rsquo;autres actions marketing.<\/p>\n<\/div><\/div>\n\n\n\n<\/div>\n<\/div><\/div>\n\n\n\n<\/div>\n\n\n\n<div class=\"brow mt-xl-4 mt-5\">\n\n\n\n<div class=\"wp-block-group pr-lg-5 pr-0 col-lg-6 col-12 d-flex justify-content-start align-items-center\"><div class=\"wp-block-group__inner-container is-layout-flow wp-block-group-is-layout-flow\">\n<div class=\"brow d-flex justify-content-start align-items-center results-wrap lightgrey-bg p-5\">\n\n\n\n<div class=\"wp-block-group col-12\"><div class=\"wp-block-group__inner-container is-layout-flow wp-block-group-is-layout-flow\">\n<h3 class=\"title wp-block-heading\" style=\"font-size:24px\">Conna\u00eetre ses consommateurs<\/h3>\n\n\n\n<p>Notre \u00e9quipe en charge du service client vous pr\u00e9sentera les r\u00e9sultats de votre campagne, vous donnant un aper\u00e7u de l&rsquo;exp\u00e9rience des consommateurs avec votre marque et de la fa\u00e7on dont SoPost l&rsquo;a am\u00e9lior\u00e9e.<\/p>\n<\/div><\/div>\n\n\n\n<\/div>\n<\/div><\/div>\n\n\n\n<div class=\"wp-block-group mt-5 mt-lg-0 pr-lg-5 pr-0 col-lg-6 col-12 d-flex justify-content-start align-items-center\"><div class=\"wp-block-group__inner-container is-layout-flow wp-block-group-is-layout-flow\">\n<div class=\"brow d-flex justify-content-start align-items-center results-wrap lightgrey-bg p-5\">\n\n\n\n<div class=\"wp-block-group col-12\"><div class=\"wp-block-group__inner-container is-layout-flow wp-block-group-is-layout-flow\">\n<h3 class=\"title wp-block-heading\" style=\"font-size:24px\">Donn\u00e9es d\u00e9mographiques<\/h3>\n\n\n\n<p>Nos rapports sont con\u00e7us pour faire ressortir les caract\u00e9ristiques d\u00e9mographiques du public s\u00e9lectionn\u00e9 pour l&rsquo;\u00e9chantillonnage, ainsi que des insights sur leurs diff\u00e9rents comportements.<\/p>\n<\/div><\/div>\n\n\n\n<\/div>\n<\/div><\/div>\n\n\n\n<\/div>\n\n\n\n<\/div>\n\n\n\n<div style=\"height:100px\" aria-hidden=\"true\" class=\"wp-block-spacer\"><\/div>\n\n\n\n<div class=\"bcontainer d-none\">\n\n\n\n<div class=\"brow\">\n\n\n\n<div class=\"wp-block-group col-12\"><div class=\"wp-block-group__inner-container is-layout-flow wp-block-group-is-layout-flow\">\n<h2 class=\"has-text-align-center title wp-block-heading\" style=\"font-size:33px\">Nous cr\u00e9ons des solutions et des opportunit\u00e9s <br class=\"d-xl-block d-none\">entre les marques et les canaux de communication<\/h2>\n<\/div><\/div>\n\n\n\n<\/div>\n\n\n\n<div class=\"brow\">\n\n\n\n<div class=\"wp-block-group text-lg-left text-center col-lg-4 col-12 p-5 light-grey-bg\"><div class=\"wp-block-group__inner-container is-layout-flow wp-block-group-is-layout-flow\">\n<h2 class=\"title wp-block-heading\" style=\"font-size:24px\">Technologie<\/h2>\n\n\n\n<p>Notre investissement dans les int\u00e9grations nous permet de connecter toutes les solutions que nous devons fournir.<\/p>\n<\/div><\/div>\n\n\n\n<div class=\"wp-block-group text-lg-left text-center col-lg-4 col-12 p-5 light-grey-bg\"><div class=\"wp-block-group__inner-container is-layout-flow wp-block-group-is-layout-flow\">\n<h2 class=\"title wp-block-heading\" style=\"font-size:24px\">Distributeurs<\/h2>\n\n\n\n<p>Notre investissement dans les int\u00e9grations nous permet de connecter toutes les solutions que nous vous proposons.<\/p>\n<\/div><\/div>\n\n\n\n<div class=\"wp-block-group text-lg-left text-center col-lg-4 col-12 p-5 light-grey-bg\"><div class=\"wp-block-group__inner-container is-layout-flow wp-block-group-is-layout-flow\">\n<h2 class=\"title wp-block-heading\" style=\"font-size:24px\">Nouveaux m\u00e9dias et r\u00e9seaux sociaux<\/h2>\n\n\n\n<p>Notre investissement dans les int\u00e9grations nous permet de connecter toutes les solutions que nous vous proposons.<\/p>\n<\/div><\/div>\n\n\n\n<\/div>\n\n\n\n<\/div>\n\n\n\n<div style=\"height:40px\" aria-hidden=\"true\" class=\"wp-block-spacer d-none d-xl-block\"><\/div>\n\n\n\n<div class=\"mt-5\" style=\"background:#e8edf0\">\n\n\n\n<div class=\"mt-5\" style=\"background:#e8edf0\">\n\n\n\n<div class=\"wp-block-group bcontainer py-5\"><div class=\"wp-block-group__inner-container is-layout-flow wp-block-group-is-layout-flow\">\n<div class=\"wp-block-columns are-vertically-aligned-center brow mt-5 px-2 is-layout-flex wp-container-core-columns-is-layout-9d6595d7 wp-block-columns-is-layout-flex\">\n<div class=\"wp-block-column is-vertically-aligned-center is-layout-flow wp-block-column-is-layout-flow\">\n<h1 class=\"text-center page-top-subtext mb-0\"><span style=\"color:#0066ff;font-size:16px;line-height:22px;\">Parlez \u00e0 un expert<\/span><\/h1>\n\n\n\n<h2 class=\"has-text-align-center title\" style=\"font-size:48px\">Prenez rendez-vous avec nous<\/h2>\n\n\n\n<p class=\"text-center\">Nous avons aid\u00e9 plus de 350 marques \u00e0 optimiser leurs op\u00e9rations de marketing.<\/p>\n\n\n\n<a href=\"\/fr\/book-a-meeting\/\" class=\"pri-cta mt-4 mx-auto\">Prenez rendez-vous avec nous<\/a>\n<\/div>\n<\/div>\n<\/div><\/div>\n\n\n\n<\/div>\n\n\n\n<\/div>\n\n\n\n<div style=\"background:#fff\"><\/div>\n\n\n\n<div style=\"height:1px\" aria-hidden=\"true\" class=\"wp-block-spacer\"><\/div>\n","protected":false},"excerpt":{"rendered":"<p>Toujours disponible R\u00e9sultats et insights Les enqu\u00eates post-test aupr\u00e8s des consommateurs, les \u00e9valuations et les avis, ainsi que les rapports d\u00e9taill\u00e9s sur vos campagnes vous donnent un aper\u00e7u puissant de vos campagnes d&rsquo;\u00e9chantillonnage. Parlons d&rsquo;activations et d&rsquo;int\u00e9grations. Ne ratez rien avec notre tableau de bord en direct D\u00e8s que votre campagne d&rsquo;\u00e9chantillonnage est lanc\u00e9e, vous<\/p>\n","protected":false},"author":13,"featured_media":10146,"parent":4828,"menu_order":0,"comment_status":"closed","ping_status":"closed","template":"page-templates\/blank.php","meta":{"_acf_changed":false,"_eb_attr":"","inline_featured_image":false,"_uag_custom_page_level_css":"","footnotes":""},"class_list":["post-4841","page","type-page","status-publish","has-post-thumbnail","hentry"],"acf":[],"yoast_head":"<!-- This site is optimized with the Yoast SEO plugin v26.9 - https:\/\/yoast.com\/product\/yoast-seo-wordpress\/ -->\n<title>Obtenez de puissantes informations sur votre audience | L&#039;\u00e9chantillonnage de produits avec SoPost<\/title>\n<meta name=\"description\" content=\"Nos analyses d\u00e9taill\u00e9es de votre audience et de votre campagne vous diront tout ce que vous devez savoir sur les comportements d&#039;\u00e9chantillonnage des consommateurs et les performances de la campagne.\" \/>\n<meta name=\"robots\" content=\"index, follow, max-snippet:-1, max-image-preview:large, max-video-preview:-1\" \/>\n<link rel=\"canonical\" href=\"https:\/\/sopost.com\/fr\/notre-service\/resultats-et-insights\/\" \/>\n<meta property=\"og:locale\" content=\"fr_FR\" \/>\n<meta property=\"og:type\" content=\"article\" \/>\n<meta property=\"og:title\" content=\"Obtenez de puissantes informations sur votre audience | L&#039;\u00e9chantillonnage de produits avec SoPost\" \/>\n<meta property=\"og:description\" content=\"Nos analyses d\u00e9taill\u00e9es de votre audience et de votre campagne vous diront tout ce que vous devez savoir sur les comportements d&#039;\u00e9chantillonnage des consommateurs et les performances de la campagne.\" \/>\n<meta property=\"og:url\" content=\"https:\/\/sopost.com\/fr\/notre-service\/resultats-et-insights\/\" \/>\n<meta property=\"og:site_name\" content=\"SoPost\" \/>\n<meta property=\"article:modified_time\" content=\"2023-02-14T13:47:54+00:00\" \/>\n<meta property=\"og:image\" content=\"https:\/\/sopost.com\/wp-content\/uploads\/2023\/08\/og-results.jpg\" \/>\n\t<meta property=\"og:image:width\" content=\"1200\" \/>\n\t<meta property=\"og:image:height\" content=\"627\" \/>\n\t<meta property=\"og:image:type\" content=\"image\/jpeg\" \/>\n<meta name=\"twitter:card\" content=\"summary_large_image\" \/>\n<meta name=\"twitter:label1\" content=\"Est. reading time\" \/>\n\t<meta name=\"twitter:data1\" content=\"2 minutes\" \/>\n<script type=\"application\/ld+json\" class=\"yoast-schema-graph\">{\"@context\":\"https:\/\/schema.org\",\"@graph\":[{\"@type\":\"WebPage\",\"@id\":\"https:\/\/sopost.com\/fr\/notre-service\/resultats-et-insights\/\",\"url\":\"https:\/\/sopost.com\/fr\/notre-service\/resultats-et-insights\/\",\"name\":\"Obtenez de puissantes informations sur votre audience | L'\u00e9chantillonnage de produits avec SoPost\",\"isPartOf\":{\"@id\":\"https:\/\/sopost.com\/#website\"},\"primaryImageOfPage\":{\"@id\":\"https:\/\/sopost.com\/fr\/notre-service\/resultats-et-insights\/#primaryimage\"},\"image\":{\"@id\":\"https:\/\/sopost.com\/fr\/notre-service\/resultats-et-insights\/#primaryimage\"},\"thumbnailUrl\":\"https:\/\/sopost.com\/wp-content\/uploads\/2023\/08\/og-results.jpg\",\"datePublished\":\"2022-09-01T19:23:15+00:00\",\"dateModified\":\"2023-02-14T13:47:54+00:00\",\"description\":\"Nos analyses d\u00e9taill\u00e9es de votre audience et de votre campagne vous diront tout ce que vous devez savoir sur les comportements d'\u00e9chantillonnage des consommateurs et les performances de la campagne.\",\"breadcrumb\":{\"@id\":\"https:\/\/sopost.com\/fr\/notre-service\/resultats-et-insights\/#breadcrumb\"},\"inLanguage\":\"fr-FR\",\"potentialAction\":[{\"@type\":\"ReadAction\",\"target\":[\"https:\/\/sopost.com\/fr\/notre-service\/resultats-et-insights\/\"]}]},{\"@type\":\"ImageObject\",\"inLanguage\":\"fr-FR\",\"@id\":\"https:\/\/sopost.com\/fr\/notre-service\/resultats-et-insights\/#primaryimage\",\"url\":\"https:\/\/sopost.com\/wp-content\/uploads\/2023\/08\/og-results.jpg\",\"contentUrl\":\"https:\/\/sopost.com\/wp-content\/uploads\/2023\/08\/og-results.jpg\",\"width\":1200,\"height\":627},{\"@type\":\"BreadcrumbList\",\"@id\":\"https:\/\/sopost.com\/fr\/notre-service\/resultats-et-insights\/#breadcrumb\",\"itemListElement\":[{\"@type\":\"ListItem\",\"position\":1,\"name\":\"Home\",\"item\":\"https:\/\/sopost.com\/fr\/\"},{\"@type\":\"ListItem\",\"position\":2,\"name\":\"SoPost | Notre solution\",\"item\":\"https:\/\/sopost.com\/fr\/notre-service\/\"},{\"@type\":\"ListItem\",\"position\":3,\"name\":\"SoPost | Notre service : R\u00e9sultats et insights\"}]},{\"@type\":\"WebSite\",\"@id\":\"https:\/\/sopost.com\/#website\",\"url\":\"https:\/\/sopost.com\/\",\"name\":\"SoPost\",\"description\":\"\",\"potentialAction\":[{\"@type\":\"SearchAction\",\"target\":{\"@type\":\"EntryPoint\",\"urlTemplate\":\"https:\/\/sopost.com\/?s={search_term_string}\"},\"query-input\":{\"@type\":\"PropertyValueSpecification\",\"valueRequired\":true,\"valueName\":\"search_term_string\"}}],\"inLanguage\":\"fr-FR\"}]}<\/script>\n<!-- \/ Yoast SEO plugin. -->","yoast_head_json":{"title":"Obtenez de puissantes informations sur votre audience | L'\u00e9chantillonnage de produits avec SoPost","description":"Nos analyses d\u00e9taill\u00e9es de votre audience et de votre campagne vous diront tout ce que vous devez savoir sur les comportements d'\u00e9chantillonnage des consommateurs et les performances de la campagne.","robots":{"index":"index","follow":"follow","max-snippet":"max-snippet:-1","max-image-preview":"max-image-preview:large","max-video-preview":"max-video-preview:-1"},"canonical":"https:\/\/sopost.com\/fr\/notre-service\/resultats-et-insights\/","og_locale":"fr_FR","og_type":"article","og_title":"Obtenez de puissantes informations sur votre audience | L'\u00e9chantillonnage de produits avec SoPost","og_description":"Nos analyses d\u00e9taill\u00e9es de votre audience et de votre campagne vous diront tout ce que vous devez savoir sur les comportements d'\u00e9chantillonnage des consommateurs et les performances de la campagne.","og_url":"https:\/\/sopost.com\/fr\/notre-service\/resultats-et-insights\/","og_site_name":"SoPost","article_modified_time":"2023-02-14T13:47:54+00:00","og_image":[{"width":1200,"height":627,"url":"https:\/\/sopost.com\/wp-content\/uploads\/2023\/08\/og-results.jpg","type":"image\/jpeg"}],"twitter_card":"summary_large_image","twitter_misc":{"Est. reading time":"2 minutes"},"schema":{"@context":"https:\/\/schema.org","@graph":[{"@type":"WebPage","@id":"https:\/\/sopost.com\/fr\/notre-service\/resultats-et-insights\/","url":"https:\/\/sopost.com\/fr\/notre-service\/resultats-et-insights\/","name":"Obtenez de puissantes informations sur votre audience | L'\u00e9chantillonnage de produits avec SoPost","isPartOf":{"@id":"https:\/\/sopost.com\/#website"},"primaryImageOfPage":{"@id":"https:\/\/sopost.com\/fr\/notre-service\/resultats-et-insights\/#primaryimage"},"image":{"@id":"https:\/\/sopost.com\/fr\/notre-service\/resultats-et-insights\/#primaryimage"},"thumbnailUrl":"https:\/\/sopost.com\/wp-content\/uploads\/2023\/08\/og-results.jpg","datePublished":"2022-09-01T19:23:15+00:00","dateModified":"2023-02-14T13:47:54+00:00","description":"Nos analyses d\u00e9taill\u00e9es de votre audience et de votre campagne vous diront tout ce que vous devez savoir sur les comportements d'\u00e9chantillonnage des consommateurs et les performances de la campagne.","breadcrumb":{"@id":"https:\/\/sopost.com\/fr\/notre-service\/resultats-et-insights\/#breadcrumb"},"inLanguage":"fr-FR","potentialAction":[{"@type":"ReadAction","target":["https:\/\/sopost.com\/fr\/notre-service\/resultats-et-insights\/"]}]},{"@type":"ImageObject","inLanguage":"fr-FR","@id":"https:\/\/sopost.com\/fr\/notre-service\/resultats-et-insights\/#primaryimage","url":"https:\/\/sopost.com\/wp-content\/uploads\/2023\/08\/og-results.jpg","contentUrl":"https:\/\/sopost.com\/wp-content\/uploads\/2023\/08\/og-results.jpg","width":1200,"height":627},{"@type":"BreadcrumbList","@id":"https:\/\/sopost.com\/fr\/notre-service\/resultats-et-insights\/#breadcrumb","itemListElement":[{"@type":"ListItem","position":1,"name":"Home","item":"https:\/\/sopost.com\/fr\/"},{"@type":"ListItem","position":2,"name":"SoPost | Notre solution","item":"https:\/\/sopost.com\/fr\/notre-service\/"},{"@type":"ListItem","position":3,"name":"SoPost | Notre service : R\u00e9sultats et insights"}]},{"@type":"WebSite","@id":"https:\/\/sopost.com\/#website","url":"https:\/\/sopost.com\/","name":"SoPost","description":"","potentialAction":[{"@type":"SearchAction","target":{"@type":"EntryPoint","urlTemplate":"https:\/\/sopost.com\/?s={search_term_string}"},"query-input":{"@type":"PropertyValueSpecification","valueRequired":true,"valueName":"search_term_string"}}],"inLanguage":"fr-FR"}]}},"uagb_featured_image_src":{"full":["https:\/\/sopost.com\/wp-content\/uploads\/2023\/08\/og-results.jpg",1200,627,false],"thumbnail":["https:\/\/sopost.com\/wp-content\/uploads\/2023\/08\/og-results-150x150.jpg",150,150,true],"medium":["https:\/\/sopost.com\/wp-content\/uploads\/2023\/08\/og-results-300x157.jpg",300,157,true],"medium_large":["https:\/\/sopost.com\/wp-content\/uploads\/2023\/08\/og-results-768x401.jpg",640,334,true],"large":["https:\/\/sopost.com\/wp-content\/uploads\/2023\/08\/og-results-1024x535.jpg",640,334,true],"1536x1536":["https:\/\/sopost.com\/wp-content\/uploads\/2023\/08\/og-results.jpg",1200,627,false],"2048x2048":["https:\/\/sopost.com\/wp-content\/uploads\/2023\/08\/og-results.jpg",1200,627,false]},"uagb_author_info":{"display_name":"Scott Hewitson","author_link":"https:\/\/sopost.com\/fr\/blog\/author\/shewitson\/"},"uagb_comment_info":0,"uagb_excerpt":"Toujours disponible R\u00e9sultats et insights Les enqu\u00eates post-test aupr\u00e8s des consommateurs, les \u00e9valuations et les avis, ainsi que les rapports d\u00e9taill\u00e9s sur vos campagnes vous donnent un aper\u00e7u puissant de vos campagnes d&rsquo;\u00e9chantillonnage. Parlons d&rsquo;activations et d&rsquo;int\u00e9grations. Ne ratez rien avec notre tableau de bord en direct D\u00e8s que votre campagne d&rsquo;\u00e9chantillonnage est lanc\u00e9e, vous","_links":{"self":[{"href":"https:\/\/sopost.com\/fr\/wp-json\/wp\/v2\/pages\/4841","targetHints":{"allow":["GET"]}}],"collection":[{"href":"https:\/\/sopost.com\/fr\/wp-json\/wp\/v2\/pages"}],"about":[{"href":"https:\/\/sopost.com\/fr\/wp-json\/wp\/v2\/types\/page"}],"author":[{"embeddable":true,"href":"https:\/\/sopost.com\/fr\/wp-json\/wp\/v2\/users\/13"}],"replies":[{"embeddable":true,"href":"https:\/\/sopost.com\/fr\/wp-json\/wp\/v2\/comments?post=4841"}],"version-history":[{"count":9,"href":"https:\/\/sopost.com\/fr\/wp-json\/wp\/v2\/pages\/4841\/revisions"}],"predecessor-version":[{"id":5372,"href":"https:\/\/sopost.com\/fr\/wp-json\/wp\/v2\/pages\/4841\/revisions\/5372"}],"up":[{"embeddable":true,"href":"https:\/\/sopost.com\/fr\/wp-json\/wp\/v2\/pages\/4828"}],"wp:featuredmedia":[{"embeddable":true,"href":"https:\/\/sopost.com\/fr\/wp-json\/wp\/v2\/media\/10146"}],"wp:attachment":[{"href":"https:\/\/sopost.com\/fr\/wp-json\/wp\/v2\/media?parent=4841"}],"curies":[{"name":"wp","href":"https:\/\/api.w.org\/{rel}","templated":true}]}}