{"id":4843,"date":"2022-09-01T10:07:01","date_gmt":"2022-09-01T10:07:01","guid":{"rendered":"https:\/\/www.sopost.com\/?page_id=4843"},"modified":"2023-02-23T13:54:29","modified_gmt":"2023-02-23T13:54:29","slug":"la-gestion-de-vos-echantillons","status":"publish","type":"page","link":"https:\/\/sopost.com\/fr\/notre-service\/la-gestion-de-vos-echantillons\/","title":{"rendered":"SoPost | Notre service : la gestion de vos \u00e9chantillons"},"content":{"rendered":"\n<div style=\"background:#e8edf0\">\n\n\n\n<div class=\"bcontainer\">\n\n\n\n<div class=\"brow\">\n\n\n\n<div class=\"wp-block-group col-lg-12 col-12\"><div class=\"wp-block-group__inner-container is-layout-flow wp-block-group-is-layout-flow\">\n<div style=\"height:100px\" aria-hidden=\"true\" class=\"wp-block-spacer\"><\/div>\n\n\n<div class=\"wp-block-image\">\n<figure class=\"aligncenter size-full is-resized\"><img decoding=\"async\" src=\"https:\/\/www.sopost.com\/wp-content\/uploads\/2022\/09\/ico-fulfillment.png\" alt=\"\" class=\"wp-image-4384\" width=\"105\"\/><\/figure>\n<\/div>\n\n\n<p class=\"has-text-align-center title page-top-subtext mt-4\">EXP\u00c9DIER \u00c0 QUI VOUS VOULEZ, O\u00d9 VOUS VOULEZ<\/p>\n\n\n\n<h1 class=\"has-text-align-center title mt-3 wp-block-heading\">Un service mondial et sans faille<\/h1>\n\n\n\n<p class=\"has-text-align-center mt-4\">Nous assurons le stockage et la livraison d&rsquo;\u00e9chantillons sur 23 march\u00e9s \u00e0 partir de nos hubs mondiaux. Envoyez-nous votre stock et nous nous chargeons du reste.<\/p>\n\n\n\n<a class=\"pri-cta mx-auto mt-4\" href=\"\/fr\/book-a-meeting\">Parlons de la gestion des commandes<\/a>\n\n\n\n<div style=\"height:100px\" aria-hidden=\"true\" class=\"wp-block-spacer\"><\/div>\n<\/div><\/div>\n\n\n\n<\/div>\n\n\n\n<\/div>\n\n\n\n<\/div>\n\n\n\n<div class=\"bcontainer\">\n\n\n\n<div style=\"height:100px\" aria-hidden=\"true\" class=\"wp-block-spacer\"><\/div>\n\n\n\n<div class=\"brow d-flex justify-content-start align-items-center\">\n\n\n\n<div class=\"wp-block-group col-lg-6 col-12 order-1\"><div class=\"wp-block-group__inner-container is-layout-flow wp-block-group-is-layout-flow\"><div class=\"wp-block-image\">\n<figure class=\"aligncenter size-full is-resized\"><img loading=\"lazy\" decoding=\"async\" src=\"https:\/\/www.sopost.com\/wp-content\/uploads\/2023\/01\/frmap.png\" alt=\"\" class=\"wp-image-5147\" width=\"906\" height=\"550\" srcset=\"https:\/\/sopost.com\/wp-content\/uploads\/2023\/01\/frmap.png 1812w, https:\/\/sopost.com\/wp-content\/uploads\/2023\/01\/frmap-300x182.png 300w, https:\/\/sopost.com\/wp-content\/uploads\/2023\/01\/frmap-1024x622.png 1024w, https:\/\/sopost.com\/wp-content\/uploads\/2023\/01\/frmap-768x466.png 768w, https:\/\/sopost.com\/wp-content\/uploads\/2023\/01\/frmap-1536x932.png 1536w\" sizes=\"auto, (max-width: 906px) 100vw, 906px\" \/><\/figure>\n<\/div><\/div><\/div>\n\n\n\n<div class=\"wp-block-group offset-lg-1 offset-0 text-lg-left text-center col-lg-5 col-12 mt-5 mt-lg-0 order-2 order-lg-1\"><div class=\"wp-block-group__inner-container is-layout-flow wp-block-group-is-layout-flow\">\n<h3 class=\"title wp-block-heading\" style=\"font-size:33px\">Nous sommes pr\u00e9sents sur 23 march\u00e9s<\/h3>\n\n\n\n<p>Nous avons mis au point des technologies flexibles afin de proposer des options de distribution adapt\u00e9es \u00e0 tous les budgets, \u00e0 toutes les contextes et \u00e0 tous les besoins technologiques.<\/p>\n\n\n\n<p class=\"mt-3\">Royaume Uni&nbsp;&nbsp; \u2022&nbsp;&nbsp; Etats-Unis&nbsp;&nbsp; \u2022&nbsp;&nbsp; Australie&nbsp;&nbsp; \u2022&nbsp;&nbsp; Autriche&nbsp;&nbsp; \u2022&nbsp;&nbsp; Belgique&nbsp;&nbsp; \u2022&nbsp;&nbsp; Canada&nbsp;&nbsp; \u2022&nbsp;&nbsp; Danemark&nbsp;&nbsp; \u2022&nbsp;&nbsp; Finlande&nbsp;&nbsp; \u2022&nbsp;&nbsp; France&nbsp;&nbsp; \u2022&nbsp;&nbsp; Allemagne&nbsp;&nbsp; \u2022&nbsp;&nbsp; Italie&nbsp;&nbsp; \u2022&nbsp;&nbsp; R\u00e9publique &nbsp;d&rsquo;Irlande&nbsp;&nbsp; \u2022&nbsp;&nbsp; Mexique \u2022&nbsp;&nbsp; Pays-Bas&nbsp;&nbsp; \u2022&nbsp;&nbsp; Norv\u00e8ge&nbsp;&nbsp; \u2022&nbsp;&nbsp; Pologne&nbsp;&nbsp; \u2022&nbsp;&nbsp; Portugal&nbsp;&nbsp; \u2022&nbsp;&nbsp; Arabie Saoudite&nbsp;&nbsp; \u2022&nbsp;&nbsp; Afrique du Sud&nbsp;&nbsp; \u2022&nbsp;&nbsp; Espagne&nbsp;&nbsp; \u2022&nbsp;&nbsp; Su\u00e8de&nbsp;&nbsp; \u2022&nbsp;&nbsp; Suisse&nbsp;&nbsp; \u2022&nbsp;&nbsp; EAU<\/p>\n\n\n\n<a class=\"sec-cta mt-4\" href=\"\/fr\/book-a-meeting\">Parlez-nous de vos march\u00e9s<\/a>\n<\/div><\/div>\n\n\n\n<\/div>\n\n\n\n<\/div>\n\n\n\n<div style=\"height:100px\" aria-hidden=\"true\" class=\"wp-block-spacer\"><\/div>\n\n\n\n<div style=\"background:#231F20\">\n\n\n\n<div class=\"bcontainer\" style=\"\">\n\n\n\n<div style=\"height:100px\" aria-hidden=\"true\" class=\"wp-block-spacer\"><\/div>\n\n\n\n<div class=\"brow d-flex justify-content-start align-items-center\">\n\n\n\n<div class=\"wp-block-group text-white order-lg-1 order-2 text-lg-left text-center col-lg-5 col-12 mt-5 mt-lg-0\"><div class=\"wp-block-group__inner-container is-layout-flow wp-block-group-is-layout-flow\">\n<h3 class=\"title wp-block-heading\" style=\"font-size:33px\">Nous pouvons exp\u00e9dier des produits partout et \u00e0 tout moment.<\/h3>\n\n\n\n<p>Vous souhaitez exp\u00e9dier un \u00e9chantillon, mais vous ne savez pas combien cela va vous co\u00fbter ? Nous avons une grande exp\u00e9rience de l&rsquo;exp\u00e9dition d&rsquo;\u00e9chantillons lourds, volumineux et potentiellement fragiles via notre r\u00e9seau de distribution international. Demandez-nous un devis pour l&rsquo;exp\u00e9dition de vos \u00e9chantillons rapidement et facilement.<\/p>\n\n\n\n<a class=\"ter-cta mt-4\" href=\"\/fr\/book-a-meeting\">Parlons d&rsquo;exp\u00e9dition<\/a>\n<\/div><\/div>\n\n\n\n<div class=\"wp-block-group offset-lg-1 offset-0 col-lg-6 col-12 order-1\"><div class=\"wp-block-group__inner-container is-layout-flow wp-block-group-is-layout-flow\"><div class=\"wp-block-image\">\n<figure class=\"aligncenter size-full is-resized\"><img loading=\"lazy\" decoding=\"async\" src=\"https:\/\/www.sopost.com\/wp-content\/uploads\/2022\/09\/Group-781-1.png\" alt=\"\" class=\"wp-image-4090\" width=\"605\" height=\"695\" srcset=\"https:\/\/sopost.com\/wp-content\/uploads\/2022\/09\/Group-781-1.png 807w, https:\/\/sopost.com\/wp-content\/uploads\/2022\/09\/Group-781-1-261x300.png 261w, https:\/\/sopost.com\/wp-content\/uploads\/2022\/09\/Group-781-1-768x882.png 768w\" sizes=\"auto, (max-width: 605px) 100vw, 605px\" \/><\/figure>\n<\/div><\/div><\/div>\n\n\n\n<\/div>\n\n\n\n<div style=\"height:100px\" aria-hidden=\"true\" class=\"wp-block-spacer\"><\/div>\n\n\n\n<\/div>\n\n\n\n<\/div>\n\n\n\n<div style=\"height:100px\" aria-hidden=\"true\" class=\"wp-block-spacer d-none d-xl-block\"><\/div>\n\n\n\n<div class=\"bcontainer my-5\">\n\n\n\n<div class=\"brow my-5\">\n\n\n\n<div class=\"wp-block-group col-lg-12 col-12\"><div class=\"wp-block-group__inner-container is-layout-flow wp-block-group-is-layout-flow\">\n<div style=\"height:50px\" aria-hidden=\"true\" class=\"wp-block-spacer\"><\/div>\n\n\n\n<h2 class=\"has-text-align-center title text-center\" style=\"font-size:48px\">Nous visons<br class=\"d-none d-xl-block\"> l&rsquo;excellence<\/h2>\n<\/div><\/div>\n\n\n\n<\/div>\n\n\n\n<div class=\"brow mt-5\">\n\n\n\n<div class=\"wp-block-group col-lg-4 col-12\"><div class=\"wp-block-group__inner-container is-layout-flow wp-block-group-is-layout-flow\">\n<h2 class=\"has-text-align-center title homepage-stats wp-block-heading\">3,500,000+<\/h2>\n\n\n\n<p class=\"has-text-align-center\">Avis clients et r\u00e9ponses aux questionnaires re\u00e7us<\/p>\n<\/div><\/div>\n\n\n\n<div class=\"wp-block-group col-lg-4 col-12 mt-5 mt-lg-0\"><div class=\"wp-block-group__inner-container is-layout-flow wp-block-group-is-layout-flow\">\n<h2 class=\"has-text-align-center title homepage-stats wp-block-heading\">350+<\/h2>\n\n\n\n<p class=\"has-text-align-center\">marques partenaires<\/p>\n<\/div><\/div>\n\n\n\n<div class=\"wp-block-group col-lg-4 col-12 mt-5 mt-lg-0\"><div class=\"wp-block-group__inner-container is-layout-flow wp-block-group-is-layout-flow\">\n<h2 class=\"has-text-align-center title homepage-stats wp-block-heading\">14,000,000+<\/h2>\n\n\n\n<p class=\"has-text-align-center\">d&rsquo;opt-in marketing collect\u00e9s<\/p>\n<\/div><\/div>\n\n\n\n<\/div>\n\n\n\n<div class=\"brow d-flex justify-content-between align-items-center mt-xl-5 mt-0\">\n\n\n\n<div class=\"wp-block-group col-lg-4 col-12 mt-5 mt-lg-0\"><div class=\"wp-block-group__inner-container is-layout-flow wp-block-group-is-layout-flow\">\n<h2 class=\"has-text-align-center title homepage-stats wp-block-heading\">1 commande<\/h2>\n\n\n\n<p class=\"has-text-align-center\">exp\u00e9di\u00e9e toutes les 2 secondes<\/p>\n<\/div><\/div>\n\n\n\n<div class=\"wp-block-group col-lg-4 col-12 mt-5 mt-lg-0\"><div class=\"wp-block-group__inner-container is-layout-flow wp-block-group-is-layout-flow\">\n<h2 class=\"has-text-align-center title homepage-stats wp-block-heading\">25,000,000+<\/h2>\n\n\n\n<p class=\"has-text-align-center\">de consommateurs engag\u00e9s<\/p>\n<\/div><\/div>\n\n\n\n<div class=\"wp-block-group col-lg-4 col-12 outline-border p-5 mt-5 mt-lg-0\"><div class=\"wp-block-group__inner-container is-layout-flow wp-block-group-is-layout-flow\">\n<p class=\"has-text-align-center\">Besoin d&rsquo;en savoir plus ?<\/p>\n\n\n\n<a class=\"pri-cta mx-auto mt-3\" href=\"\/fr\/book-a-meeting\/\">Parlons d&rsquo;\u00e9chantillonnage<\/a>\n<\/div><\/div>\n\n\n\n<\/div>\n\n\n\n<\/div>\n\n\n\n<div style=\"height:40px\" aria-hidden=\"true\" class=\"wp-block-spacer d-none d-xl-block\"><\/div>\n\n\n\n<div class=\"mt-5\" style=\"background:#e8edf0\">\n\n\n\n<div class=\"mt-5\" style=\"background:#e8edf0\">\n\n\n\n<div class=\"wp-block-group bcontainer py-5\"><div class=\"wp-block-group__inner-container is-layout-flow wp-block-group-is-layout-flow\">\n<div class=\"wp-block-columns are-vertically-aligned-center brow mt-5 px-2 is-layout-flex wp-container-core-columns-is-layout-9d6595d7 wp-block-columns-is-layout-flex\">\n<div class=\"wp-block-column is-vertically-aligned-center is-layout-flow wp-block-column-is-layout-flow\">\n<h1 class=\"text-center page-top-subtext mb-0\"><span style=\"color:#0066ff;font-size:16px;line-height:22px;\">Parlez \u00e0 un expert<\/span><\/h1>\n\n\n\n<h2 class=\"has-text-align-center title\" style=\"font-size:48px\">Prenez rendez-vous avec nous<\/h2>\n\n\n\n<p class=\"text-center\">Nous avons aid\u00e9 plus de 350 marques \u00e0 optimiser leurs op\u00e9rations de marketing.<\/p>\n\n\n\n<a href=\"\/fr\/book-a-meeting\/\" class=\"pri-cta mt-4 mx-auto\">Prenez rendez-vous avec nous<\/a>\n<\/div>\n<\/div>\n<\/div><\/div>\n\n\n\n<\/div>\n\n\n\n<\/div>\n\n\n\n<div style=\"background:#fff\"><\/div>\n\n\n\n<div style=\"height:1px\" aria-hidden=\"true\" class=\"wp-block-spacer\"><\/div>\n","protected":false},"excerpt":{"rendered":"<p>EXP\u00c9DIER \u00c0 QUI VOUS VOULEZ, O\u00d9 VOUS VOULEZ Un service mondial et sans faille Nous assurons le stockage et la livraison d&rsquo;\u00e9chantillons sur 23 march\u00e9s \u00e0 partir de nos hubs mondiaux. Envoyez-nous votre stock et nous nous chargeons du reste. Parlons de la gestion des commandes Nous sommes pr\u00e9sents sur 23 march\u00e9s Nous avons mis<\/p>\n","protected":false},"author":13,"featured_media":13555,"parent":4828,"menu_order":0,"comment_status":"closed","ping_status":"closed","template":"page-templates\/blank.php","meta":{"_acf_changed":false,"_eb_attr":"","inline_featured_image":false,"_uag_custom_page_level_css":"","footnotes":""},"class_list":["post-4843","page","type-page","status-publish","has-post-thumbnail","hentry"],"acf":[],"yoast_head":"<!-- This site is optimized with the Yoast SEO plugin v26.9 - https:\/\/yoast.com\/product\/yoast-seo-wordpress\/ -->\n<title>R\u00e9alisation facile | \u00c9chantillonnage en ligne | SoPost<\/title>\n<meta name=\"description\" content=\"Gr\u00e2ce \u00e0 nos partenaires internationaux, nous assurons le stockage et l&#039;exp\u00e9dition de vos \u00e9chantillons en toute transparence. En savoir plus...\" \/>\n<meta name=\"robots\" content=\"index, follow, max-snippet:-1, max-image-preview:large, max-video-preview:-1\" \/>\n<link rel=\"canonical\" href=\"https:\/\/sopost.com\/fr\/notre-service\/la-gestion-de-vos-echantillons\/\" \/>\n<meta property=\"og:locale\" content=\"fr_FR\" \/>\n<meta property=\"og:type\" content=\"article\" \/>\n<meta property=\"og:title\" content=\"R\u00e9alisation facile | \u00c9chantillonnage en ligne | SoPost\" \/>\n<meta property=\"og:description\" content=\"Gr\u00e2ce \u00e0 nos partenaires internationaux, nous assurons le stockage et l&#039;exp\u00e9dition de vos \u00e9chantillons en toute transparence. En savoir plus...\" \/>\n<meta property=\"og:url\" content=\"https:\/\/sopost.com\/fr\/notre-service\/la-gestion-de-vos-echantillons\/\" \/>\n<meta property=\"og:site_name\" content=\"SoPost\" \/>\n<meta property=\"article:modified_time\" content=\"2023-02-23T13:54:29+00:00\" \/>\n<meta property=\"og:image\" content=\"https:\/\/sopost.com\/wp-content\/uploads\/2024\/10\/Fulfillment-page-featured-image.jpg\" \/>\n\t<meta property=\"og:image:width\" content=\"1200\" \/>\n\t<meta property=\"og:image:height\" content=\"627\" \/>\n\t<meta property=\"og:image:type\" content=\"image\/jpeg\" \/>\n<meta name=\"twitter:card\" content=\"summary_large_image\" \/>\n<meta name=\"twitter:label1\" content=\"Est. reading time\" \/>\n\t<meta name=\"twitter:data1\" content=\"2 minutes\" \/>\n<script type=\"application\/ld+json\" class=\"yoast-schema-graph\">{\"@context\":\"https:\/\/schema.org\",\"@graph\":[{\"@type\":\"WebPage\",\"@id\":\"https:\/\/sopost.com\/fr\/notre-service\/la-gestion-de-vos-echantillons\/\",\"url\":\"https:\/\/sopost.com\/fr\/notre-service\/la-gestion-de-vos-echantillons\/\",\"name\":\"R\u00e9alisation facile | \u00c9chantillonnage en ligne | SoPost\",\"isPartOf\":{\"@id\":\"https:\/\/sopost.com\/#website\"},\"primaryImageOfPage\":{\"@id\":\"https:\/\/sopost.com\/fr\/notre-service\/la-gestion-de-vos-echantillons\/#primaryimage\"},\"image\":{\"@id\":\"https:\/\/sopost.com\/fr\/notre-service\/la-gestion-de-vos-echantillons\/#primaryimage\"},\"thumbnailUrl\":\"https:\/\/sopost.com\/wp-content\/uploads\/2024\/10\/Fulfillment-page-featured-image.jpg\",\"datePublished\":\"2022-09-01T10:07:01+00:00\",\"dateModified\":\"2023-02-23T13:54:29+00:00\",\"description\":\"Gr\u00e2ce \u00e0 nos partenaires internationaux, nous assurons le stockage et l'exp\u00e9dition de vos \u00e9chantillons en toute transparence. En savoir plus...\",\"breadcrumb\":{\"@id\":\"https:\/\/sopost.com\/fr\/notre-service\/la-gestion-de-vos-echantillons\/#breadcrumb\"},\"inLanguage\":\"fr-FR\",\"potentialAction\":[{\"@type\":\"ReadAction\",\"target\":[\"https:\/\/sopost.com\/fr\/notre-service\/la-gestion-de-vos-echantillons\/\"]}]},{\"@type\":\"ImageObject\",\"inLanguage\":\"fr-FR\",\"@id\":\"https:\/\/sopost.com\/fr\/notre-service\/la-gestion-de-vos-echantillons\/#primaryimage\",\"url\":\"https:\/\/sopost.com\/wp-content\/uploads\/2024\/10\/Fulfillment-page-featured-image.jpg\",\"contentUrl\":\"https:\/\/sopost.com\/wp-content\/uploads\/2024\/10\/Fulfillment-page-featured-image.jpg\",\"width\":1200,\"height\":627,\"caption\":\"sample fulfillment\"},{\"@type\":\"BreadcrumbList\",\"@id\":\"https:\/\/sopost.com\/fr\/notre-service\/la-gestion-de-vos-echantillons\/#breadcrumb\",\"itemListElement\":[{\"@type\":\"ListItem\",\"position\":1,\"name\":\"Home\",\"item\":\"https:\/\/sopost.com\/fr\/\"},{\"@type\":\"ListItem\",\"position\":2,\"name\":\"SoPost | Notre solution\",\"item\":\"https:\/\/sopost.com\/fr\/notre-service\/\"},{\"@type\":\"ListItem\",\"position\":3,\"name\":\"SoPost | Notre service : la gestion de vos \u00e9chantillons\"}]},{\"@type\":\"WebSite\",\"@id\":\"https:\/\/sopost.com\/#website\",\"url\":\"https:\/\/sopost.com\/\",\"name\":\"SoPost\",\"description\":\"\",\"potentialAction\":[{\"@type\":\"SearchAction\",\"target\":{\"@type\":\"EntryPoint\",\"urlTemplate\":\"https:\/\/sopost.com\/?s={search_term_string}\"},\"query-input\":{\"@type\":\"PropertyValueSpecification\",\"valueRequired\":true,\"valueName\":\"search_term_string\"}}],\"inLanguage\":\"fr-FR\"}]}<\/script>\n<!-- \/ Yoast SEO plugin. -->","yoast_head_json":{"title":"R\u00e9alisation facile | \u00c9chantillonnage en ligne | SoPost","description":"Gr\u00e2ce \u00e0 nos partenaires internationaux, nous assurons le stockage et l'exp\u00e9dition de vos \u00e9chantillons en toute transparence. En savoir plus...","robots":{"index":"index","follow":"follow","max-snippet":"max-snippet:-1","max-image-preview":"max-image-preview:large","max-video-preview":"max-video-preview:-1"},"canonical":"https:\/\/sopost.com\/fr\/notre-service\/la-gestion-de-vos-echantillons\/","og_locale":"fr_FR","og_type":"article","og_title":"R\u00e9alisation facile | \u00c9chantillonnage en ligne | SoPost","og_description":"Gr\u00e2ce \u00e0 nos partenaires internationaux, nous assurons le stockage et l'exp\u00e9dition de vos \u00e9chantillons en toute transparence. En savoir plus...","og_url":"https:\/\/sopost.com\/fr\/notre-service\/la-gestion-de-vos-echantillons\/","og_site_name":"SoPost","article_modified_time":"2023-02-23T13:54:29+00:00","og_image":[{"width":1200,"height":627,"url":"https:\/\/sopost.com\/wp-content\/uploads\/2024\/10\/Fulfillment-page-featured-image.jpg","type":"image\/jpeg"}],"twitter_card":"summary_large_image","twitter_misc":{"Est. reading time":"2 minutes"},"schema":{"@context":"https:\/\/schema.org","@graph":[{"@type":"WebPage","@id":"https:\/\/sopost.com\/fr\/notre-service\/la-gestion-de-vos-echantillons\/","url":"https:\/\/sopost.com\/fr\/notre-service\/la-gestion-de-vos-echantillons\/","name":"R\u00e9alisation facile | \u00c9chantillonnage en ligne | SoPost","isPartOf":{"@id":"https:\/\/sopost.com\/#website"},"primaryImageOfPage":{"@id":"https:\/\/sopost.com\/fr\/notre-service\/la-gestion-de-vos-echantillons\/#primaryimage"},"image":{"@id":"https:\/\/sopost.com\/fr\/notre-service\/la-gestion-de-vos-echantillons\/#primaryimage"},"thumbnailUrl":"https:\/\/sopost.com\/wp-content\/uploads\/2024\/10\/Fulfillment-page-featured-image.jpg","datePublished":"2022-09-01T10:07:01+00:00","dateModified":"2023-02-23T13:54:29+00:00","description":"Gr\u00e2ce \u00e0 nos partenaires internationaux, nous assurons le stockage et l'exp\u00e9dition de vos \u00e9chantillons en toute transparence. En savoir plus...","breadcrumb":{"@id":"https:\/\/sopost.com\/fr\/notre-service\/la-gestion-de-vos-echantillons\/#breadcrumb"},"inLanguage":"fr-FR","potentialAction":[{"@type":"ReadAction","target":["https:\/\/sopost.com\/fr\/notre-service\/la-gestion-de-vos-echantillons\/"]}]},{"@type":"ImageObject","inLanguage":"fr-FR","@id":"https:\/\/sopost.com\/fr\/notre-service\/la-gestion-de-vos-echantillons\/#primaryimage","url":"https:\/\/sopost.com\/wp-content\/uploads\/2024\/10\/Fulfillment-page-featured-image.jpg","contentUrl":"https:\/\/sopost.com\/wp-content\/uploads\/2024\/10\/Fulfillment-page-featured-image.jpg","width":1200,"height":627,"caption":"sample fulfillment"},{"@type":"BreadcrumbList","@id":"https:\/\/sopost.com\/fr\/notre-service\/la-gestion-de-vos-echantillons\/#breadcrumb","itemListElement":[{"@type":"ListItem","position":1,"name":"Home","item":"https:\/\/sopost.com\/fr\/"},{"@type":"ListItem","position":2,"name":"SoPost | Notre solution","item":"https:\/\/sopost.com\/fr\/notre-service\/"},{"@type":"ListItem","position":3,"name":"SoPost | Notre service : la gestion de vos \u00e9chantillons"}]},{"@type":"WebSite","@id":"https:\/\/sopost.com\/#website","url":"https:\/\/sopost.com\/","name":"SoPost","description":"","potentialAction":[{"@type":"SearchAction","target":{"@type":"EntryPoint","urlTemplate":"https:\/\/sopost.com\/?s={search_term_string}"},"query-input":{"@type":"PropertyValueSpecification","valueRequired":true,"valueName":"search_term_string"}}],"inLanguage":"fr-FR"}]}},"uagb_featured_image_src":{"full":["https:\/\/sopost.com\/wp-content\/uploads\/2024\/10\/Fulfillment-page-featured-image.jpg",1200,627,false],"thumbnail":["https:\/\/sopost.com\/wp-content\/uploads\/2024\/10\/Fulfillment-page-featured-image-150x150.jpg",150,150,true],"medium":["https:\/\/sopost.com\/wp-content\/uploads\/2024\/10\/Fulfillment-page-featured-image-300x157.jpg",300,157,true],"medium_large":["https:\/\/sopost.com\/wp-content\/uploads\/2024\/10\/Fulfillment-page-featured-image-768x401.jpg",640,334,true],"large":["https:\/\/sopost.com\/wp-content\/uploads\/2024\/10\/Fulfillment-page-featured-image-1024x535.jpg",640,334,true],"1536x1536":["https:\/\/sopost.com\/wp-content\/uploads\/2024\/10\/Fulfillment-page-featured-image.jpg",1200,627,false],"2048x2048":["https:\/\/sopost.com\/wp-content\/uploads\/2024\/10\/Fulfillment-page-featured-image.jpg",1200,627,false]},"uagb_author_info":{"display_name":"Scott Hewitson","author_link":"https:\/\/sopost.com\/fr\/blog\/author\/shewitson\/"},"uagb_comment_info":0,"uagb_excerpt":"EXP\u00c9DIER \u00c0 QUI VOUS VOULEZ, O\u00d9 VOUS VOULEZ Un service mondial et sans faille Nous assurons le stockage et la livraison d&rsquo;\u00e9chantillons sur 23 march\u00e9s \u00e0 partir de nos hubs mondiaux. Envoyez-nous votre stock et nous nous chargeons du reste. Parlons de la gestion des commandes Nous sommes pr\u00e9sents sur 23 march\u00e9s Nous avons mis","_links":{"self":[{"href":"https:\/\/sopost.com\/fr\/wp-json\/wp\/v2\/pages\/4843","targetHints":{"allow":["GET"]}}],"collection":[{"href":"https:\/\/sopost.com\/fr\/wp-json\/wp\/v2\/pages"}],"about":[{"href":"https:\/\/sopost.com\/fr\/wp-json\/wp\/v2\/types\/page"}],"author":[{"embeddable":true,"href":"https:\/\/sopost.com\/fr\/wp-json\/wp\/v2\/users\/13"}],"replies":[{"embeddable":true,"href":"https:\/\/sopost.com\/fr\/wp-json\/wp\/v2\/comments?post=4843"}],"version-history":[{"count":11,"href":"https:\/\/sopost.com\/fr\/wp-json\/wp\/v2\/pages\/4843\/revisions"}],"predecessor-version":[{"id":5618,"href":"https:\/\/sopost.com\/fr\/wp-json\/wp\/v2\/pages\/4843\/revisions\/5618"}],"up":[{"embeddable":true,"href":"https:\/\/sopost.com\/fr\/wp-json\/wp\/v2\/pages\/4828"}],"wp:featuredmedia":[{"embeddable":true,"href":"https:\/\/sopost.com\/fr\/wp-json\/wp\/v2\/media\/13555"}],"wp:attachment":[{"href":"https:\/\/sopost.com\/fr\/wp-json\/wp\/v2\/media?parent=4843"}],"curies":[{"name":"wp","href":"https:\/\/api.w.org\/{rel}","templated":true}]}}