{"id":4978,"date":"2022-11-17T10:54:59","date_gmt":"2022-11-17T10:54:59","guid":{"rendered":"https:\/\/www.sopost.com\/?page_id=4978"},"modified":"2023-02-13T20:55:57","modified_gmt":"2023-02-13T20:55:57","slug":"sopost-contactez-nous","status":"publish","type":"page","link":"https:\/\/sopost.com\/fr\/sopost-contactez-nous\/","title":{"rendered":"SoPost | Parlons de votre marque"},"content":{"rendered":"\n<div style=\"background:#e8edf0\">\n\n\n\n<div class=\"wp-block-group bcontainer py-5\"><div class=\"wp-block-group__inner-container is-layout-flow wp-block-group-is-layout-flow\">\n<div class=\"wp-block-columns are-vertically-aligned-center brow mt-5 is-layout-flex wp-container-core-columns-is-layout-9d6595d7 wp-block-columns-is-layout-flex\">\n<div class=\"wp-block-column is-vertically-aligned-center is-layout-flow wp-block-column-is-layout-flow\">\n<h4 class=\"wp-block-heading\">Parlez \u00e0 un sp\u00e9cialiste<\/h4>\n\n\n\n<h1 class=\"wp-block-heading\">Parlons de votre marque<\/h1>\n\n\n\n<p>Vous voulez \u00e9chantillonner plus efficacement ? Organisez une r\u00e9union avec l&rsquo;un de nos experts aujourd&rsquo;hui et apprenez-en plus sur les sujets suivants : <\/p>\n\n\n\n<div class=\"wp-block-columns is-not-stacked-on-mobile mt-5 mb-0 is-layout-flex wp-container-core-columns-is-layout-9d6595d7 wp-block-columns-is-layout-flex\">\n<div class=\"wp-block-column is-layout-flow wp-block-column-is-layout-flow\" style=\"flex-basis:5%\"><div class=\"wp-block-image\">\n<figure class=\"aligncenter size-large\"><img decoding=\"async\" src=\"\/wp-content\/uploads\/2022\/05\/tick.png\" alt=\"\"\/><\/figure>\n<\/div><\/div>\n\n\n\n<div class=\"wp-block-column is-layout-flow wp-block-column-is-layout-flow\" style=\"flex-basis:92%\">\n<p>Conseils et organisation de campagnes<\/p>\n<\/div>\n<\/div>\n\n\n\n<div class=\"wp-block-columns is-not-stacked-on-mobile mb-0 is-layout-flex wp-container-core-columns-is-layout-9d6595d7 wp-block-columns-is-layout-flex\">\n<div class=\"wp-block-column is-layout-flow wp-block-column-is-layout-flow\" style=\"flex-basis:5%\"><div class=\"wp-block-image\">\n<figure class=\"aligncenter size-large\"><img decoding=\"async\" src=\"\/wp-content\/uploads\/2022\/05\/tick.png\" alt=\"\"\/><\/figure>\n<\/div><\/div>\n\n\n\n<div class=\"wp-block-column is-layout-flow wp-block-column-is-layout-flow\" style=\"flex-basis:92%\">\n<p>Commandes transparentes et gaspillage limit\u00e9<\/p>\n<\/div>\n<\/div>\n\n\n\n<div class=\"wp-block-columns is-not-stacked-on-mobile mb-0 is-layout-flex wp-container-core-columns-is-layout-9d6595d7 wp-block-columns-is-layout-flex\">\n<div class=\"wp-block-column is-layout-flow wp-block-column-is-layout-flow\" style=\"flex-basis:5%\"><div class=\"wp-block-image\">\n<figure class=\"aligncenter size-large\"><img decoding=\"async\" src=\"\/wp-content\/uploads\/2022\/05\/tick.png\" alt=\"\"\/><\/figure>\n<\/div><\/div>\n\n\n\n<div class=\"wp-block-column is-layout-flow wp-block-column-is-layout-flow\" style=\"flex-basis:92%\">\n<p>Une r\u00e9alisation internationale en temps voulu<\/p>\n<\/div>\n<\/div>\n\n\n\n<div class=\"wp-block-columns is-not-stacked-on-mobile mb-0 is-layout-flex wp-container-core-columns-is-layout-9d6595d7 wp-block-columns-is-layout-flex\">\n<div class=\"wp-block-column is-layout-flow wp-block-column-is-layout-flow\" style=\"flex-basis:5%\"><div class=\"wp-block-image\">\n<figure class=\"aligncenter size-large\"><img decoding=\"async\" src=\"\/wp-content\/uploads\/2022\/05\/tick.png\" alt=\"\"\/><\/figure>\n<\/div><\/div>\n\n\n\n<div class=\"wp-block-column is-layout-flow wp-block-column-is-layout-flow\" style=\"flex-basis:92%\">\n<p>Analyse de la campagne et rapports<\/p>\n<\/div>\n<\/div>\n<\/div>\n\n\n\n<div class=\"wp-block-column is-vertically-aligned-center p-4 is-layout-flow wp-block-column-is-layout-flow\">\n<div class=\"wp-block-group home-contact-form contact-form\"><div class=\"wp-block-group__inner-container is-layout-flow wp-block-group-is-layout-flow\">\n<script charset=\"utf-8\" type=\"text\/javascript\" src=\"\/\/js.hsforms.net\/forms\/embed\/v2.js\"><\/script>\n<script>\n  hbspt.forms.create({\n    region: \"na1\",\n    portalId: \"5599531\",\n    formId: \"9e14e870-2f8d-473e-bd63-e025f2aae693\"\n  });\n<\/script>\n<\/div><\/div>\n<\/div>\n<\/div>\n<\/div><\/div>\n\n\n\n<\/div>\n\n\n\n<div style=\"height:100px\" aria-hidden=\"true\" class=\"wp-block-spacer\"><\/div>\n\n\n\n<div style=\"background:#fff\"><\/div>\n\n\n\n<div style=\"height:50px\" aria-hidden=\"true\" class=\"wp-block-spacer\"><\/div>\n","protected":false},"excerpt":{"rendered":"<p>Parlez \u00e0 un sp\u00e9cialiste Parlons de votre marque Vous voulez \u00e9chantillonner plus efficacement ? Organisez une r\u00e9union avec l&rsquo;un de nos experts aujourd&rsquo;hui et apprenez-en plus sur les sujets suivants : Conseils et organisation de campagnes Commandes transparentes et gaspillage limit\u00e9 Une r\u00e9alisation internationale en temps voulu Analyse de la campagne et rapports<\/p>\n","protected":false},"author":13,"featured_media":0,"parent":0,"menu_order":0,"comment_status":"closed","ping_status":"closed","template":"page-templates\/blank.php","meta":{"_acf_changed":false,"_eb_attr":"","inline_featured_image":false,"_uag_custom_page_level_css":"","footnotes":""},"class_list":["post-4978","page","type-page","status-publish","hentry"],"acf":[],"yoast_head":"<!-- This site is optimized with the Yoast SEO plugin v26.9 - https:\/\/yoast.com\/product\/yoast-seo-wordpress\/ -->\n<title>Prenez rendez-vous avec nous | SoPost<\/title>\n<meta name=\"description\" content=\"Vous voulez \u00e9chantillonner plus efficacement ? Vous voulez \u00e9chantillonner plus efficacement ? Organisez une r\u00e9union avec l&#039;un de nos experts aujourd&#039;hui et apprenez-en plus sur les sujets suivants : Conseils et organisation de campagnes, Commandes transparentes et gaspillage limit\u00e9, Une r\u00e9alisation internationale en temps voulu, Analyse de la campagne et rapports Parlons d&#039;\u00e9chantillonnage\" \/>\n<meta name=\"robots\" content=\"index, follow, max-snippet:-1, max-image-preview:large, max-video-preview:-1\" \/>\n<link rel=\"canonical\" href=\"https:\/\/sopost.com\/fr\/sopost-contactez-nous\/\" \/>\n<meta property=\"og:locale\" content=\"fr_FR\" \/>\n<meta property=\"og:type\" content=\"article\" \/>\n<meta property=\"og:title\" content=\"Prenez rendez-vous avec nous | SoPost\" \/>\n<meta property=\"og:description\" content=\"Vous voulez \u00e9chantillonner plus efficacement ? Vous voulez \u00e9chantillonner plus efficacement ? Organisez une r\u00e9union avec l&#039;un de nos experts aujourd&#039;hui et apprenez-en plus sur les sujets suivants : Conseils et organisation de campagnes, Commandes transparentes et gaspillage limit\u00e9, Une r\u00e9alisation internationale en temps voulu, Analyse de la campagne et rapports Parlons d&#039;\u00e9chantillonnage\" \/>\n<meta property=\"og:url\" content=\"https:\/\/sopost.com\/fr\/sopost-contactez-nous\/\" \/>\n<meta property=\"og:site_name\" content=\"SoPost\" \/>\n<meta property=\"article:modified_time\" content=\"2023-02-13T20:55:57+00:00\" \/>\n<meta name=\"twitter:card\" content=\"summary_large_image\" \/>\n<meta name=\"twitter:label1\" content=\"Est. reading time\" \/>\n\t<meta name=\"twitter:data1\" content=\"2 minutes\" \/>\n<script type=\"application\/ld+json\" class=\"yoast-schema-graph\">{\"@context\":\"https:\/\/schema.org\",\"@graph\":[{\"@type\":\"WebPage\",\"@id\":\"https:\/\/sopost.com\/fr\/sopost-contactez-nous\/\",\"url\":\"https:\/\/sopost.com\/fr\/sopost-contactez-nous\/\",\"name\":\"Prenez rendez-vous avec nous | SoPost\",\"isPartOf\":{\"@id\":\"https:\/\/sopost.com\/#website\"},\"datePublished\":\"2022-11-17T10:54:59+00:00\",\"dateModified\":\"2023-02-13T20:55:57+00:00\",\"description\":\"Vous voulez \u00e9chantillonner plus efficacement ? Vous voulez \u00e9chantillonner plus efficacement ? Organisez une r\u00e9union avec l'un de nos experts aujourd'hui et apprenez-en plus sur les sujets suivants : Conseils et organisation de campagnes, Commandes transparentes et gaspillage limit\u00e9, Une r\u00e9alisation internationale en temps voulu, Analyse de la campagne et rapports Parlons d'\u00e9chantillonnage\",\"breadcrumb\":{\"@id\":\"https:\/\/sopost.com\/fr\/sopost-contactez-nous\/#breadcrumb\"},\"inLanguage\":\"fr-FR\",\"potentialAction\":[{\"@type\":\"ReadAction\",\"target\":[\"https:\/\/sopost.com\/fr\/sopost-contactez-nous\/\"]}]},{\"@type\":\"BreadcrumbList\",\"@id\":\"https:\/\/sopost.com\/fr\/sopost-contactez-nous\/#breadcrumb\",\"itemListElement\":[{\"@type\":\"ListItem\",\"position\":1,\"name\":\"Home\",\"item\":\"https:\/\/sopost.com\/fr\/\"},{\"@type\":\"ListItem\",\"position\":2,\"name\":\"SoPost | Parlons de votre marque\"}]},{\"@type\":\"WebSite\",\"@id\":\"https:\/\/sopost.com\/#website\",\"url\":\"https:\/\/sopost.com\/\",\"name\":\"SoPost\",\"description\":\"\",\"potentialAction\":[{\"@type\":\"SearchAction\",\"target\":{\"@type\":\"EntryPoint\",\"urlTemplate\":\"https:\/\/sopost.com\/?s={search_term_string}\"},\"query-input\":{\"@type\":\"PropertyValueSpecification\",\"valueRequired\":true,\"valueName\":\"search_term_string\"}}],\"inLanguage\":\"fr-FR\"}]}<\/script>\n<!-- \/ Yoast SEO plugin. -->","yoast_head_json":{"title":"Prenez rendez-vous avec nous | SoPost","description":"Vous voulez \u00e9chantillonner plus efficacement ? Vous voulez \u00e9chantillonner plus efficacement ? Organisez une r\u00e9union avec l'un de nos experts aujourd'hui et apprenez-en plus sur les sujets suivants : Conseils et organisation de campagnes, Commandes transparentes et gaspillage limit\u00e9, Une r\u00e9alisation internationale en temps voulu, Analyse de la campagne et rapports Parlons d'\u00e9chantillonnage","robots":{"index":"index","follow":"follow","max-snippet":"max-snippet:-1","max-image-preview":"max-image-preview:large","max-video-preview":"max-video-preview:-1"},"canonical":"https:\/\/sopost.com\/fr\/sopost-contactez-nous\/","og_locale":"fr_FR","og_type":"article","og_title":"Prenez rendez-vous avec nous | SoPost","og_description":"Vous voulez \u00e9chantillonner plus efficacement ? Vous voulez \u00e9chantillonner plus efficacement ? Organisez une r\u00e9union avec l'un de nos experts aujourd'hui et apprenez-en plus sur les sujets suivants : Conseils et organisation de campagnes, Commandes transparentes et gaspillage limit\u00e9, Une r\u00e9alisation internationale en temps voulu, Analyse de la campagne et rapports Parlons d'\u00e9chantillonnage","og_url":"https:\/\/sopost.com\/fr\/sopost-contactez-nous\/","og_site_name":"SoPost","article_modified_time":"2023-02-13T20:55:57+00:00","twitter_card":"summary_large_image","twitter_misc":{"Est. reading time":"2 minutes"},"schema":{"@context":"https:\/\/schema.org","@graph":[{"@type":"WebPage","@id":"https:\/\/sopost.com\/fr\/sopost-contactez-nous\/","url":"https:\/\/sopost.com\/fr\/sopost-contactez-nous\/","name":"Prenez rendez-vous avec nous | SoPost","isPartOf":{"@id":"https:\/\/sopost.com\/#website"},"datePublished":"2022-11-17T10:54:59+00:00","dateModified":"2023-02-13T20:55:57+00:00","description":"Vous voulez \u00e9chantillonner plus efficacement ? Vous voulez \u00e9chantillonner plus efficacement ? Organisez une r\u00e9union avec l'un de nos experts aujourd'hui et apprenez-en plus sur les sujets suivants : Conseils et organisation de campagnes, Commandes transparentes et gaspillage limit\u00e9, Une r\u00e9alisation internationale en temps voulu, Analyse de la campagne et rapports Parlons d'\u00e9chantillonnage","breadcrumb":{"@id":"https:\/\/sopost.com\/fr\/sopost-contactez-nous\/#breadcrumb"},"inLanguage":"fr-FR","potentialAction":[{"@type":"ReadAction","target":["https:\/\/sopost.com\/fr\/sopost-contactez-nous\/"]}]},{"@type":"BreadcrumbList","@id":"https:\/\/sopost.com\/fr\/sopost-contactez-nous\/#breadcrumb","itemListElement":[{"@type":"ListItem","position":1,"name":"Home","item":"https:\/\/sopost.com\/fr\/"},{"@type":"ListItem","position":2,"name":"SoPost | Parlons de votre marque"}]},{"@type":"WebSite","@id":"https:\/\/sopost.com\/#website","url":"https:\/\/sopost.com\/","name":"SoPost","description":"","potentialAction":[{"@type":"SearchAction","target":{"@type":"EntryPoint","urlTemplate":"https:\/\/sopost.com\/?s={search_term_string}"},"query-input":{"@type":"PropertyValueSpecification","valueRequired":true,"valueName":"search_term_string"}}],"inLanguage":"fr-FR"}]}},"uagb_featured_image_src":{"full":false,"thumbnail":false,"medium":false,"medium_large":false,"large":false,"1536x1536":false,"2048x2048":false},"uagb_author_info":{"display_name":"Scott Hewitson","author_link":"https:\/\/sopost.com\/fr\/blog\/author\/shewitson\/"},"uagb_comment_info":0,"uagb_excerpt":"Parlez \u00e0 un sp\u00e9cialiste Parlons de votre marque Vous voulez \u00e9chantillonner plus efficacement ? Organisez une r\u00e9union avec l&rsquo;un de nos experts aujourd&rsquo;hui et apprenez-en plus sur les sujets suivants : Conseils et organisation de campagnes Commandes transparentes et gaspillage limit\u00e9 Une r\u00e9alisation internationale en temps voulu Analyse de la campagne et rapports","_links":{"self":[{"href":"https:\/\/sopost.com\/fr\/wp-json\/wp\/v2\/pages\/4978","targetHints":{"allow":["GET"]}}],"collection":[{"href":"https:\/\/sopost.com\/fr\/wp-json\/wp\/v2\/pages"}],"about":[{"href":"https:\/\/sopost.com\/fr\/wp-json\/wp\/v2\/types\/page"}],"author":[{"embeddable":true,"href":"https:\/\/sopost.com\/fr\/wp-json\/wp\/v2\/users\/13"}],"replies":[{"embeddable":true,"href":"https:\/\/sopost.com\/fr\/wp-json\/wp\/v2\/comments?post=4978"}],"version-history":[{"count":6,"href":"https:\/\/sopost.com\/fr\/wp-json\/wp\/v2\/pages\/4978\/revisions"}],"predecessor-version":[{"id":5330,"href":"https:\/\/sopost.com\/fr\/wp-json\/wp\/v2\/pages\/4978\/revisions\/5330"}],"wp:attachment":[{"href":"https:\/\/sopost.com\/fr\/wp-json\/wp\/v2\/media?parent=4978"}],"curies":[{"name":"wp","href":"https:\/\/api.w.org\/{rel}","templated":true}]}}