{"id":4991,"date":"2022-11-18T08:50:23","date_gmt":"2022-11-18T08:50:23","guid":{"rendered":"https:\/\/www.sopost.com\/?page_id=4991"},"modified":"2023-09-28T11:12:03","modified_gmt":"2023-09-28T11:12:03","slug":"team","status":"publish","type":"page","link":"https:\/\/sopost.com\/fr\/team\/","title":{"rendered":"L&rsquo;\u00e9quipe"},"content":{"rendered":"\n<div style=\"background:#e8edf0\">\n<div class=\"bcontainer py-5\">\n<div class=\"brow d-flex justify-content-start align-items-center py-5\">\n\n\n\n<div class=\"wp-block-group col-lg-6 col-12 order-2 order-lg-1\"><div class=\"wp-block-group__inner-container is-layout-flow wp-block-group-is-layout-flow\">\n<p class=\"page-top-subtext title\">L&rsquo;\u00e9quipe<\/p>\n\n\n\n<h2 class=\"wp-block-heading title\">Rencontrez notre \u00e9quipe de direction<\/h2>\n<\/div><\/div>\n\n\n\n<div class=\"wp-block-group col-lg-6 col-12 order-1\"><div class=\"wp-block-group__inner-container is-layout-flow wp-block-group-is-layout-flow\"><div class=\"wp-block-image\">\n<figure class=\"aligncenter size-full\"><img loading=\"lazy\" decoding=\"async\" width=\"528\" height=\"391\" src=\"https:\/\/www.sopost.com\/wp-content\/uploads\/2022\/10\/Frame-2.png\" alt=\"\" class=\"wp-image-4745\" srcset=\"https:\/\/sopost.com\/wp-content\/uploads\/2022\/10\/Frame-2.png 528w, https:\/\/sopost.com\/wp-content\/uploads\/2022\/10\/Frame-2-300x222.png 300w\" sizes=\"auto, (max-width: 528px) 100vw, 528px\" \/><\/figure>\n<\/div><\/div><\/div>\n\n\n\n<\/div>\n<\/div>\n<\/div>\n\n\n\n<div class=\"bcontainer py-5\">\n<div class=\"brow py-5 px-lg-5 px-0\">\n\n\n<div class=\"col-lg-4 col-md-6 col-12 mt-5\">\r\n  <div class=\"team-wrapper\">\r\n    <div class=\"headshot-wrapper\" style=\"background-image:url('https:\/\/sopost.com\/wp-content\/uploads\/2023\/08\/jonny-team.jpg');background-size:cover;background-position:center\">\r\n      <a href=\"https:\/\/www.linkedin.com\/in\/jgrubin\/\">\r\n        <img decoding=\"async\" class=\"team-linkedin\" src=\"\/wp-content\/uploads\/2022\/10\/linkedin.png\" alt=\"Linkedin link for Jonny Grubin\">\r\n      <\/a>\r\n    <\/div>\r\n    <h3 class=\"mt-4 title\">\r\n      Jonny Grubin\r\n    <\/h3>\r\n    <p>\r\n      Founder &amp; CEO\r\n    <\/p>\r\n  <\/div>\r\n<\/div>\n\n<div class=\"col-lg-4 col-md-6 col-12 mt-5\">\r\n  <div class=\"team-wrapper\">\r\n    <div class=\"headshot-wrapper\" style=\"background-image:url('https:\/\/sopost.com\/wp-content\/uploads\/2023\/08\/image-22-1.jpg');background-size:cover;background-position:center\">\r\n      <a href=\"https:\/\/www.linkedin.com\/in\/russell-brown-37509321\/\">\r\n        <img decoding=\"async\" class=\"team-linkedin\" src=\"\/wp-content\/uploads\/2022\/10\/linkedin.png\" alt=\"Linkedin link for Russell Brown\">\r\n      <\/a>\r\n    <\/div>\r\n    <h3 class=\"mt-4 title\">\r\n      Russell Brown\r\n    <\/h3>\r\n    <p>\r\n      Chief Financial Officer\r\n    <\/p>\r\n  <\/div>\r\n<\/div>\n\n<div class=\"col-lg-4 col-md-6 col-12 mt-5\">\r\n  <div class=\"team-wrapper\">\r\n    <div class=\"headshot-wrapper\" style=\"background-image:url('https:\/\/sopost.com\/wp-content\/uploads\/2023\/08\/dj-team.jpg');background-size:cover;background-position:center\">\r\n      <a href=\"https:\/\/www.linkedin.com\/in\/david-j-b0142617a\/\">\r\n        <img decoding=\"async\" class=\"team-linkedin\" src=\"\/wp-content\/uploads\/2022\/10\/linkedin.png\" alt=\"Linkedin link for David Jeffrey\">\r\n      <\/a>\r\n    <\/div>\r\n    <h3 class=\"mt-4 title\">\r\n      David Jeffrey\r\n    <\/h3>\r\n    <p>\r\n      Chief Technology Officer\r\n    <\/p>\r\n  <\/div>\r\n<\/div>\n\n<div class=\"col-lg-4 col-md-6 col-12 mt-5\">\r\n  <div class=\"team-wrapper\">\r\n    <div class=\"headshot-wrapper\" style=\"background-image:url('https:\/\/sopost.com\/wp-content\/uploads\/2023\/08\/image-26-1.jpg');background-size:cover;background-position:center\">\r\n      <a href=\"https:\/\/www.linkedin.com\/in\/toby-evans-171a3a59\/\">\r\n        <img decoding=\"async\" class=\"team-linkedin\" src=\"\/wp-content\/uploads\/2022\/10\/linkedin.png\" alt=\"Linkedin link for Toby Evans\">\r\n      <\/a>\r\n    <\/div>\r\n    <h3 class=\"mt-4 title\">\r\n      Toby Evans\r\n    <\/h3>\r\n    <p>\r\n      Chief Audience and Innovation Officer\r\n    <\/p>\r\n  <\/div>\r\n<\/div>\n\n<div class=\"col-lg-4 col-md-6 col-12 mt-5\">\r\n  <div class=\"team-wrapper\">\r\n    <div class=\"headshot-wrapper\" style=\"background-image:url('https:\/\/sopost.com\/wp-content\/uploads\/2023\/08\/dionne-team-1.jpg');background-size:cover;background-position:center\">\r\n      <a href=\"https:\/\/www.linkedin.com\/in\/dionne-cowey-95bb6998\/\">\r\n        <img decoding=\"async\" class=\"team-linkedin\" src=\"\/wp-content\/uploads\/2022\/10\/linkedin.png\" alt=\"Linkedin link for Dionne Cowey\">\r\n      <\/a>\r\n    <\/div>\r\n    <h3 class=\"mt-4 title\">\r\n      Dionne Cowey\r\n    <\/h3>\r\n    <p>\r\n      Director of People\r\n    <\/p>\r\n  <\/div>\r\n<\/div>\n\n<div class=\"col-lg-4 col-md-6 col-12 mt-5\">\r\n  <div class=\"team-wrapper\">\r\n    <div class=\"headshot-wrapper\" style=\"background-image:url('https:\/\/sopost.com\/wp-content\/uploads\/2023\/08\/image-24-1.jpg');background-size:cover;background-position:center\">\r\n      <a href=\"https:\/\/www.linkedin.com\/in\/dingledow\/\">\r\n        <img decoding=\"async\" class=\"team-linkedin\" src=\"\/wp-content\/uploads\/2022\/10\/linkedin.png\" alt=\"Linkedin link for Dave Ingledow\">\r\n      <\/a>\r\n    <\/div>\r\n    <h3 class=\"mt-4 title\">\r\n      Dave Ingledow\r\n    <\/h3>\r\n    <p>\r\n      Director of Product Innovation &amp; Strategy\r\n    <\/p>\r\n  <\/div>\r\n<\/div>\n\n<div class=\"col-lg-4 col-md-6 col-12 mt-5\">\r\n  <div class=\"team-wrapper\">\r\n    <div class=\"headshot-wrapper\" style=\"background-image:url('https:\/\/sopost.com\/wp-content\/uploads\/2023\/08\/dan-team.jpg');background-size:cover;background-position:center\">\r\n      <a href=\"https:\/\/www.linkedin.com\/in\/danieltidmas\/\">\r\n        <img decoding=\"async\" class=\"team-linkedin\" src=\"\/wp-content\/uploads\/2022\/10\/linkedin.png\" alt=\"Linkedin link for Dan Tidmas\">\r\n      <\/a>\r\n    <\/div>\r\n    <h3 class=\"mt-4 title\">\r\n      Dan Tidmas\r\n    <\/h3>\r\n    <p>\r\n      Head of Product &amp; Operations\r\n    <\/p>\r\n  <\/div>\r\n<\/div>\n\n<div class=\"col-lg-4 col-md-6 col-12 mt-5\">\r\n  <div class=\"team-wrapper\">\r\n    <div class=\"headshot-wrapper\" style=\"background-image:url('https:\/\/sopost.com\/wp-content\/uploads\/2023\/08\/alicia-team.jpg');background-size:cover;background-position:center\">\r\n      <a href=\"https:\/\/www.linkedin.com\/in\/aliciarussell\/\">\r\n        <img decoding=\"async\" class=\"team-linkedin\" src=\"\/wp-content\/uploads\/2022\/10\/linkedin.png\" alt=\"Linkedin link for Alicia Russell\">\r\n      <\/a>\r\n    <\/div>\r\n    <h3 class=\"mt-4 title\">\r\n      Alicia Russell\r\n    <\/h3>\r\n    <p>\r\n      Head of Marketing\r\n    <\/p>\r\n  <\/div>\r\n<\/div>\n\n<div class=\"col-lg-4 col-md-6 col-12 mt-5\">\r\n  <div class=\"team-wrapper\">\r\n    <div class=\"headshot-wrapper\" style=\"background-image:url('https:\/\/sopost.com\/wp-content\/uploads\/2023\/08\/ade-team.jpg');background-size:cover;background-position:center\">\r\n      <a href=\"https:\/\/www.linkedin.com\/in\/ade-lee-adebiyi-a526a743\/\">\r\n        <img decoding=\"async\" class=\"team-linkedin\" src=\"\/wp-content\/uploads\/2022\/10\/linkedin.png\" alt=\"Linkedin link for Ade-Lee Adebiyi\">\r\n      <\/a>\r\n    <\/div>\r\n    <h3 class=\"mt-4 title\">\r\n      Ade-Lee Adebiyi\r\n    <\/h3>\r\n    <p>\r\n      Head of Design\r\n    <\/p>\r\n  <\/div>\r\n<\/div>\n\n<div class=\"col-lg-4 col-md-6 col-12 mt-5\">\r\n  <div class=\"team-wrapper\">\r\n    <div class=\"headshot-wrapper\" style=\"background-image:url('https:\/\/sopost.com\/wp-content\/uploads\/2023\/08\/image-28-1.jpg');background-size:cover;background-position:center\">\r\n      <a href=\"https:\/\/www.linkedin.com\/in\/lisa-folkson-9110a150\/\">\r\n        <img decoding=\"async\" class=\"team-linkedin\" src=\"\/wp-content\/uploads\/2022\/10\/linkedin.png\" alt=\"Linkedin link for Lisa Folkson\">\r\n      <\/a>\r\n    <\/div>\r\n    <h3 class=\"mt-4 title\">\r\n      Lisa Folkson\r\n    <\/h3>\r\n    <p>\r\n      Head of International Expansion\r\n    <\/p>\r\n  <\/div>\r\n<\/div>\n\n<div class=\"col-lg-4 col-md-6 col-12 mt-5\">\r\n  <div class=\"team-wrapper\">\r\n    <div class=\"headshot-wrapper\" style=\"background-image:url('https:\/\/sopost.com\/wp-content\/uploads\/2023\/08\/bianca-team.jpg');background-size:cover;background-position:center\">\r\n      <a href=\"https:\/\/www.linkedin.com\/in\/bianca-chambers-23233475\/\">\r\n        <img decoding=\"async\" class=\"team-linkedin\" src=\"\/wp-content\/uploads\/2022\/10\/linkedin.png\" alt=\"Linkedin link for Bianca Chambers\">\r\n      <\/a>\r\n    <\/div>\r\n    <h3 class=\"mt-4 title\">\r\n      Bianca Chambers\r\n    <\/h3>\r\n    <p>\r\n      Head of Brand Partnerships, EMEA\r\n    <\/p>\r\n  <\/div>\r\n<\/div>\n\n<div class=\"col-lg-4 col-md-6 col-12 mt-5\">\r\n  <div class=\"team-wrapper\">\r\n    <div class=\"headshot-wrapper\" style=\"background-image:url('https:\/\/sopost.com\/wp-content\/uploads\/2023\/08\/helene-team.jpg');background-size:cover;background-position:center\">\r\n      <a href=\"https:\/\/www.linkedin.com\/in\/helenetournesac\/\">\r\n        <img decoding=\"async\" class=\"team-linkedin\" src=\"\/wp-content\/uploads\/2022\/10\/linkedin.png\" alt=\"Linkedin link for  H\u00e9l\u00e8ne Tournesac\">\r\n      <\/a>\r\n    <\/div>\r\n    <h3 class=\"mt-4 title\">\r\n       H\u00e9l\u00e8ne Tournesac\r\n    <\/h3>\r\n    <p>\r\n      Head of Brand Partnerships, France\r\n    <\/p>\r\n  <\/div>\r\n<\/div>\n\n<div class=\"col-lg-4 col-md-6 col-12 mt-5\">\r\n  <div class=\"team-wrapper\">\r\n    <div class=\"headshot-wrapper\" style=\"background-image:url('https:\/\/sopost.com\/wp-content\/uploads\/2023\/08\/magali-team.jpg');background-size:cover;background-position:center\">\r\n      <a href=\"https:\/\/www.linkedin.com\/in\/magali-kirsch\/\">\r\n        <img decoding=\"async\" class=\"team-linkedin\" src=\"\/wp-content\/uploads\/2022\/10\/linkedin.png\" alt=\"Linkedin link for Magali Kirsch\">\r\n      <\/a>\r\n    <\/div>\r\n    <h3 class=\"mt-4 title\">\r\n      Magali Kirsch\r\n    <\/h3>\r\n    <p>\r\n      Head of Brand Partnerships, DACH\r\n    <\/p>\r\n  <\/div>\r\n<\/div>\n\n<div class=\"col-lg-4 col-md-6 col-12 mt-5\">\r\n  <div class=\"team-wrapper\">\r\n    <div class=\"headshot-wrapper\" style=\"background-image:url('https:\/\/sopost.com\/wp-content\/uploads\/2023\/08\/image-27-1.jpg');background-size:cover;background-position:center\">\r\n      <a href=\"https:\/\/www.linkedin.com\/in\/georgiaball\/\">\r\n        <img decoding=\"async\" class=\"team-linkedin\" src=\"\/wp-content\/uploads\/2022\/10\/linkedin.png\" alt=\"Linkedin link for Georgia Ball\">\r\n      <\/a>\r\n    <\/div>\r\n    <h3 class=\"mt-4 title\">\r\n      Georgia Ball\r\n    <\/h3>\r\n    <p>\r\n      Head of Brand Partnerships, Australia\r\n    <\/p>\r\n  <\/div>\r\n<\/div>\n\n<div class=\"col-lg-4 col-md-6 col-12 mt-5\">\r\n  <div class=\"team-wrapper\">\r\n    <div class=\"headshot-wrapper\" style=\"background-image:url('https:\/\/sopost.com\/wp-content\/uploads\/2023\/08\/kendall-team.jpg');background-size:cover;background-position:center\">\r\n      <a href=\"https:\/\/www.linkedin.com\/in\/kendall-blakeman-9a2635b4\/\">\r\n        <img decoding=\"async\" class=\"team-linkedin\" src=\"\/wp-content\/uploads\/2022\/10\/linkedin.png\" alt=\"Linkedin link for Kendall Blakeman\">\r\n      <\/a>\r\n    <\/div>\r\n    <h3 class=\"mt-4 title\">\r\n      Kendall Blakeman\r\n    <\/h3>\r\n    <p>\r\n      Head of Brand Partnerships, North America\r\n    <\/p>\r\n  <\/div>\r\n<\/div>\n\n\n<div class=\"col-12 mt-5 d-flex justify-content-start align-items-center\">\n  <div class=\"mx-auto\">\n    <h3 class=\"text-center\">\n Vous voulez rejoindre l&rsquo;\u00e9quipe ?\n    <\/h3>\n    <a href=\"https:\/\/www.welcometothejungle.com\/fr\/companies\/sopost\" class=\"sec-cta mx-auto mt-3\">\n Recrutement\n    <\/a>\n  <\/div>\n<\/div>\n\n\n\n<\/div>\n<\/div>\n","protected":false},"excerpt":{"rendered":"<p>L&rsquo;\u00e9quipe Rencontrez notre \u00e9quipe de direction Vous voulez rejoindre l&rsquo;\u00e9quipe ? Recrutement<\/p>\n","protected":false},"author":13,"featured_media":10152,"parent":0,"menu_order":0,"comment_status":"closed","ping_status":"closed","template":"page-templates\/blank.php","meta":{"_acf_changed":false,"_eb_attr":"","inline_featured_image":false,"_uag_custom_page_level_css":"","footnotes":""},"class_list":["post-4991","page","type-page","status-publish","has-post-thumbnail","hentry"],"acf":[],"yoast_head":"<!-- This site is optimized with the Yoast SEO plugin v26.9 - https:\/\/yoast.com\/product\/yoast-seo-wordpress\/ -->\n<title>Rencontrez notre \u00e9quipe de direction | SoPost<\/title>\n<meta name=\"description\" content=\"Nous simplifions la t\u00e2che des marques qui souhaitent mener des campagnes d&#039;\u00e9chantillonnage de produits en ligne hautement efficaces, en fournissant des informations, donn\u00e9es et analyses d&#039;une pertinence exceptionnelle pour le consommateur.\" \/>\n<meta name=\"robots\" content=\"index, follow, max-snippet:-1, max-image-preview:large, max-video-preview:-1\" \/>\n<link rel=\"canonical\" href=\"https:\/\/sopost.com\/fr\/team\/\" \/>\n<meta property=\"og:locale\" content=\"fr_FR\" \/>\n<meta property=\"og:type\" content=\"article\" \/>\n<meta property=\"og:title\" content=\"Rencontrez notre \u00e9quipe de direction | SoPost\" \/>\n<meta property=\"og:description\" content=\"Nous simplifions la t\u00e2che des marques qui souhaitent mener des campagnes d&#039;\u00e9chantillonnage de produits en ligne hautement efficaces, en fournissant des informations, donn\u00e9es et analyses d&#039;une pertinence exceptionnelle pour le consommateur.\" \/>\n<meta property=\"og:url\" content=\"https:\/\/sopost.com\/fr\/team\/\" \/>\n<meta property=\"og:site_name\" content=\"SoPost\" \/>\n<meta property=\"article:modified_time\" content=\"2023-09-28T11:12:03+00:00\" \/>\n<meta property=\"og:image\" content=\"https:\/\/sopost.com\/wp-content\/uploads\/2023\/08\/og-team.jpg\" \/>\n\t<meta property=\"og:image:width\" content=\"1200\" \/>\n\t<meta property=\"og:image:height\" content=\"627\" \/>\n\t<meta property=\"og:image:type\" content=\"image\/jpeg\" \/>\n<meta name=\"twitter:card\" content=\"summary_large_image\" \/>\n<meta name=\"twitter:label1\" content=\"Est. reading time\" \/>\n\t<meta name=\"twitter:data1\" content=\"1 minute\" \/>\n<script type=\"application\/ld+json\" class=\"yoast-schema-graph\">{\"@context\":\"https:\/\/schema.org\",\"@graph\":[{\"@type\":\"WebPage\",\"@id\":\"https:\/\/sopost.com\/fr\/team\/\",\"url\":\"https:\/\/sopost.com\/fr\/team\/\",\"name\":\"Rencontrez notre \u00e9quipe de direction | SoPost\",\"isPartOf\":{\"@id\":\"https:\/\/sopost.com\/#website\"},\"primaryImageOfPage\":{\"@id\":\"https:\/\/sopost.com\/fr\/team\/#primaryimage\"},\"image\":{\"@id\":\"https:\/\/sopost.com\/fr\/team\/#primaryimage\"},\"thumbnailUrl\":\"https:\/\/sopost.com\/wp-content\/uploads\/2023\/08\/og-team.jpg\",\"datePublished\":\"2022-11-18T08:50:23+00:00\",\"dateModified\":\"2023-09-28T11:12:03+00:00\",\"description\":\"Nous simplifions la t\u00e2che des marques qui souhaitent mener des campagnes d'\u00e9chantillonnage de produits en ligne hautement efficaces, en fournissant des informations, donn\u00e9es et analyses d'une pertinence exceptionnelle pour le consommateur.\",\"breadcrumb\":{\"@id\":\"https:\/\/sopost.com\/fr\/team\/#breadcrumb\"},\"inLanguage\":\"fr-FR\",\"potentialAction\":[{\"@type\":\"ReadAction\",\"target\":[\"https:\/\/sopost.com\/fr\/team\/\"]}]},{\"@type\":\"ImageObject\",\"inLanguage\":\"fr-FR\",\"@id\":\"https:\/\/sopost.com\/fr\/team\/#primaryimage\",\"url\":\"https:\/\/sopost.com\/wp-content\/uploads\/2023\/08\/og-team.jpg\",\"contentUrl\":\"https:\/\/sopost.com\/wp-content\/uploads\/2023\/08\/og-team.jpg\",\"width\":1200,\"height\":627},{\"@type\":\"BreadcrumbList\",\"@id\":\"https:\/\/sopost.com\/fr\/team\/#breadcrumb\",\"itemListElement\":[{\"@type\":\"ListItem\",\"position\":1,\"name\":\"Home\",\"item\":\"https:\/\/sopost.com\/fr\/\"},{\"@type\":\"ListItem\",\"position\":2,\"name\":\"L&rsquo;\u00e9quipe\"}]},{\"@type\":\"WebSite\",\"@id\":\"https:\/\/sopost.com\/#website\",\"url\":\"https:\/\/sopost.com\/\",\"name\":\"SoPost\",\"description\":\"\",\"potentialAction\":[{\"@type\":\"SearchAction\",\"target\":{\"@type\":\"EntryPoint\",\"urlTemplate\":\"https:\/\/sopost.com\/?s={search_term_string}\"},\"query-input\":{\"@type\":\"PropertyValueSpecification\",\"valueRequired\":true,\"valueName\":\"search_term_string\"}}],\"inLanguage\":\"fr-FR\"}]}<\/script>\n<!-- \/ Yoast SEO plugin. -->","yoast_head_json":{"title":"Rencontrez notre \u00e9quipe de direction | SoPost","description":"Nous simplifions la t\u00e2che des marques qui souhaitent mener des campagnes d'\u00e9chantillonnage de produits en ligne hautement efficaces, en fournissant des informations, donn\u00e9es et analyses d'une pertinence exceptionnelle pour le consommateur.","robots":{"index":"index","follow":"follow","max-snippet":"max-snippet:-1","max-image-preview":"max-image-preview:large","max-video-preview":"max-video-preview:-1"},"canonical":"https:\/\/sopost.com\/fr\/team\/","og_locale":"fr_FR","og_type":"article","og_title":"Rencontrez notre \u00e9quipe de direction | SoPost","og_description":"Nous simplifions la t\u00e2che des marques qui souhaitent mener des campagnes d'\u00e9chantillonnage de produits en ligne hautement efficaces, en fournissant des informations, donn\u00e9es et analyses d'une pertinence exceptionnelle pour le consommateur.","og_url":"https:\/\/sopost.com\/fr\/team\/","og_site_name":"SoPost","article_modified_time":"2023-09-28T11:12:03+00:00","og_image":[{"width":1200,"height":627,"url":"https:\/\/sopost.com\/wp-content\/uploads\/2023\/08\/og-team.jpg","type":"image\/jpeg"}],"twitter_card":"summary_large_image","twitter_misc":{"Est. reading time":"1 minute"},"schema":{"@context":"https:\/\/schema.org","@graph":[{"@type":"WebPage","@id":"https:\/\/sopost.com\/fr\/team\/","url":"https:\/\/sopost.com\/fr\/team\/","name":"Rencontrez notre \u00e9quipe de direction | SoPost","isPartOf":{"@id":"https:\/\/sopost.com\/#website"},"primaryImageOfPage":{"@id":"https:\/\/sopost.com\/fr\/team\/#primaryimage"},"image":{"@id":"https:\/\/sopost.com\/fr\/team\/#primaryimage"},"thumbnailUrl":"https:\/\/sopost.com\/wp-content\/uploads\/2023\/08\/og-team.jpg","datePublished":"2022-11-18T08:50:23+00:00","dateModified":"2023-09-28T11:12:03+00:00","description":"Nous simplifions la t\u00e2che des marques qui souhaitent mener des campagnes d'\u00e9chantillonnage de produits en ligne hautement efficaces, en fournissant des informations, donn\u00e9es et analyses d'une pertinence exceptionnelle pour le consommateur.","breadcrumb":{"@id":"https:\/\/sopost.com\/fr\/team\/#breadcrumb"},"inLanguage":"fr-FR","potentialAction":[{"@type":"ReadAction","target":["https:\/\/sopost.com\/fr\/team\/"]}]},{"@type":"ImageObject","inLanguage":"fr-FR","@id":"https:\/\/sopost.com\/fr\/team\/#primaryimage","url":"https:\/\/sopost.com\/wp-content\/uploads\/2023\/08\/og-team.jpg","contentUrl":"https:\/\/sopost.com\/wp-content\/uploads\/2023\/08\/og-team.jpg","width":1200,"height":627},{"@type":"BreadcrumbList","@id":"https:\/\/sopost.com\/fr\/team\/#breadcrumb","itemListElement":[{"@type":"ListItem","position":1,"name":"Home","item":"https:\/\/sopost.com\/fr\/"},{"@type":"ListItem","position":2,"name":"L&rsquo;\u00e9quipe"}]},{"@type":"WebSite","@id":"https:\/\/sopost.com\/#website","url":"https:\/\/sopost.com\/","name":"SoPost","description":"","potentialAction":[{"@type":"SearchAction","target":{"@type":"EntryPoint","urlTemplate":"https:\/\/sopost.com\/?s={search_term_string}"},"query-input":{"@type":"PropertyValueSpecification","valueRequired":true,"valueName":"search_term_string"}}],"inLanguage":"fr-FR"}]}},"uagb_featured_image_src":{"full":["https:\/\/sopost.com\/wp-content\/uploads\/2023\/08\/og-team.jpg",1200,627,false],"thumbnail":["https:\/\/sopost.com\/wp-content\/uploads\/2023\/08\/og-team-150x150.jpg",150,150,true],"medium":["https:\/\/sopost.com\/wp-content\/uploads\/2023\/08\/og-team-300x157.jpg",300,157,true],"medium_large":["https:\/\/sopost.com\/wp-content\/uploads\/2023\/08\/og-team-768x401.jpg",640,334,true],"large":["https:\/\/sopost.com\/wp-content\/uploads\/2023\/08\/og-team-1024x535.jpg",640,334,true],"1536x1536":["https:\/\/sopost.com\/wp-content\/uploads\/2023\/08\/og-team.jpg",1200,627,false],"2048x2048":["https:\/\/sopost.com\/wp-content\/uploads\/2023\/08\/og-team.jpg",1200,627,false]},"uagb_author_info":{"display_name":"Scott Hewitson","author_link":"https:\/\/sopost.com\/fr\/blog\/author\/shewitson\/"},"uagb_comment_info":0,"uagb_excerpt":"L&rsquo;\u00e9quipe Rencontrez notre \u00e9quipe de direction Vous voulez rejoindre l&rsquo;\u00e9quipe ? Recrutement","_links":{"self":[{"href":"https:\/\/sopost.com\/fr\/wp-json\/wp\/v2\/pages\/4991","targetHints":{"allow":["GET"]}}],"collection":[{"href":"https:\/\/sopost.com\/fr\/wp-json\/wp\/v2\/pages"}],"about":[{"href":"https:\/\/sopost.com\/fr\/wp-json\/wp\/v2\/types\/page"}],"author":[{"embeddable":true,"href":"https:\/\/sopost.com\/fr\/wp-json\/wp\/v2\/users\/13"}],"replies":[{"embeddable":true,"href":"https:\/\/sopost.com\/fr\/wp-json\/wp\/v2\/comments?post=4991"}],"version-history":[{"count":9,"href":"https:\/\/sopost.com\/fr\/wp-json\/wp\/v2\/pages\/4991\/revisions"}],"predecessor-version":[{"id":10404,"href":"https:\/\/sopost.com\/fr\/wp-json\/wp\/v2\/pages\/4991\/revisions\/10404"}],"wp:featuredmedia":[{"embeddable":true,"href":"https:\/\/sopost.com\/fr\/wp-json\/wp\/v2\/media\/10152"}],"wp:attachment":[{"href":"https:\/\/sopost.com\/fr\/wp-json\/wp\/v2\/media?parent=4991"}],"curies":[{"name":"wp","href":"https:\/\/api.w.org\/{rel}","templated":true}]}}