{"id":5656,"date":"2022-08-11T11:13:19","date_gmt":"2022-08-11T11:13:19","guid":{"rendered":"https:\/\/www.sopost.com\/?page_id=5656"},"modified":"2023-03-15T15:29:12","modified_gmt":"2023-03-15T15:29:12","slug":"merci-davoir-pris-contact","status":"publish","type":"page","link":"https:\/\/sopost.com\/fr\/merci-davoir-pris-contact\/","title":{"rendered":"Merci d&rsquo;avoir pris contact avec nous"},"content":{"rendered":"\n<div style=\"background:#e8edf0\">\n\n\n\n<div class=\"bcontainer\">\n\n\n\n<div style=\"height:100px\" aria-hidden=\"true\" class=\"wp-block-spacer\"><\/div>\n\n\n\n<div class=\"brow\">\n\n\n\n<div class=\"wp-block-group col-lg-9 col-12\"><div class=\"wp-block-group__inner-container is-layout-flow wp-block-group-is-layout-flow\">\n<h4 class=\"wp-block-heading\">Votre demande a bien \u00e9t\u00e9 re\u00e7ue<\/h4>\n\n\n\n<h2 class=\"title wp-block-heading\" style=\"font-size:64px\">Merci d&rsquo;avoir pris contact avec nous<\/h2>\n\n\n\n<p>Nous avons h\u00e2te de discuter avec vous ! L&rsquo;un de nos experts vous contactera bient\u00f4t <br class=\"d-none d-lg-block\"> pour d\u00e9finir les prochaines \u00e9tapes.<\/p>\n<\/div><\/div>\n\n\n\n<\/div>\n\n\n\n<div style=\"height:100px\" aria-hidden=\"true\" class=\"wp-block-spacer\"><\/div>\n\n\n\n<\/div>\n\n\n\n<\/div>\n\n\n\n<div style=\"background:#fff\">\n\n\n\n<div style=\"height:100px\" aria-hidden=\"true\" class=\"wp-block-spacer\"><\/div>\n\n\n\n<\/div>\n","protected":false},"excerpt":{"rendered":"<p>Votre demande a bien \u00e9t\u00e9 re\u00e7ue Merci d&rsquo;avoir pris contact avec nous Nous avons h\u00e2te de discuter avec vous ! L&rsquo;un de nos experts vous contactera bient\u00f4t pour d\u00e9finir les prochaines \u00e9tapes.<\/p>\n","protected":false},"author":13,"featured_media":0,"parent":0,"menu_order":0,"comment_status":"closed","ping_status":"closed","template":"page-templates\/blank.php","meta":{"_acf_changed":false,"_eb_attr":"","inline_featured_image":false,"_uag_custom_page_level_css":"","footnotes":""},"class_list":["post-5656","page","type-page","status-publish","hentry"],"acf":[],"yoast_head":"<!-- This site is optimized with the Yoast SEO plugin v26.9 - https:\/\/yoast.com\/product\/yoast-seo-wordpress\/ -->\n<title>Merci d&#039;avoir pris contact avec nous - SoPost<\/title>\n<meta name=\"robots\" content=\"index, follow, max-snippet:-1, max-image-preview:large, max-video-preview:-1\" \/>\n<link rel=\"canonical\" href=\"https:\/\/sopost.com\/fr\/merci-davoir-pris-contact\/\" \/>\n<meta property=\"og:locale\" content=\"fr_FR\" \/>\n<meta property=\"og:type\" content=\"article\" \/>\n<meta property=\"og:title\" content=\"Merci d&#039;avoir pris contact avec nous - SoPost\" \/>\n<meta property=\"og:description\" content=\"Votre demande a bien \u00e9t\u00e9 re\u00e7ue Merci d&rsquo;avoir pris contact avec nous Nous avons h\u00e2te de discuter avec vous ! L&rsquo;un de nos experts vous contactera bient\u00f4t pour d\u00e9finir les prochaines \u00e9tapes.\" \/>\n<meta property=\"og:url\" content=\"https:\/\/sopost.com\/fr\/merci-davoir-pris-contact\/\" \/>\n<meta property=\"og:site_name\" content=\"SoPost\" \/>\n<meta property=\"article:modified_time\" content=\"2023-03-15T15:29:12+00:00\" \/>\n<meta name=\"twitter:card\" content=\"summary_large_image\" \/>\n<meta name=\"twitter:label1\" content=\"Est. reading time\" \/>\n\t<meta name=\"twitter:data1\" content=\"1 minute\" \/>\n<script type=\"application\/ld+json\" class=\"yoast-schema-graph\">{\"@context\":\"https:\/\/schema.org\",\"@graph\":[{\"@type\":\"WebPage\",\"@id\":\"https:\/\/sopost.com\/fr\/merci-davoir-pris-contact\/\",\"url\":\"https:\/\/sopost.com\/fr\/merci-davoir-pris-contact\/\",\"name\":\"Merci d'avoir pris contact avec nous - SoPost\",\"isPartOf\":{\"@id\":\"https:\/\/sopost.com\/#website\"},\"datePublished\":\"2022-08-11T11:13:19+00:00\",\"dateModified\":\"2023-03-15T15:29:12+00:00\",\"breadcrumb\":{\"@id\":\"https:\/\/sopost.com\/fr\/merci-davoir-pris-contact\/#breadcrumb\"},\"inLanguage\":\"fr-FR\",\"potentialAction\":[{\"@type\":\"ReadAction\",\"target\":[\"https:\/\/sopost.com\/fr\/merci-davoir-pris-contact\/\"]}]},{\"@type\":\"BreadcrumbList\",\"@id\":\"https:\/\/sopost.com\/fr\/merci-davoir-pris-contact\/#breadcrumb\",\"itemListElement\":[{\"@type\":\"ListItem\",\"position\":1,\"name\":\"Home\",\"item\":\"https:\/\/sopost.com\/fr\/\"},{\"@type\":\"ListItem\",\"position\":2,\"name\":\"Merci d&rsquo;avoir pris contact avec nous\"}]},{\"@type\":\"WebSite\",\"@id\":\"https:\/\/sopost.com\/#website\",\"url\":\"https:\/\/sopost.com\/\",\"name\":\"SoPost\",\"description\":\"\",\"potentialAction\":[{\"@type\":\"SearchAction\",\"target\":{\"@type\":\"EntryPoint\",\"urlTemplate\":\"https:\/\/sopost.com\/?s={search_term_string}\"},\"query-input\":{\"@type\":\"PropertyValueSpecification\",\"valueRequired\":true,\"valueName\":\"search_term_string\"}}],\"inLanguage\":\"fr-FR\"}]}<\/script>\n<!-- \/ Yoast SEO plugin. -->","yoast_head_json":{"title":"Merci d'avoir pris contact avec nous - SoPost","robots":{"index":"index","follow":"follow","max-snippet":"max-snippet:-1","max-image-preview":"max-image-preview:large","max-video-preview":"max-video-preview:-1"},"canonical":"https:\/\/sopost.com\/fr\/merci-davoir-pris-contact\/","og_locale":"fr_FR","og_type":"article","og_title":"Merci d'avoir pris contact avec nous - SoPost","og_description":"Votre demande a bien \u00e9t\u00e9 re\u00e7ue Merci d&rsquo;avoir pris contact avec nous Nous avons h\u00e2te de discuter avec vous ! L&rsquo;un de nos experts vous contactera bient\u00f4t pour d\u00e9finir les prochaines \u00e9tapes.","og_url":"https:\/\/sopost.com\/fr\/merci-davoir-pris-contact\/","og_site_name":"SoPost","article_modified_time":"2023-03-15T15:29:12+00:00","twitter_card":"summary_large_image","twitter_misc":{"Est. reading time":"1 minute"},"schema":{"@context":"https:\/\/schema.org","@graph":[{"@type":"WebPage","@id":"https:\/\/sopost.com\/fr\/merci-davoir-pris-contact\/","url":"https:\/\/sopost.com\/fr\/merci-davoir-pris-contact\/","name":"Merci d'avoir pris contact avec nous - SoPost","isPartOf":{"@id":"https:\/\/sopost.com\/#website"},"datePublished":"2022-08-11T11:13:19+00:00","dateModified":"2023-03-15T15:29:12+00:00","breadcrumb":{"@id":"https:\/\/sopost.com\/fr\/merci-davoir-pris-contact\/#breadcrumb"},"inLanguage":"fr-FR","potentialAction":[{"@type":"ReadAction","target":["https:\/\/sopost.com\/fr\/merci-davoir-pris-contact\/"]}]},{"@type":"BreadcrumbList","@id":"https:\/\/sopost.com\/fr\/merci-davoir-pris-contact\/#breadcrumb","itemListElement":[{"@type":"ListItem","position":1,"name":"Home","item":"https:\/\/sopost.com\/fr\/"},{"@type":"ListItem","position":2,"name":"Merci d&rsquo;avoir pris contact avec nous"}]},{"@type":"WebSite","@id":"https:\/\/sopost.com\/#website","url":"https:\/\/sopost.com\/","name":"SoPost","description":"","potentialAction":[{"@type":"SearchAction","target":{"@type":"EntryPoint","urlTemplate":"https:\/\/sopost.com\/?s={search_term_string}"},"query-input":{"@type":"PropertyValueSpecification","valueRequired":true,"valueName":"search_term_string"}}],"inLanguage":"fr-FR"}]}},"uagb_featured_image_src":{"full":false,"thumbnail":false,"medium":false,"medium_large":false,"large":false,"1536x1536":false,"2048x2048":false},"uagb_author_info":{"display_name":"Scott Hewitson","author_link":"https:\/\/sopost.com\/fr\/blog\/author\/shewitson\/"},"uagb_comment_info":0,"uagb_excerpt":"Votre demande a bien \u00e9t\u00e9 re\u00e7ue Merci d&rsquo;avoir pris contact avec nous Nous avons h\u00e2te de discuter avec vous ! L&rsquo;un de nos experts vous contactera bient\u00f4t pour d\u00e9finir les prochaines \u00e9tapes.","_links":{"self":[{"href":"https:\/\/sopost.com\/fr\/wp-json\/wp\/v2\/pages\/5656","targetHints":{"allow":["GET"]}}],"collection":[{"href":"https:\/\/sopost.com\/fr\/wp-json\/wp\/v2\/pages"}],"about":[{"href":"https:\/\/sopost.com\/fr\/wp-json\/wp\/v2\/types\/page"}],"author":[{"embeddable":true,"href":"https:\/\/sopost.com\/fr\/wp-json\/wp\/v2\/users\/13"}],"replies":[{"embeddable":true,"href":"https:\/\/sopost.com\/fr\/wp-json\/wp\/v2\/comments?post=5656"}],"version-history":[{"count":5,"href":"https:\/\/sopost.com\/fr\/wp-json\/wp\/v2\/pages\/5656\/revisions"}],"predecessor-version":[{"id":5662,"href":"https:\/\/sopost.com\/fr\/wp-json\/wp\/v2\/pages\/5656\/revisions\/5662"}],"wp:attachment":[{"href":"https:\/\/sopost.com\/fr\/wp-json\/wp\/v2\/media?parent=5656"}],"curies":[{"name":"wp","href":"https:\/\/api.w.org\/{rel}","templated":true}]}}